{"id":445,"date":"2022-09-16T08:35:37","date_gmt":"2022-09-16T08:35:37","guid":{"rendered":"https:\/\/csgocasesimulator.com\/home-page\/"},"modified":"2025-09-23T11:03:30","modified_gmt":"2025-09-23T11:03:30","slug":"home-page","status":"publish","type":"page","link":"https:\/\/csgocasesimulator.com\/tr\/","title":{"rendered":"Home Page"},"content":{"rendered":"","protected":false},"excerpt":{"rendered":"","protected":false},"author":1,"featured_media":0,"parent":0,"menu_order":0,"comment_status":"closed","ping_status":"closed","template":"templates\/home-template.php","meta":{"_acf_changed":false,"footnotes":""},"class_list":["post-445","page","type-page","status-publish","hentry"],"acf":[],"yoast_head":"<!-- This site is optimized with the Yoast SEO plugin v26.3 - https:\/\/yoast.com\/wordpress\/plugins\/seo\/ -->\n<title>CS2 (CS:GO) Kasa A\u00e7ma Sim\u00fclat\u00f6r\u00fc: CS2 Kasa A\u00e7\u0131c\u0131 Uygulamas\u0131n\u0131 Edinin<\/title>\n<meta name=\"description\" content=\"Nadir skin&#039;leri a\u00e7mak i\u00e7in CS2 (CS:GO) kasa a\u00e7ma sim\u00fclat\u00f6r\u00fcm\u00fcz\u00fc kullan\u0131n. En iyi CS2 kasa a\u00e7ma uygulamas\u0131n\u0131 indirin ve en heyecanl\u0131 kasa a\u00e7ma oyununu oynamaya ba\u015flay\u0131n.\" \/>\n<meta name=\"robots\" content=\"index, follow, max-snippet:-1, max-image-preview:large, max-video-preview:-1\" \/>\n<link rel=\"canonical\" href=\"https:\/\/csgocasesimulator.com\/tr\/\" \/>\n<meta property=\"og:locale\" content=\"tr_TR\" \/>\n<meta property=\"og:type\" content=\"article\" \/>\n<meta property=\"og:title\" content=\"CS2 (CS:GO) Kasa A\u00e7ma Sim\u00fclat\u00f6r\u00fc: CS2 Kasa A\u00e7\u0131c\u0131 Uygulamas\u0131n\u0131 Edinin\" \/>\n<meta property=\"og:description\" content=\"Nadir skin&#039;leri a\u00e7mak i\u00e7in CS2 (CS:GO) kasa a\u00e7ma sim\u00fclat\u00f6r\u00fcm\u00fcz\u00fc kullan\u0131n. En iyi CS2 kasa a\u00e7ma uygulamas\u0131n\u0131 indirin ve en heyecanl\u0131 kasa a\u00e7ma oyununu oynamaya ba\u015flay\u0131n.\" \/>\n<meta property=\"og:url\" content=\"https:\/\/csgocasesimulator.com\/tr\/\" \/>\n<meta property=\"og:site_name\" content=\"CS2 Case Simulator\" \/>\n<meta property=\"article:modified_time\" content=\"2025-09-23T11:03:30+00:00\" \/>\n<meta name=\"twitter:card\" content=\"summary_large_image\" \/>\n<script type=\"application\/ld+json\" class=\"yoast-schema-graph\">{\"@context\":\"https:\/\/schema.org\",\"@graph\":[{\"@type\":\"WebPage\",\"@id\":\"https:\/\/csgocasesimulator.com\/tr\/\",\"url\":\"https:\/\/csgocasesimulator.com\/tr\/\",\"name\":\"CS2 (CS:GO) Kasa A\u00e7ma Sim\u00fclat\u00f6r\u00fc: CS2 Kasa A\u00e7\u0131c\u0131 Uygulamas\u0131n\u0131 Edinin\",\"isPartOf\":{\"@id\":\"https:\/\/csgocasesimulator.com\/#website\"},\"datePublished\":\"2022-09-16T08:35:37+00:00\",\"dateModified\":\"2025-09-23T11:03:30+00:00\",\"description\":\"Nadir skin'leri a\u00e7mak i\u00e7in CS2 (CS:GO) kasa a\u00e7ma sim\u00fclat\u00f6r\u00fcm\u00fcz\u00fc kullan\u0131n. En iyi CS2 kasa a\u00e7ma uygulamas\u0131n\u0131 indirin ve en heyecanl\u0131 kasa a\u00e7ma oyununu oynamaya ba\u015flay\u0131n.\",\"breadcrumb\":{\"@id\":\"https:\/\/csgocasesimulator.com\/tr\/#breadcrumb\"},\"inLanguage\":\"tr\",\"potentialAction\":[{\"@type\":\"ReadAction\",\"target\":[\"https:\/\/csgocasesimulator.com\/tr\/\"]}]},{\"@type\":\"BreadcrumbList\",\"@id\":\"https:\/\/csgocasesimulator.com\/tr\/#breadcrumb\",\"itemListElement\":[{\"@type\":\"ListItem\",\"position\":1,\"name\":\"Home\",\"item\":\"https:\/\/csgocasesimulator.com\/tr\/\"},{\"@type\":\"ListItem\",\"position\":2,\"name\":\"Home Page\"}]},{\"@type\":\"WebSite\",\"@id\":\"https:\/\/csgocasesimulator.com\/#website\",\"url\":\"https:\/\/csgocasesimulator.com\/\",\"name\":\"CS2 Case Simulator\",\"description\":\"CS2 Case Simulator\",\"potentialAction\":[{\"@type\":\"SearchAction\",\"target\":{\"@type\":\"EntryPoint\",\"urlTemplate\":\"https:\/\/csgocasesimulator.com\/?s={search_term_string}\"},\"query-input\":{\"@type\":\"PropertyValueSpecification\",\"valueRequired\":true,\"valueName\":\"search_term_string\"}}],\"inLanguage\":\"tr\"}]}<\/script>\n<!-- \/ Yoast SEO plugin. -->","yoast_head_json":{"title":"CS2 (CS:GO) Kasa A\u00e7ma Sim\u00fclat\u00f6r\u00fc: CS2 Kasa A\u00e7\u0131c\u0131 Uygulamas\u0131n\u0131 Edinin","description":"Nadir skin'leri a\u00e7mak i\u00e7in CS2 (CS:GO) kasa a\u00e7ma sim\u00fclat\u00f6r\u00fcm\u00fcz\u00fc kullan\u0131n. En iyi CS2 kasa a\u00e7ma uygulamas\u0131n\u0131 indirin ve en heyecanl\u0131 kasa a\u00e7ma oyununu oynamaya ba\u015flay\u0131n.","robots":{"index":"index","follow":"follow","max-snippet":"max-snippet:-1","max-image-preview":"max-image-preview:large","max-video-preview":"max-video-preview:-1"},"canonical":"https:\/\/csgocasesimulator.com\/tr\/","og_locale":"tr_TR","og_type":"article","og_title":"CS2 (CS:GO) Kasa A\u00e7ma Sim\u00fclat\u00f6r\u00fc: CS2 Kasa A\u00e7\u0131c\u0131 Uygulamas\u0131n\u0131 Edinin","og_description":"Nadir skin'leri a\u00e7mak i\u00e7in CS2 (CS:GO) kasa a\u00e7ma sim\u00fclat\u00f6r\u00fcm\u00fcz\u00fc kullan\u0131n. En iyi CS2 kasa a\u00e7ma uygulamas\u0131n\u0131 indirin ve en heyecanl\u0131 kasa a\u00e7ma oyununu oynamaya ba\u015flay\u0131n.","og_url":"https:\/\/csgocasesimulator.com\/tr\/","og_site_name":"CS2 Case Simulator","article_modified_time":"2025-09-23T11:03:30+00:00","twitter_card":"summary_large_image","schema":{"@context":"https:\/\/schema.org","@graph":[{"@type":"WebPage","@id":"https:\/\/csgocasesimulator.com\/tr\/","url":"https:\/\/csgocasesimulator.com\/tr\/","name":"CS2 (CS:GO) Kasa A\u00e7ma Sim\u00fclat\u00f6r\u00fc: CS2 Kasa A\u00e7\u0131c\u0131 Uygulamas\u0131n\u0131 Edinin","isPartOf":{"@id":"https:\/\/csgocasesimulator.com\/#website"},"datePublished":"2022-09-16T08:35:37+00:00","dateModified":"2025-09-23T11:03:30+00:00","description":"Nadir skin'leri a\u00e7mak i\u00e7in CS2 (CS:GO) kasa a\u00e7ma sim\u00fclat\u00f6r\u00fcm\u00fcz\u00fc kullan\u0131n. En iyi CS2 kasa a\u00e7ma uygulamas\u0131n\u0131 indirin ve en heyecanl\u0131 kasa a\u00e7ma oyununu oynamaya ba\u015flay\u0131n.","breadcrumb":{"@id":"https:\/\/csgocasesimulator.com\/tr\/#breadcrumb"},"inLanguage":"tr","potentialAction":[{"@type":"ReadAction","target":["https:\/\/csgocasesimulator.com\/tr\/"]}]},{"@type":"BreadcrumbList","@id":"https:\/\/csgocasesimulator.com\/tr\/#breadcrumb","itemListElement":[{"@type":"ListItem","position":1,"name":"Home","item":"https:\/\/csgocasesimulator.com\/tr\/"},{"@type":"ListItem","position":2,"name":"Home Page"}]},{"@type":"WebSite","@id":"https:\/\/csgocasesimulator.com\/#website","url":"https:\/\/csgocasesimulator.com\/","name":"CS2 Case Simulator","description":"CS2 Case Simulator","potentialAction":[{"@type":"SearchAction","target":{"@type":"EntryPoint","urlTemplate":"https:\/\/csgocasesimulator.com\/?s={search_term_string}"},"query-input":{"@type":"PropertyValueSpecification","valueRequired":true,"valueName":"search_term_string"}}],"inLanguage":"tr"}]}},"_links":{"self":[{"href":"https:\/\/csgocasesimulator.com\/tr\/wp-json\/wp\/v2\/pages\/445","targetHints":{"allow":["GET"]}}],"collection":[{"href":"https:\/\/csgocasesimulator.com\/tr\/wp-json\/wp\/v2\/pages"}],"about":[{"href":"https:\/\/csgocasesimulator.com\/tr\/wp-json\/wp\/v2\/types\/page"}],"author":[{"embeddable":true,"href":"https:\/\/csgocasesimulator.com\/tr\/wp-json\/wp\/v2\/users\/1"}],"replies":[{"embeddable":true,"href":"https:\/\/csgocasesimulator.com\/tr\/wp-json\/wp\/v2\/comments?post=445"}],"version-history":[{"count":2,"href":"https:\/\/csgocasesimulator.com\/tr\/wp-json\/wp\/v2\/pages\/445\/revisions"}],"predecessor-version":[{"id":448,"href":"https:\/\/csgocasesimulator.com\/tr\/wp-json\/wp\/v2\/pages\/445\/revisions\/448"}],"wp:attachment":[{"href":"https:\/\/csgocasesimulator.com\/tr\/wp-json\/wp\/v2\/media?parent=445"}],"curies":[{"name":"wp","href":"https:\/\/api.w.org\/{rel}","templated":true}]}}