{"id":413,"date":"2022-09-18T13:43:11","date_gmt":"2022-09-18T13:43:11","guid":{"rendered":"https:\/\/csgocasesimulator.com\/case-simulator\/"},"modified":"2025-09-23T08:10:43","modified_gmt":"2025-09-23T08:10:43","slug":"case-simulator","status":"publish","type":"page","link":"https:\/\/csgocasesimulator.com\/tr\/case-simulator\/","title":{"rendered":"Case Simulator"},"content":{"rendered":"<h2><strong>CS2 (CS:GO) Online Kasa Sim\u00fclat\u00f6r\u00fc Nedir?<\/strong><\/h2>\n<p data-start=\"107\" data-end=\"453\">CS2 (CS:GO) kasa a\u00e7ma sim\u00fclat\u00f6r\u00fc, resmi oyundaki kasa a\u00e7ma s\u00fcrecini sim\u00fcle eden sanal bir ara\u00e7t\u0131r. Sim\u00fclat\u00f6r ile ger\u00e7ek kasa a\u00e7ma aras\u0131ndaki ana fark, oyuncunun yat\u0131r\u0131m yapmamas\u0131, ancak ayn\u0131 zamanda ald\u0131\u011f\u0131 skin&#8217;i y\u00f6netememesidir. Bu, e\u011flence ama\u00e7l\u0131, kasa a\u00e7ma stratejilerini test etmek ve olas\u0131l\u0131klar\u0131 anlamak i\u00e7in olu\u015fturulmu\u015f bir sim\u00fclasyondur.<\/p>\n<p data-start=\"455\" data-end=\"615\">Online sim\u00fclat\u00f6rler, CS2 toplulu\u011funda \u00e7ok pop\u00fclerdir \u00e7\u00fcnk\u00fc oyunculara e\u011flenme f\u0131rsat\u0131 sunar ve ger\u00e7ek kasalara yat\u0131r\u0131m yap\u0131p yapmamaya karar verme imk\u00e2n\u0131 tan\u0131r.<\/p>\n<h2 data-start=\"617\" data-end=\"664\"><strong data-start=\"617\" data-end=\"664\">\u00dccretsiz CS2 Kasa Sim\u00fclat\u00f6r\u00fc Nas\u0131l \u00c7al\u0131\u015f\u0131r?<\/strong><\/h2>\n<p data-start=\"666\" data-end=\"1086\">\u00dccretsiz CS2 (CS:GO) kasa a\u00e7ma sim\u00fclat\u00f6r\u00fcn\u00fc kullanmak olduk\u00e7a basittir, sadece birka\u00e7 ad\u0131m atman\u0131z yeterlidir. \u0130lk olarak, mevcut koleksiyonlardan bir kasa se\u00e7meniz gerekir. \u0130stedi\u011finiz herhangi bir kasay\u0131 se\u00e7ebilirsiniz. Ard\u0131ndan, &#8220;A\u00e7&#8221; butonuna t\u0131klay\u0131n. Bundan sonra, iste\u011fe ba\u011fl\u0131 olarak ge\u00e7ebilece\u011finiz k\u0131sa bir animasyon izleyeceksiniz. Birka\u00e7 saniye sonra, a\u00e7t\u0131\u011f\u0131n\u0131z kasadan d\u00fc\u015fen skin&#8217;i ve kalitesini g\u00f6receksiniz.<\/p>\n<p data-start=\"1088\" data-end=\"1174\">\u00dccretsiz kasa a\u00e7ma i\u015flemi tekrar edilebilir veya istenirse ba\u015fka bir kasa se\u00e7ilebilir.<\/p>\n<h2 data-start=\"1176\" data-end=\"1239\"><strong data-start=\"1176\" data-end=\"1239\">\u00dccretsiz CS2 (CS:GO) Kasa A\u00e7ma Sim\u00fclat\u00f6r\u00fc Neden Kullan\u0131l\u0131r?<\/strong><\/h2>\n<p data-start=\"1241\" data-end=\"1494\">Yat\u0131r\u0131m yapmay\u0131 gerektirmeyen bir CS2 (CS:GO) online kasa a\u00e7\u0131c\u0131, ger\u00e7ek kasalar\u0131 a\u00e7madan \u00f6nce pratik yapma f\u0131rsat\u0131 sunar, \u00f6zellikle bu mekanizmaya yabanc\u0131 olan veya farkl\u0131 kasalar\u0131 a\u00e7mada s\u0131n\u0131rl\u0131 deneyimi olan yeni ba\u015flayanlar i\u00e7in harika bir f\u0131rsatt\u0131r.<\/p>\n<p data-start=\"1496\" data-end=\"1711\">Online CS2 (CS:GO) kasa a\u00e7\u0131c\u0131 sayesinde sadece t\u00fcm s\u00fcreci deneyimlemekle kalmaz, ayn\u0131 zamanda sonu\u00e7lar\u0131n ne kadar \u00f6ng\u00f6r\u00fclemez olabilece\u011fini ve ger\u00e7ek parayla kasa a\u00e7man\u0131n ne kadar mant\u0131kl\u0131 oldu\u011funu anlayabilirsiniz.<\/p>\n<p data-start=\"1713\" data-end=\"2039\">Ayr\u0131ca, kasalar\u0131n i\u00e7eri\u011fini daha yak\u0131ndan \u00f6\u011frenmek, nadir ve de\u011ferli skin&#8217;lerle tan\u0131\u015fmak i\u00e7in harika bir f\u0131rsatt\u0131r. Daha \u00f6nce herhangi bir duygu uyand\u0131rmayan skin&#8217;lere farkl\u0131 bir bak\u0131\u015f a\u00e7\u0131s\u0131 geli\u015ftirebilirsiniz. Belki de burada, gelecekte sat\u0131n almay\u0131 hedefleyece\u011finiz bir skin bulursunuz ve bu size b\u00fcy\u00fck bir ilham verebilir!<\/p>\n<h2 data-start=\"2041\" data-end=\"2076\"><strong data-start=\"2041\" data-end=\"2076\">A\u00e7\u0131labilen CS2 Kasalar\u0131 T\u00fcrleri<\/strong><\/h2>\n<p data-start=\"2078\" data-end=\"2395\">\u00dccretsiz CS2 kasa a\u00e7ma sim\u00fclat\u00f6r\u00fcnde oyuncular, eski ve yeni kasalar\u0131 a\u00e7abilir. Bunlar aras\u0131nda Recoil, Falchion, Dreams &amp; Nightmares ve Revolution gibi kasalar bulunmaktad\u0131r. Her kasa, benzersiz bir skin setine sahiptir ve online sim\u00fclat\u00f6r, bunlar\u0131n tamam\u0131nda \u015fans\u0131n\u0131z\u0131 denemenizi sa\u011flar, hi\u00e7bir maliyet gerektirmez.<\/p>\n<p data-start=\"2397\" data-end=\"2405\"><em>\u00d6rne\u011fin:<\/em><\/p>\n<ul data-start=\"2407\" data-end=\"2975\">\n<li data-start=\"2407\" data-end=\"2532\">\n<p data-start=\"2409\" data-end=\"2532\"><strong data-start=\"2409\" data-end=\"2424\">Recoil Case<\/strong> \u2014 USP-S | Printstream, AWP | Chromatic Aberration ve AK-47 | Ice Coaled gibi eldivenler ve skin&#8217;ler i\u00e7erir.<\/p>\n<\/li>\n<li data-start=\"2407\" data-end=\"2532\">\n<p data-start=\"2409\" data-end=\"2532\"><strong data-start=\"2535\" data-end=\"2552\">Falchion Case<\/strong> \u2014 Bir b\u0131\u00e7ak veya de\u011ferli skin&#8217;ler elde etme \u015fans\u0131 sunar, bunlar aras\u0131nda AWP | Hyper Beast ve AK-47 | Aquamarine Revenge bulunur.<\/p>\n<\/li>\n<li data-start=\"2683\" data-end=\"2832\">\n<p data-start=\"2685\" data-end=\"2832\"><strong data-start=\"2685\" data-end=\"2704\">Revolution Case<\/strong> \u2014 Eldivenler ve parlak skin&#8217;ler i\u00e7erir, bunlar aras\u0131nda M4A4 | Temukau, AK-47 | Head Shot ve UMP-45 | Wild Child bulunmaktad\u0131r.<\/p>\n<\/li>\n<li data-start=\"2833\" data-end=\"2975\">\n<p data-start=\"2835\" data-end=\"2975\"><strong data-start=\"2835\" data-end=\"2863\">Dreams &amp; Nightmares Case<\/strong> \u2014 AK-47 | Nightwish ve MP9 | Starlight Protector gibi skin&#8217;ler i\u00e7erir, ayr\u0131ca bir b\u0131\u00e7ak elde etme \u015fans\u0131 vard\u0131r.<\/p>\n<\/li>\n<\/ul>\n<p data-start=\"2977\" data-end=\"3105\">Ba\u015farmaya de\u011fer bir \u015feyler var ve \u00fccretsiz CS2 (CS:GO) kasa a\u00e7ma sim\u00fclat\u00f6r\u00fc, hayalinizdeki skin&#8217;i kazanman\u0131za yard\u0131mc\u0131 olabilir!<\/p>\n<h2 data-start=\"3107\" data-end=\"3160\"><strong data-start=\"3107\" data-end=\"3160\">Online Sim\u00fclat\u00f6rlerdeki \u015eanslar ve D\u00fc\u015f\u00fc\u015f Oranlar\u0131<\/strong><\/h2>\n<p data-start=\"3162\" data-end=\"3281\">\u00dccretsiz CS2 kasa a\u00e7ma sim\u00fclat\u00f6r\u00fc, ger\u00e7ek d\u00fcnyadaki kasa a\u00e7ma oranlar\u0131yla ayn\u0131 \u015fanslar\u0131 kullan\u0131r.<\/p>\n<p data-start=\"3162\" data-end=\"3281\"><em>Bu nedenle, \u015fans\u0131n\u0131z:<\/em><\/p>\n<ul data-start=\"3283\" data-end=\"3451\">\n<li data-start=\"3283\" data-end=\"3317\">\n<p data-start=\"3285\" data-end=\"3317\"><strong data-start=\"3285\" data-end=\"3310\">Covert nadirlik skini<\/strong>: %0.64<\/p>\n<\/li>\n<li data-start=\"3318\" data-end=\"3355\">\n<p data-start=\"3320\" data-end=\"3355\"><strong data-start=\"3320\" data-end=\"3349\">Classified nadirlik skini<\/strong>: %3.2<\/p>\n<\/li>\n<li data-start=\"3356\" data-end=\"3395\">\n<p data-start=\"3358\" data-end=\"3395\"><strong data-start=\"3358\" data-end=\"3387\">Restricted nadirlik skini<\/strong>: %15.98<\/p>\n<\/li>\n<li data-start=\"3396\" data-end=\"3451\">\n<p data-start=\"3398\" data-end=\"3451\"><strong data-start=\"3398\" data-end=\"3443\">Mil-Spec nadirlik skini (en eri\u015filebilir)<\/strong>: %79.92<\/p>\n<\/li>\n<\/ul>\n<p data-start=\"3453\" data-end=\"3670\">\u00dccretsiz kasa a\u00e7\u0131c\u0131 ayr\u0131ca StatTrak sayac\u0131 ve skin&#8217;lerin kalitesini (Battle-Scarred&#8217;dan Factory New&#8217;a kadar) modellemektedir. Bu sayede kullan\u0131c\u0131, ger\u00e7ek parayla kasa a\u00e7madan kasa a\u00e7man\u0131n en ger\u00e7ek\u00e7i deneyimini ya\u015far.<\/p>\n<p data-start=\"3672\" data-end=\"3748\">Bu arada, kasa i\u00e7inden al\u0131nacak ilk iki skin i\u00e7in %10 indirim bulunmaktad\u0131r.<\/p>\n<h2 data-start=\"3750\" data-end=\"3803\"><strong data-start=\"3750\" data-end=\"3803\">\u015eimdi \u00dccretsiz CS2 Kasa A\u00e7ma Sim\u00fclat\u00f6r\u00fcn\u00fc Deneyin<\/strong><\/h2>\n<p data-start=\"3805\" data-end=\"3986\">CS2&#8217;deki kasalar, oyuncular\u0131 skin \u00e7e\u015fitlili\u011fiyle b\u00fcy\u00fcler ve muhtemelen hayalinizdeki bir kasa veya skin&#8217;e sahipsinizdir. \u00dccretsiz CS2 kasa sim\u00fclat\u00f6r\u00fcn\u00fc kullanarak \u015fans\u0131n\u0131z\u0131 deneyin!<\/p>\n<p data-start=\"3988\" data-end=\"4228\">G\u00fcvenli ve heyecan verici bir \u00fccretsiz kasa sim\u00fclat\u00f6r\u00fc, de\u011ferli skin koleksiyonunuza rehberlik edebilir. Kasalar\u0131 a\u00e7\u0131n ve sonu\u00e7lar\u0131 arkada\u015flar\u0131n\u0131zla payla\u015f\u0131n, \u00e7\u00fcnk\u00fc birlikte rekabet etmek ve yeni oyun sonu\u00e7lar\u0131 elde etmek daha e\u011flencelidir!<\/p>\n","protected":false},"excerpt":{"rendered":"<p>CS2 (CS:GO) Online Kasa Sim\u00fclat\u00f6r\u00fc Nedir? CS2 (CS:GO) kasa a\u00e7ma sim\u00fclat\u00f6r\u00fc, resmi oyundaki kasa a\u00e7ma s\u00fcrecini sim\u00fcle eden sanal bir ara\u00e7t\u0131r. Sim\u00fclat\u00f6r ile ger\u00e7ek kasa a\u00e7ma aras\u0131ndaki ana fark, oyuncunun yat\u0131r\u0131m yapmamas\u0131, ancak ayn\u0131 zamanda ald\u0131\u011f\u0131 skin&#8217;i y\u00f6netememesidir. Bu, e\u011flence ama\u00e7l\u0131, kasa a\u00e7ma stratejilerini test etmek ve olas\u0131l\u0131klar\u0131 anlamak i\u00e7in olu\u015fturulmu\u015f bir sim\u00fclasyondur. Online sim\u00fclat\u00f6rler, [&hellip;]<\/p>\n","protected":false},"author":1,"featured_media":0,"parent":0,"menu_order":0,"comment_status":"closed","ping_status":"closed","template":"templates\/features-template.php","meta":{"_acf_changed":false,"footnotes":""},"class_list":["post-413","page","type-page","status-publish","hentry"],"acf":[],"yoast_head":"<!-- This site is optimized with the Yoast SEO plugin v26.3 - https:\/\/yoast.com\/wordpress\/plugins\/seo\/ -->\n<title>CS2 (CS:GO) Kasa A\u00e7ma Sim\u00fclat\u00f6r\u00fc Online: \u00dccretsiz Kasa A\u00e7\u0131c\u0131<\/title>\n<meta name=\"description\" content=\"En iyi CS2 (CS:GO) kasa a\u00e7ma sim\u00fclat\u00f6r\u00fcn\u00fc online deneyin. Ger\u00e7ek d\u00fc\u015f\u00fc\u015f oranlar\u0131yla \u00e7al\u0131\u015fan \u00fccretsiz kasa a\u00e7\u0131c\u0131, indirme veya kay\u0131t gerektirmez. \u015eimdi a\u00e7\u0131n!\" \/>\n<meta name=\"robots\" content=\"index, follow, max-snippet:-1, max-image-preview:large, max-video-preview:-1\" \/>\n<link rel=\"canonical\" href=\"https:\/\/csgocasesimulator.com\/tr\/case-simulator\/\" \/>\n<meta property=\"og:locale\" content=\"tr_TR\" \/>\n<meta property=\"og:type\" content=\"article\" \/>\n<meta property=\"og:title\" content=\"CS2 (CS:GO) Kasa A\u00e7ma Sim\u00fclat\u00f6r\u00fc Online: \u00dccretsiz Kasa A\u00e7\u0131c\u0131\" \/>\n<meta property=\"og:description\" content=\"En iyi CS2 (CS:GO) kasa a\u00e7ma sim\u00fclat\u00f6r\u00fcn\u00fc online deneyin. Ger\u00e7ek d\u00fc\u015f\u00fc\u015f oranlar\u0131yla \u00e7al\u0131\u015fan \u00fccretsiz kasa a\u00e7\u0131c\u0131, indirme veya kay\u0131t gerektirmez. \u015eimdi a\u00e7\u0131n!\" \/>\n<meta property=\"og:url\" content=\"https:\/\/csgocasesimulator.com\/tr\/case-simulator\/\" \/>\n<meta property=\"og:site_name\" content=\"CS2 Case Simulator\" \/>\n<meta property=\"article:modified_time\" content=\"2025-09-23T08:10:43+00:00\" \/>\n<meta name=\"twitter:card\" content=\"summary_large_image\" \/>\n<meta name=\"twitter:label1\" content=\"Est. reading time\" \/>\n\t<meta name=\"twitter:data1\" content=\"3 dakika\" \/>\n<script type=\"application\/ld+json\" class=\"yoast-schema-graph\">{\"@context\":\"https:\/\/schema.org\",\"@graph\":[{\"@type\":\"WebPage\",\"@id\":\"https:\/\/csgocasesimulator.com\/tr\/case-simulator\/\",\"url\":\"https:\/\/csgocasesimulator.com\/tr\/case-simulator\/\",\"name\":\"CS2 (CS:GO) Kasa A\u00e7ma Sim\u00fclat\u00f6r\u00fc Online: \u00dccretsiz Kasa A\u00e7\u0131c\u0131\",\"isPartOf\":{\"@id\":\"https:\/\/csgocasesimulator.com\/#website\"},\"datePublished\":\"2022-09-18T13:43:11+00:00\",\"dateModified\":\"2025-09-23T08:10:43+00:00\",\"description\":\"En iyi CS2 (CS:GO) kasa a\u00e7ma sim\u00fclat\u00f6r\u00fcn\u00fc online deneyin. Ger\u00e7ek d\u00fc\u015f\u00fc\u015f oranlar\u0131yla \u00e7al\u0131\u015fan \u00fccretsiz kasa a\u00e7\u0131c\u0131, indirme veya kay\u0131t gerektirmez. \u015eimdi a\u00e7\u0131n!\",\"breadcrumb\":{\"@id\":\"https:\/\/csgocasesimulator.com\/tr\/case-simulator\/#breadcrumb\"},\"inLanguage\":\"tr\",\"potentialAction\":[{\"@type\":\"ReadAction\",\"target\":[\"https:\/\/csgocasesimulator.com\/tr\/case-simulator\/\"]}]},{\"@type\":\"BreadcrumbList\",\"@id\":\"https:\/\/csgocasesimulator.com\/tr\/case-simulator\/#breadcrumb\",\"itemListElement\":[{\"@type\":\"ListItem\",\"position\":1,\"name\":\"Home\",\"item\":\"https:\/\/csgocasesimulator.com\/tr\/\"},{\"@type\":\"ListItem\",\"position\":2,\"name\":\"Case Simulator\"}]},{\"@type\":\"WebSite\",\"@id\":\"https:\/\/csgocasesimulator.com\/#website\",\"url\":\"https:\/\/csgocasesimulator.com\/\",\"name\":\"CS2 Case Simulator\",\"description\":\"CS2 Case Simulator\",\"potentialAction\":[{\"@type\":\"SearchAction\",\"target\":{\"@type\":\"EntryPoint\",\"urlTemplate\":\"https:\/\/csgocasesimulator.com\/?s={search_term_string}\"},\"query-input\":{\"@type\":\"PropertyValueSpecification\",\"valueRequired\":true,\"valueName\":\"search_term_string\"}}],\"inLanguage\":\"tr\"}]}<\/script>\n<!-- \/ Yoast SEO plugin. -->","yoast_head_json":{"title":"CS2 (CS:GO) Kasa A\u00e7ma Sim\u00fclat\u00f6r\u00fc Online: \u00dccretsiz Kasa A\u00e7\u0131c\u0131","description":"En iyi CS2 (CS:GO) kasa a\u00e7ma sim\u00fclat\u00f6r\u00fcn\u00fc online deneyin. Ger\u00e7ek d\u00fc\u015f\u00fc\u015f oranlar\u0131yla \u00e7al\u0131\u015fan \u00fccretsiz kasa a\u00e7\u0131c\u0131, indirme veya kay\u0131t gerektirmez. \u015eimdi a\u00e7\u0131n!","robots":{"index":"index","follow":"follow","max-snippet":"max-snippet:-1","max-image-preview":"max-image-preview:large","max-video-preview":"max-video-preview:-1"},"canonical":"https:\/\/csgocasesimulator.com\/tr\/case-simulator\/","og_locale":"tr_TR","og_type":"article","og_title":"CS2 (CS:GO) Kasa A\u00e7ma Sim\u00fclat\u00f6r\u00fc Online: \u00dccretsiz Kasa A\u00e7\u0131c\u0131","og_description":"En iyi CS2 (CS:GO) kasa a\u00e7ma sim\u00fclat\u00f6r\u00fcn\u00fc online deneyin. Ger\u00e7ek d\u00fc\u015f\u00fc\u015f oranlar\u0131yla \u00e7al\u0131\u015fan \u00fccretsiz kasa a\u00e7\u0131c\u0131, indirme veya kay\u0131t gerektirmez. \u015eimdi a\u00e7\u0131n!","og_url":"https:\/\/csgocasesimulator.com\/tr\/case-simulator\/","og_site_name":"CS2 Case Simulator","article_modified_time":"2025-09-23T08:10:43+00:00","twitter_card":"summary_large_image","twitter_misc":{"Est. reading time":"3 dakika"},"schema":{"@context":"https:\/\/schema.org","@graph":[{"@type":"WebPage","@id":"https:\/\/csgocasesimulator.com\/tr\/case-simulator\/","url":"https:\/\/csgocasesimulator.com\/tr\/case-simulator\/","name":"CS2 (CS:GO) Kasa A\u00e7ma Sim\u00fclat\u00f6r\u00fc Online: \u00dccretsiz Kasa A\u00e7\u0131c\u0131","isPartOf":{"@id":"https:\/\/csgocasesimulator.com\/#website"},"datePublished":"2022-09-18T13:43:11+00:00","dateModified":"2025-09-23T08:10:43+00:00","description":"En iyi CS2 (CS:GO) kasa a\u00e7ma sim\u00fclat\u00f6r\u00fcn\u00fc online deneyin. Ger\u00e7ek d\u00fc\u015f\u00fc\u015f oranlar\u0131yla \u00e7al\u0131\u015fan \u00fccretsiz kasa a\u00e7\u0131c\u0131, indirme veya kay\u0131t gerektirmez. \u015eimdi a\u00e7\u0131n!","breadcrumb":{"@id":"https:\/\/csgocasesimulator.com\/tr\/case-simulator\/#breadcrumb"},"inLanguage":"tr","potentialAction":[{"@type":"ReadAction","target":["https:\/\/csgocasesimulator.com\/tr\/case-simulator\/"]}]},{"@type":"BreadcrumbList","@id":"https:\/\/csgocasesimulator.com\/tr\/case-simulator\/#breadcrumb","itemListElement":[{"@type":"ListItem","position":1,"name":"Home","item":"https:\/\/csgocasesimulator.com\/tr\/"},{"@type":"ListItem","position":2,"name":"Case Simulator"}]},{"@type":"WebSite","@id":"https:\/\/csgocasesimulator.com\/#website","url":"https:\/\/csgocasesimulator.com\/","name":"CS2 Case Simulator","description":"CS2 Case Simulator","potentialAction":[{"@type":"SearchAction","target":{"@type":"EntryPoint","urlTemplate":"https:\/\/csgocasesimulator.com\/?s={search_term_string}"},"query-input":{"@type":"PropertyValueSpecification","valueRequired":true,"valueName":"search_term_string"}}],"inLanguage":"tr"}]}},"_links":{"self":[{"href":"https:\/\/csgocasesimulator.com\/tr\/wp-json\/wp\/v2\/pages\/413","targetHints":{"allow":["GET"]}}],"collection":[{"href":"https:\/\/csgocasesimulator.com\/tr\/wp-json\/wp\/v2\/pages"}],"about":[{"href":"https:\/\/csgocasesimulator.com\/tr\/wp-json\/wp\/v2\/types\/page"}],"author":[{"embeddable":true,"href":"https:\/\/csgocasesimulator.com\/tr\/wp-json\/wp\/v2\/users\/1"}],"replies":[{"embeddable":true,"href":"https:\/\/csgocasesimulator.com\/tr\/wp-json\/wp\/v2\/comments?post=413"}],"version-history":[{"count":4,"href":"https:\/\/csgocasesimulator.com\/tr\/wp-json\/wp\/v2\/pages\/413\/revisions"}],"predecessor-version":[{"id":427,"href":"https:\/\/csgocasesimulator.com\/tr\/wp-json\/wp\/v2\/pages\/413\/revisions\/427"}],"wp:attachment":[{"href":"https:\/\/csgocasesimulator.com\/tr\/wp-json\/wp\/v2\/media?parent=413"}],"curies":[{"name":"wp","href":"https:\/\/api.w.org\/{rel}","templated":true}]}}