{"id":418,"date":"2022-09-18T13:43:11","date_gmt":"2022-09-18T13:43:11","guid":{"rendered":"https:\/\/csgocasesimulator.com\/case-simulator\/"},"modified":"2025-09-23T08:09:33","modified_gmt":"2025-09-23T08:09:33","slug":"case-simulator","status":"publish","type":"page","link":"https:\/\/csgocasesimulator.com\/ro\/case-simulator\/","title":{"rendered":"Case Simulator"},"content":{"rendered":"<h2 data-start=\"66\" data-end=\"136\"><strong data-start=\"66\" data-end=\"136\">Ce Este un Simulator Online de Deschidere a Cazurilor CS2 (CS:GO)?<\/strong><\/h2>\n<p data-start=\"138\" data-end=\"586\">Simulatorul de deschidere a cazurilor CS2 (CS:GO) este un instrument virtual care simuleaz\u0103 procesul de deschidere a cazurilor, exact ca \u00een jocul oficial. Diferen\u021ba principal\u0103 \u00eentre simulator \u0219i deschiderea real\u0103 a cazurilor este c\u0103 juc\u0103torul nu face o investi\u021bie, dar, \u00een acela\u0219i timp, nu poate gestiona skin-ul primit. Este doar o simulare creat\u0103 pentru distrac\u021bie, testarea strategiilor de deschidere a cazurilor \u0219i \u00een\u021belegerea probabilit\u0103\u021bilor.<\/p>\n<p data-start=\"588\" data-end=\"744\">Simulatoarele online sunt foarte populare \u00een comunitatea CS2 deoarece le permit juc\u0103torilor s\u0103 se distreze \u0219i s\u0103 decid\u0103 dac\u0103 s\u0103 investeasc\u0103 \u00een cazuri reale.<\/p>\n<h2><strong>Cum Func\u021bioneaz\u0103 Simulatorul Gratuit de Cazuri CS2?<\/strong><\/h2>\n<p data-start=\"803\" data-end=\"1249\">Folosirea simulatorului gratuit de deschidere a cazurilor CS2 (CS:GO) este foarte simpl\u0103, trebuie doar s\u0103 urmezi c\u00e2\u021biva pa\u0219i. Primul lucru pe care trebuie s\u0103-l faci este s\u0103 alegi un caz din lista colec\u021biilor disponibile. Po\u021bi alege orice caz care te intereseaz\u0103. Apoi, apas\u0103 pe butonul &#8222;Deschide&#8221;. Dup\u0103 aceea, vei vedea o anima\u021bie scurt\u0103 pe care o po\u021bi s\u0103ri dac\u0103 dore\u0219ti. Dup\u0103 c\u00e2teva secunde, vei vedea skin-ul c\u0103zut, inclusiv calitatea acestuia.<\/p>\n<p data-start=\"1251\" data-end=\"1343\">Procesul de deschidere a cazurilor poate fi repetat, sau po\u021bi alege un alt caz dac\u0103 dore\u0219ti.<\/p>\n<h2><strong>De Ce S\u0103 Folose\u0219ti un Simulator Gratuit de Deschidere a Cazurilor CS2 (CS:GO)?<\/strong><\/h2>\n<p data-start=\"1429\" data-end=\"1733\">Un simulator online de deschidere a cazurilor CS2 (CS:GO) care nu necesit\u0103 investi\u021bie este o oportunitate excelent\u0103 de a exersa \u00eenainte de a deschide cazuri reale, mai ales pentru \u00eencep\u0103tori care nu sunt familiariza\u021bi cu aceast\u0103 mecanic\u0103 sau care au experien\u021b\u0103 limitat\u0103 \u00een deschiderea diferitelor cazuri.<\/p>\n<p data-start=\"1735\" data-end=\"1974\">Cu ajutorul simulatorului online de deschidere a cazurilor CS2 (CS:GO), nu doar c\u0103 vei experimenta \u00eentregul proces, dar vei \u00een\u021belege \u0219i c\u00e2t de imprevizibile pot fi rezultatele \u0219i c\u00e2t de recomandabil este s\u0103 investe\u0219ti bani reali \u00een cazuri.<\/p>\n<p data-start=\"1976\" data-end=\"2297\">Este, de asemenea, o oportunitate grozav\u0103 de a \u00eenv\u0103\u021ba mai multe despre con\u021binutul cazurilor, de a te familiariza cu skin-uri rare \u0219i scumpe. Po\u021bi s\u0103 prive\u0219ti cu al\u021bi ochi acele skin-uri care nu te-au impresionat \u00eenainte. Poate c\u0103 aici vei g\u0103si un skin pe care s\u0103-l cumperi \u00een viitor \u0219i care \u00ee\u021bi va aduce mult\u0103 inspira\u021bie!<\/p>\n<h2 data-start=\"2299\" data-end=\"2348\"><strong data-start=\"2299\" data-end=\"2348\">Tipuri de Cazuri CS2 pe Care le Po\u021bi Deschide<\/strong><\/h2>\n<p data-start=\"2350\" data-end=\"2679\">\u00cen simulatorul gratuit de deschidere a cazurilor CS2, juc\u0103torii pot deschide at\u00e2t cazuri vechi c\u00e2t \u0219i noi. Printre acestea se num\u0103r\u0103 Recoil, Falchion, Dreams &amp; Nightmares \u0219i Revolution. Fiecare caz con\u021bine un set unic de skin-uri, iar simulatorul online \u00ee\u021bi permite s\u0103 \u00ee\u021bi \u00eencerci norocul \u00een toate aceste cazuri f\u0103r\u0103 niciun cost.<\/p>\n<p data-start=\"2681\" data-end=\"2692\"><em>De exemplu:<\/em><\/p>\n<ul data-start=\"2694\" data-end=\"3220\">\n<li data-start=\"2694\" data-end=\"2818\">\n<p data-start=\"2696\" data-end=\"2818\"><strong data-start=\"2696\" data-end=\"2711\">Recoil Case<\/strong> \u2014 con\u021bine m\u0103nu\u0219i \u0219i skin-uri precum USP-S | Printstream, AWP | Chromatic Aberration \u0219i AK-47 | Ice Coaled.<\/p>\n<\/li>\n<li data-start=\"2819\" data-end=\"2952\">\n<p data-start=\"2821\" data-end=\"2952\"><strong data-start=\"2821\" data-end=\"2838\">Falchion Case<\/strong> \u2014 ofer\u0103 \u0219ansa de a ob\u021bine un cu\u021bit sau skin-uri valoroase precum AWP | Hyper Beast \u0219i AK-47 | Aquamarine Revenge.<\/p>\n<\/li>\n<li data-start=\"2953\" data-end=\"3082\">\n<p data-start=\"2955\" data-end=\"3082\"><strong data-start=\"2955\" data-end=\"2974\">Revolution Case<\/strong> \u2014 include m\u0103nu\u0219i \u0219i skin-uri str\u0103lucitoare precum M4A4 | Temukau, AK-47 | Head Shot \u0219i UMP-45 | Wild Child.<\/p>\n<\/li>\n<li data-start=\"3083\" data-end=\"3220\">\n<p data-start=\"3085\" data-end=\"3220\"><strong data-start=\"3085\" data-end=\"3113\">Dreams &amp; Nightmares Case<\/strong> \u2014 con\u021bine skin-uri precum AK-47 | Nightwish \u0219i MP9 | Starlight Protector, plus \u0219ansa de a ob\u021bine un cu\u021bit.<\/p>\n<\/li>\n<\/ul>\n<p data-start=\"3222\" data-end=\"3377\">Exist\u0103 multe lucruri pentru care s\u0103 te lup\u021bi, iar simulatorul gratuit de deschidere a cazurilor CS2 (CS:GO) te poate ajuta s\u0103 ob\u021bii skin-ul visurilor tale!<\/p>\n<h2 data-start=\"3379\" data-end=\"3432\"><strong data-start=\"3379\" data-end=\"3432\">\u0218ansele \u0219i Rata de C\u0103dere \u00een Simulatoarele Online<\/strong><\/h2>\n<p data-start=\"3434\" data-end=\"3579\">Simulatorul gratuit de deschidere a cazurilor CS2 utilizeaz\u0103 acelea\u0219i \u0219anse de c\u0103dere care sunt valabile \u00een realitate.<\/p>\n<p data-start=\"3434\" data-end=\"3579\"><em>Astfel, \u0219ansa de a ob\u021bine:<\/em><\/p>\n<ul data-start=\"3581\" data-end=\"3743\">\n<li data-start=\"3581\" data-end=\"3613\">\n<p data-start=\"3583\" data-end=\"3613\">Skin de raritate Covert: 0.64%<\/p>\n<\/li>\n<li data-start=\"3614\" data-end=\"3649\">\n<p data-start=\"3616\" data-end=\"3649\">Skin de raritate Classified: 3.2%<\/p>\n<\/li>\n<li data-start=\"3650\" data-end=\"3687\">\n<p data-start=\"3652\" data-end=\"3687\">Skin de raritate Restricted: 15.98%<\/p>\n<\/li>\n<li data-start=\"3688\" data-end=\"3743\">\n<p data-start=\"3690\" data-end=\"3743\">Skin de raritate Mil-Spec (cel mai accesibil): 79.92%<\/p>\n<\/li>\n<\/ul>\n<p data-start=\"3745\" data-end=\"4026\">Simulatorul gratuit de deschidere a cazurilor modeleaz\u0103 \u0219i prezen\u021ba unui contor StatTrak \u0219i calitatea skin-urilor (de la Battle-Scarred la Factory New). Datorit\u0103 acestui lucru, utilizatorul ob\u021bine cea mai realist\u0103 experien\u021b\u0103 de deschidere a cazurilor, f\u0103r\u0103 riscul de a pierde bani.<\/p>\n<p data-start=\"4028\" data-end=\"4118\">De altfel, exist\u0103 o reducere de \u221210% pentru achizi\u021bionarea primelor dou\u0103 skin-uri din caz.<\/p>\n<h2 data-start=\"4120\" data-end=\"4187\"><strong data-start=\"4120\" data-end=\"4187\">\u00cencearc\u0103 Simulatorul Gratuit de Deschidere a Cazurilor CS2 Acum<\/strong><\/h2>\n<p data-start=\"4189\" data-end=\"4399\">Cazurile din CS2 \u00eenc\u00e2nt\u0103 juc\u0103torii cu o varietate de skin-uri, iar probabil c\u0103 ai deja unul dintre cazurile \u0219i skin-urile tale preferate. Folose\u0219te simulatorul gratuit de cazuri CS2 pentru a-\u021bi \u00eencerca norocul!<\/p>\n<p data-start=\"4401\" data-end=\"4647\">Un simulator gratuit \u0219i sigur de cazuri poate deveni un ghid pentru o colec\u021bie demn\u0103 de skin-uri. Deschide cazuri \u0219i \u00eemp\u0103rt\u0103\u0219e\u0219te rezultatele cu prietenii, pentru c\u0103 este mult mai distractiv s\u0103 concurezi \u0219i s\u0103 ob\u021bii noi rezultate \u00een joc \u00eempreun\u0103!<\/p>\n","protected":false},"excerpt":{"rendered":"<p>Ce Este un Simulator Online de Deschidere a Cazurilor CS2 (CS:GO)? Simulatorul de deschidere a cazurilor CS2 (CS:GO) este un instrument virtual care simuleaz\u0103 procesul de deschidere a cazurilor, exact ca \u00een jocul oficial. Diferen\u021ba principal\u0103 \u00eentre simulator \u0219i deschiderea real\u0103 a cazurilor este c\u0103 juc\u0103torul nu face o investi\u021bie, dar, \u00een acela\u0219i timp, nu [&hellip;]<\/p>\n","protected":false},"author":1,"featured_media":0,"parent":0,"menu_order":0,"comment_status":"closed","ping_status":"closed","template":"templates\/features-template.php","meta":{"_acf_changed":false,"footnotes":""},"class_list":["post-418","page","type-page","status-publish","hentry"],"acf":[],"yoast_head":"<!-- This site is optimized with the Yoast SEO plugin v26.3 - https:\/\/yoast.com\/wordpress\/plugins\/seo\/ -->\n<title>Simulator Online de Deschidere a Cazurilor CS2 (CS:GO)<\/title>\n<meta name=\"description\" content=\"\u00cencearc\u0103 cel mai bun simulator online de deschidere a cazurilor CS2. Folose\u0219te un deschiz\u0103tor de cazuri gratuit cu \u0219anse reale de c\u0103dere, f\u0103r\u0103 desc\u0103rcare sau \u00eenregistrare.\" \/>\n<meta name=\"robots\" content=\"index, follow, max-snippet:-1, max-image-preview:large, max-video-preview:-1\" \/>\n<link rel=\"canonical\" href=\"https:\/\/csgocasesimulator.com\/ro\/case-simulator\/\" \/>\n<meta property=\"og:locale\" content=\"ro_RO\" \/>\n<meta property=\"og:type\" content=\"article\" \/>\n<meta property=\"og:title\" content=\"Simulator Online de Deschidere a Cazurilor CS2 (CS:GO)\" \/>\n<meta property=\"og:description\" content=\"\u00cencearc\u0103 cel mai bun simulator online de deschidere a cazurilor CS2. Folose\u0219te un deschiz\u0103tor de cazuri gratuit cu \u0219anse reale de c\u0103dere, f\u0103r\u0103 desc\u0103rcare sau \u00eenregistrare.\" \/>\n<meta property=\"og:url\" content=\"https:\/\/csgocasesimulator.com\/ro\/case-simulator\/\" \/>\n<meta property=\"og:site_name\" content=\"CS2 Case Simulator\" \/>\n<meta property=\"article:modified_time\" content=\"2025-09-23T08:09:33+00:00\" \/>\n<meta name=\"twitter:card\" content=\"summary_large_image\" \/>\n<meta name=\"twitter:label1\" content=\"Est. reading time\" \/>\n\t<meta name=\"twitter:data1\" content=\"4 minute\" \/>\n<script type=\"application\/ld+json\" class=\"yoast-schema-graph\">{\"@context\":\"https:\/\/schema.org\",\"@graph\":[{\"@type\":\"WebPage\",\"@id\":\"https:\/\/csgocasesimulator.com\/ro\/case-simulator\/\",\"url\":\"https:\/\/csgocasesimulator.com\/ro\/case-simulator\/\",\"name\":\"Simulator Online de Deschidere a Cazurilor CS2 (CS:GO)\",\"isPartOf\":{\"@id\":\"https:\/\/csgocasesimulator.com\/#website\"},\"datePublished\":\"2022-09-18T13:43:11+00:00\",\"dateModified\":\"2025-09-23T08:09:33+00:00\",\"description\":\"\u00cencearc\u0103 cel mai bun simulator online de deschidere a cazurilor CS2. Folose\u0219te un deschiz\u0103tor de cazuri gratuit cu \u0219anse reale de c\u0103dere, f\u0103r\u0103 desc\u0103rcare sau \u00eenregistrare.\",\"breadcrumb\":{\"@id\":\"https:\/\/csgocasesimulator.com\/ro\/case-simulator\/#breadcrumb\"},\"inLanguage\":\"ro-RO\",\"potentialAction\":[{\"@type\":\"ReadAction\",\"target\":[\"https:\/\/csgocasesimulator.com\/ro\/case-simulator\/\"]}]},{\"@type\":\"BreadcrumbList\",\"@id\":\"https:\/\/csgocasesimulator.com\/ro\/case-simulator\/#breadcrumb\",\"itemListElement\":[{\"@type\":\"ListItem\",\"position\":1,\"name\":\"Home\",\"item\":\"https:\/\/csgocasesimulator.com\/ro\/\"},{\"@type\":\"ListItem\",\"position\":2,\"name\":\"Case Simulator\"}]},{\"@type\":\"WebSite\",\"@id\":\"https:\/\/csgocasesimulator.com\/#website\",\"url\":\"https:\/\/csgocasesimulator.com\/\",\"name\":\"CS2 Case Simulator\",\"description\":\"CS2 Case Simulator\",\"potentialAction\":[{\"@type\":\"SearchAction\",\"target\":{\"@type\":\"EntryPoint\",\"urlTemplate\":\"https:\/\/csgocasesimulator.com\/?s={search_term_string}\"},\"query-input\":{\"@type\":\"PropertyValueSpecification\",\"valueRequired\":true,\"valueName\":\"search_term_string\"}}],\"inLanguage\":\"ro-RO\"}]}<\/script>\n<!-- \/ Yoast SEO plugin. -->","yoast_head_json":{"title":"Simulator Online de Deschidere a Cazurilor CS2 (CS:GO)","description":"\u00cencearc\u0103 cel mai bun simulator online de deschidere a cazurilor CS2. Folose\u0219te un deschiz\u0103tor de cazuri gratuit cu \u0219anse reale de c\u0103dere, f\u0103r\u0103 desc\u0103rcare sau \u00eenregistrare.","robots":{"index":"index","follow":"follow","max-snippet":"max-snippet:-1","max-image-preview":"max-image-preview:large","max-video-preview":"max-video-preview:-1"},"canonical":"https:\/\/csgocasesimulator.com\/ro\/case-simulator\/","og_locale":"ro_RO","og_type":"article","og_title":"Simulator Online de Deschidere a Cazurilor CS2 (CS:GO)","og_description":"\u00cencearc\u0103 cel mai bun simulator online de deschidere a cazurilor CS2. Folose\u0219te un deschiz\u0103tor de cazuri gratuit cu \u0219anse reale de c\u0103dere, f\u0103r\u0103 desc\u0103rcare sau \u00eenregistrare.","og_url":"https:\/\/csgocasesimulator.com\/ro\/case-simulator\/","og_site_name":"CS2 Case Simulator","article_modified_time":"2025-09-23T08:09:33+00:00","twitter_card":"summary_large_image","twitter_misc":{"Est. reading time":"4 minute"},"schema":{"@context":"https:\/\/schema.org","@graph":[{"@type":"WebPage","@id":"https:\/\/csgocasesimulator.com\/ro\/case-simulator\/","url":"https:\/\/csgocasesimulator.com\/ro\/case-simulator\/","name":"Simulator Online de Deschidere a Cazurilor CS2 (CS:GO)","isPartOf":{"@id":"https:\/\/csgocasesimulator.com\/#website"},"datePublished":"2022-09-18T13:43:11+00:00","dateModified":"2025-09-23T08:09:33+00:00","description":"\u00cencearc\u0103 cel mai bun simulator online de deschidere a cazurilor CS2. Folose\u0219te un deschiz\u0103tor de cazuri gratuit cu \u0219anse reale de c\u0103dere, f\u0103r\u0103 desc\u0103rcare sau \u00eenregistrare.","breadcrumb":{"@id":"https:\/\/csgocasesimulator.com\/ro\/case-simulator\/#breadcrumb"},"inLanguage":"ro-RO","potentialAction":[{"@type":"ReadAction","target":["https:\/\/csgocasesimulator.com\/ro\/case-simulator\/"]}]},{"@type":"BreadcrumbList","@id":"https:\/\/csgocasesimulator.com\/ro\/case-simulator\/#breadcrumb","itemListElement":[{"@type":"ListItem","position":1,"name":"Home","item":"https:\/\/csgocasesimulator.com\/ro\/"},{"@type":"ListItem","position":2,"name":"Case Simulator"}]},{"@type":"WebSite","@id":"https:\/\/csgocasesimulator.com\/#website","url":"https:\/\/csgocasesimulator.com\/","name":"CS2 Case Simulator","description":"CS2 Case Simulator","potentialAction":[{"@type":"SearchAction","target":{"@type":"EntryPoint","urlTemplate":"https:\/\/csgocasesimulator.com\/?s={search_term_string}"},"query-input":{"@type":"PropertyValueSpecification","valueRequired":true,"valueName":"search_term_string"}}],"inLanguage":"ro-RO"}]}},"_links":{"self":[{"href":"https:\/\/csgocasesimulator.com\/ro\/wp-json\/wp\/v2\/pages\/418","targetHints":{"allow":["GET"]}}],"collection":[{"href":"https:\/\/csgocasesimulator.com\/ro\/wp-json\/wp\/v2\/pages"}],"about":[{"href":"https:\/\/csgocasesimulator.com\/ro\/wp-json\/wp\/v2\/types\/page"}],"author":[{"embeddable":true,"href":"https:\/\/csgocasesimulator.com\/ro\/wp-json\/wp\/v2\/users\/1"}],"replies":[{"embeddable":true,"href":"https:\/\/csgocasesimulator.com\/ro\/wp-json\/wp\/v2\/comments?post=418"}],"version-history":[{"count":5,"href":"https:\/\/csgocasesimulator.com\/ro\/wp-json\/wp\/v2\/pages\/418\/revisions"}],"predecessor-version":[{"id":424,"href":"https:\/\/csgocasesimulator.com\/ro\/wp-json\/wp\/v2\/pages\/418\/revisions\/424"}],"wp:attachment":[{"href":"https:\/\/csgocasesimulator.com\/ro\/wp-json\/wp\/v2\/media?parent=418"}],"curies":[{"name":"wp","href":"https:\/\/api.w.org\/{rel}","templated":true}]}}