{"id":493,"date":"2025-11-05T11:18:55","date_gmt":"2025-11-05T11:18:55","guid":{"rendered":"https:\/\/csgocasesimulator.com\/?page_id=493"},"modified":"2025-11-05T11:18:55","modified_gmt":"2025-11-05T11:18:55","slug":"case-simulator","status":"publish","type":"page","link":"https:\/\/csgocasesimulator.com\/pt-pt\/case-simulator\/","title":{"rendered":"Simulador de Cases"},"content":{"rendered":"<h2>O que \u00e9 um simulador de cases CS2 (CS:GO) online?<\/h2>\n<p data-start=\"0\" data-end=\"469\">O <strong data-start=\"2\" data-end=\"48\">simulador de abertura de cases CS2 (CS:GO)<\/strong> \u00e9 uma ferramenta virtual que <strong data-start=\"78\" data-end=\"120\">simula o processo de abertura de cases<\/strong>, assim como no jogo oficial.<br data-start=\"149\" data-end=\"152\" \/>A principal diferen\u00e7a entre o simulador e a abertura real de cases \u00e9 que o jogador <strong data-start=\"235\" data-end=\"268\">n\u00e3o precisa investir dinheiro<\/strong>, mas, ao mesmo tempo, <strong data-start=\"291\" data-end=\"329\">n\u00e3o pode gerenciar a skin recebida<\/strong>. Trata-se apenas de uma simula\u00e7\u00e3o criada para <strong data-start=\"376\" data-end=\"388\">divers\u00e3o<\/strong>, <strong data-start=\"390\" data-end=\"412\">testar estrat\u00e9gias<\/strong> de abertura de cases e <strong data-start=\"436\" data-end=\"466\">entender as probabilidades<\/strong>.<\/p>\n<p data-start=\"471\" data-end=\"635\" data-is-last-node=\"\" data-is-only-node=\"\">Os simuladores online s\u00e3o <strong data-start=\"497\" data-end=\"537\">muito populares na comunidade de CS2<\/strong>, pois permitem que os jogadores <strong data-start=\"570\" data-end=\"585\">se divirtam<\/strong> e decidam se vale a pena investir em cases reais.<\/p>\n<h2>Como funciona o simulador gratuito de cases CS2?<\/h2>\n<p data-start=\"0\" data-end=\"124\">Usar o <strong data-start=\"7\" data-end=\"62\">simulador gratuito de abertura de cases CS2 (CS:GO)<\/strong> \u00e9 muito simples, bastando seguir <strong data-start=\"96\" data-end=\"121\">alguns passos r\u00e1pidos<\/strong>.<\/p>\n<p data-start=\"126\" data-end=\"297\">Primeiro, selecione um <strong data-start=\"149\" data-end=\"157\">case<\/strong> na lista de cole\u00e7\u00f5es dispon\u00edveis. Voc\u00ea pode escolher qualquer um que desperte o seu interesse.<br data-start=\"252\" data-end=\"255\" \/>Em seguida, clique no bot\u00e3o <strong data-start=\"283\" data-end=\"294\" data-is-only-node=\"\">\u201cAbrir\u201d<\/strong>.<\/p>\n<p data-start=\"299\" data-end=\"471\">Depois disso, ser\u00e1 exibida <strong data-start=\"326\" data-end=\"348\">uma breve anima\u00e7\u00e3o<\/strong>, que pode ser pulada, se preferir. Em <strong data-start=\"387\" data-end=\"406\">alguns segundos<\/strong>, voc\u00ea ver\u00e1 a <strong data-start=\"420\" data-end=\"437\">skin recebida<\/strong>, incluindo a sua <strong data-start=\"455\" data-end=\"468\">qualidade<\/strong>.<\/p>\n<p data-start=\"473\" data-end=\"604\" data-is-last-node=\"\" data-is-only-node=\"\">O processo de abertura gratuita pode ser <strong data-start=\"514\" data-end=\"547\">repetido quantas vezes quiser<\/strong>, ou voc\u00ea pode <strong data-start=\"562\" data-end=\"585\">escolher outro case<\/strong> para experimentar.<\/p>\n<h2>Por que usar um simulador gratuito de abertura de cases CS2 (CS:GO)?<\/h2>\n<p data-start=\"0\" data-end=\"312\">Um <strong data-start=\"3\" data-end=\"56\">simulador online de abertura de cases CS2 (CS:GO)<\/strong> que <strong data-start=\"61\" data-end=\"87\">n\u00e3o exige investimento<\/strong> \u00e9 uma \u00f3tima oportunidade para <strong data-start=\"118\" data-end=\"157\">praticar antes de abrir cases reais<\/strong>, especialmente para <strong data-start=\"178\" data-end=\"192\">iniciantes<\/strong> que ainda n\u00e3o est\u00e3o familiarizados com essa mec\u00e2nica ou que t\u00eam experi\u00eancia limitada na abertura de diferentes cases.<\/p>\n<p data-start=\"314\" data-end=\"512\">Com a ajuda do simulador online, voc\u00ea pode <strong data-start=\"357\" data-end=\"383\">sentir todo o processo<\/strong> e <strong data-start=\"386\" data-end=\"441\">entender como os resultados podem ser imprevis\u00edveis<\/strong>, al\u00e9m de avaliar se vale a pena investir <strong data-start=\"483\" data-end=\"500\">dinheiro real<\/strong> em cases.<\/p>\n<p data-start=\"514\" data-end=\"819\" data-is-last-node=\"\" data-is-only-node=\"\">Tamb\u00e9m \u00e9 uma excelente maneira de <strong data-start=\"548\" data-end=\"588\">conhecer melhor o conte\u00fado dos cases<\/strong> e se familiarizar com skins <strong data-start=\"617\" data-end=\"637\">raras e valiosas<\/strong>. Voc\u00ea pode <strong data-start=\"649\" data-end=\"674\">descobrir novas skins<\/strong> que antes n\u00e3o chamavam a sua aten\u00e7\u00e3o e, quem sabe, encontrar <strong data-start=\"736\" data-end=\"774\">um objetivo para uma compra futura<\/strong>, que trar\u00e1 <strong data-start=\"786\" data-end=\"818\">muita inspira\u00e7\u00e3o e motiva\u00e7\u00e3o<\/strong>!<\/p>\n<h2>Tipos de cases CS2 que voc\u00ea pode abrir<\/h2>\n<p data-start=\"0\" data-end=\"327\">No <strong data-start=\"3\" data-end=\"50\">simulador gratuito de abertura de cases CS2<\/strong>, os jogadores podem abrir <strong data-start=\"77\" data-end=\"102\">cases antigos e novos<\/strong>. Entre eles est\u00e3o <strong data-start=\"121\" data-end=\"131\">Recoil<\/strong>, <strong data-start=\"133\" data-end=\"145\">Falchion<\/strong>, <strong data-start=\"147\" data-end=\"170\">Dreams &amp; Nightmares<\/strong> e <strong data-start=\"173\" data-end=\"187\">Revolution<\/strong>.<br data-start=\"188\" data-end=\"191\" \/>Cada case cont\u00e9m um <strong data-start=\"211\" data-end=\"238\">conjunto \u00fanico de skins<\/strong>, e o simulador online permite que voc\u00ea <strong data-start=\"278\" data-end=\"326\">tente a sorte em todos eles sem nenhum custo<\/strong>.<\/p>\n<p data-start=\"329\" data-end=\"341\">Por exemplo:<\/p>\n<ul data-start=\"343\" data-end=\"898\">\n<li data-start=\"343\" data-end=\"475\">\n<p data-start=\"345\" data-end=\"475\"><strong data-start=\"345\" data-end=\"360\">Recoil Case<\/strong> \u2014 apresenta luvas e skins como <strong data-start=\"392\" data-end=\"415\">USP-S | Printstream<\/strong>, <strong data-start=\"417\" data-end=\"447\">AWP | Chromatic Aberration<\/strong> e <strong data-start=\"450\" data-end=\"472\" data-is-only-node=\"\">AK-47 | Ice Coaled<\/strong>.<\/p>\n<\/li>\n<li data-start=\"476\" data-end=\"621\">\n<p data-start=\"478\" data-end=\"621\"><strong data-start=\"478\" data-end=\"495\">Falchion Case<\/strong> \u2014 oferece a chance de conseguir <strong data-start=\"528\" data-end=\"540\">uma faca<\/strong> ou skins valiosas como <strong data-start=\"564\" data-end=\"585\">AWP | Hyper Beast<\/strong> e <strong data-start=\"588\" data-end=\"618\" data-is-only-node=\"\">AK-47 | Aquamarine Revenge<\/strong>.<\/p>\n<\/li>\n<li data-start=\"622\" data-end=\"752\">\n<p data-start=\"624\" data-end=\"752\"><strong data-start=\"624\" data-end=\"643\">Revolution Case<\/strong> \u2014 inclui luvas e skins vibrantes como <strong data-start=\"682\" data-end=\"700\">M4A4 | Temukau<\/strong>, <strong data-start=\"702\" data-end=\"723\">AK-47 | Head Shot<\/strong> e <strong data-start=\"726\" data-end=\"749\" data-is-only-node=\"\">UMP-45 | Wild Child<\/strong>.<\/p>\n<\/li>\n<li data-start=\"753\" data-end=\"898\">\n<p data-start=\"755\" data-end=\"898\"><strong data-start=\"755\" data-end=\"783\">Dreams &amp; Nightmares Case<\/strong> \u2014 cont\u00e9m skins como <strong data-start=\"804\" data-end=\"825\">AK-47 | Nightwish<\/strong> e <strong data-start=\"828\" data-end=\"857\">MP9 | Starlight Protector<\/strong>, al\u00e9m da chance de obter <strong data-start=\"883\" data-end=\"895\" data-is-only-node=\"\">uma faca<\/strong>.<\/p>\n<\/li>\n<\/ul>\n<p data-start=\"900\" data-end=\"1061\" data-is-last-node=\"\" data-is-only-node=\"\">H\u00e1 sempre <strong data-start=\"910\" data-end=\"945\">algo pelo que vale a pena lutar<\/strong>, e o <strong data-start=\"951\" data-end=\"1006\">simulador gratuito de abertura de cases CS2 (CS:GO)<\/strong> pode te ajudar a <strong data-start=\"1024\" data-end=\"1060\">conseguir a skin dos seus sonhos<\/strong>!<\/p>\n<h2>Probabilidades e taxas de drop em simuladores online<\/h2>\n<p data-start=\"0\" data-end=\"174\">O <strong data-start=\"2\" data-end=\"49\">simulador gratuito de abertura de cases CS2<\/strong> utiliza as <strong data-start=\"61\" data-end=\"85\">mesmas taxas de drop<\/strong> que s\u00e3o aplicadas na realidade. Assim, a chance de obter cada tipo de skin \u00e9 a seguinte:<\/p>\n<ul data-start=\"176\" data-end=\"331\">\n<li data-start=\"176\" data-end=\"214\">\n<p data-start=\"178\" data-end=\"214\"><strong data-start=\"178\" data-end=\"206\">Skin de raridade Covert:<\/strong> 0,64%<\/p>\n<\/li>\n<li data-start=\"215\" data-end=\"248\">\n<p data-start=\"217\" data-end=\"248\"><strong data-start=\"217\" data-end=\"241\">Raridade Classified:<\/strong> 3,2%<\/p>\n<\/li>\n<li data-start=\"249\" data-end=\"284\">\n<p data-start=\"251\" data-end=\"284\"><strong data-start=\"251\" data-end=\"275\">Raridade Restricted:<\/strong> 15,98%<\/p>\n<\/li>\n<li data-start=\"285\" data-end=\"331\">\n<p data-start=\"287\" data-end=\"331\"><strong data-start=\"287\" data-end=\"322\">Raridade Mil-Spec (mais comum):<\/strong> 79,92%<\/p>\n<\/li>\n<\/ul>\n<p data-start=\"333\" data-end=\"623\">O simulador gratuito tamb\u00e9m reproduz a <strong data-start=\"372\" data-end=\"405\">presen\u00e7a do contador StatTrak<\/strong> e os <strong data-start=\"411\" data-end=\"444\">n\u00edveis de qualidade das skins<\/strong> (de <em data-start=\"449\" data-end=\"465\">Battle-Scarred<\/em> a <em data-start=\"468\" data-end=\"481\">Factory New<\/em>).<br data-start=\"483\" data-end=\"486\" \/>Gra\u00e7as a isso, o usu\u00e1rio tem uma <strong data-start=\"519\" data-end=\"556\">experi\u00eancia extremamente realista<\/strong> de abertura de cases, <strong data-start=\"579\" data-end=\"620\">sem correr o risco de perder dinheiro<\/strong>.<\/p>\n<p data-start=\"625\" data-end=\"714\" data-is-last-node=\"\" data-is-only-node=\"\">Ah, e ainda h\u00e1 um <strong data-start=\"643\" data-end=\"697\">desconto de 10% na compra das duas primeiras skins<\/strong> obtidas no case.<\/p>\n<h2>Experimente agora o simulador gratuito de abertura de cases CS2<\/h2>\n<p data-start=\"0\" data-end=\"226\">Os <strong data-start=\"3\" data-end=\"19\">cases no CS2<\/strong> encantam os jogadores com uma <strong data-start=\"50\" data-end=\"79\">grande variedade de skins<\/strong>, e voc\u00ea provavelmente j\u00e1 tem em mente <strong data-start=\"118\" data-end=\"154\">os cases e skins dos seus sonhos<\/strong>.<br data-start=\"155\" data-end=\"158\" \/>Use o <strong data-start=\"164\" data-end=\"199\">simulador gratuito de cases CS2<\/strong> para <strong data-start=\"205\" data-end=\"223\">tentar a sorte<\/strong>!<\/p>\n<p data-start=\"228\" data-end=\"492\" data-is-last-node=\"\" data-is-only-node=\"\">Um <strong data-start=\"231\" data-end=\"273\">simulador gratuito seguro e empolgante<\/strong> pode ser o seu guia para construir <strong data-start=\"309\" data-end=\"342\">uma cole\u00e7\u00e3o incr\u00edvel de skins<\/strong>.<br data-start=\"343\" data-end=\"346\" \/>Abra cases e <strong data-start=\"359\" data-end=\"404\">compartilhe seus resultados com os amigos<\/strong>, porque competir e alcan\u00e7ar <strong data-start=\"433\" data-end=\"461\">novos resultados no jogo<\/strong> juntos \u00e9 muito mais divertido!<\/p>\n","protected":false},"excerpt":{"rendered":"<p>O que \u00e9 um simulador de cases CS2 (CS:GO) online? O simulador de abertura de cases CS2 (CS:GO) \u00e9 uma ferramenta virtual que simula o processo de abertura de cases, assim como no jogo oficial.A principal diferen\u00e7a entre o simulador e a abertura real de cases \u00e9 que o jogador n\u00e3o precisa investir dinheiro, mas, [&hellip;]<\/p>\n","protected":false},"author":1,"featured_media":0,"parent":0,"menu_order":0,"comment_status":"closed","ping_status":"closed","template":"templates\/features-template.php","meta":{"_acf_changed":false,"footnotes":""},"class_list":["post-493","page","type-page","status-publish","hentry"],"acf":[],"yoast_head":"<!-- This site is optimized with the Yoast SEO plugin v26.3 - https:\/\/yoast.com\/wordpress\/plugins\/seo\/ -->\n<title>Simulador de Abertura de Cases CS2 (CS:GO) Online | Abertura de Cases Gr\u00e1tis<\/title>\n<meta name=\"description\" content=\"Experimente o melhor simulador de abertura de cases CS2 (CS:GO) online. Use um simulador gratuito com probabilidades reais de drop, sem necessidade de download ou registro. Abra agora!\" \/>\n<meta name=\"robots\" content=\"index, follow, max-snippet:-1, max-image-preview:large, max-video-preview:-1\" \/>\n<link rel=\"canonical\" href=\"https:\/\/csgocasesimulator.com\/pt-pt\/case-simulator\/\" \/>\n<meta property=\"og:locale\" content=\"pt_PT\" \/>\n<meta property=\"og:type\" content=\"article\" \/>\n<meta property=\"og:title\" content=\"Simulador de Abertura de Cases CS2 (CS:GO) Online | Abertura de Cases Gr\u00e1tis\" \/>\n<meta property=\"og:description\" content=\"Experimente o melhor simulador de abertura de cases CS2 (CS:GO) online. Use um simulador gratuito com probabilidades reais de drop, sem necessidade de download ou registro. Abra agora!\" \/>\n<meta property=\"og:url\" content=\"https:\/\/csgocasesimulator.com\/pt-pt\/case-simulator\/\" \/>\n<meta property=\"og:site_name\" content=\"CS2 Case Simulator\" \/>\n<meta name=\"twitter:card\" content=\"summary_large_image\" \/>\n<meta name=\"twitter:label1\" content=\"Est. reading time\" \/>\n\t<meta name=\"twitter:data1\" content=\"4 minutos\" \/>\n<script type=\"application\/ld+json\" class=\"yoast-schema-graph\">{\"@context\":\"https:\/\/schema.org\",\"@graph\":[{\"@type\":\"WebPage\",\"@id\":\"https:\/\/csgocasesimulator.com\/pt-pt\/case-simulator\/\",\"url\":\"https:\/\/csgocasesimulator.com\/pt-pt\/case-simulator\/\",\"name\":\"Simulador de Abertura de Cases CS2 (CS:GO) Online | Abertura de Cases Gr\u00e1tis\",\"isPartOf\":{\"@id\":\"https:\/\/csgocasesimulator.com\/#website\"},\"datePublished\":\"2025-11-05T11:18:55+00:00\",\"description\":\"Experimente o melhor simulador de abertura de cases CS2 (CS:GO) online. Use um simulador gratuito com probabilidades reais de drop, sem necessidade de download ou registro. Abra agora!\",\"breadcrumb\":{\"@id\":\"https:\/\/csgocasesimulator.com\/pt-pt\/case-simulator\/#breadcrumb\"},\"inLanguage\":\"pt-PT\",\"potentialAction\":[{\"@type\":\"ReadAction\",\"target\":[\"https:\/\/csgocasesimulator.com\/pt-pt\/case-simulator\/\"]}]},{\"@type\":\"BreadcrumbList\",\"@id\":\"https:\/\/csgocasesimulator.com\/pt-pt\/case-simulator\/#breadcrumb\",\"itemListElement\":[{\"@type\":\"ListItem\",\"position\":1,\"name\":\"Home\",\"item\":\"https:\/\/csgocasesimulator.com\/pt-pt\/\"},{\"@type\":\"ListItem\",\"position\":2,\"name\":\"Simulador de Cases\"}]},{\"@type\":\"WebSite\",\"@id\":\"https:\/\/csgocasesimulator.com\/#website\",\"url\":\"https:\/\/csgocasesimulator.com\/\",\"name\":\"CS2 Case Simulator\",\"description\":\"CS2 Case Simulator\",\"potentialAction\":[{\"@type\":\"SearchAction\",\"target\":{\"@type\":\"EntryPoint\",\"urlTemplate\":\"https:\/\/csgocasesimulator.com\/?s={search_term_string}\"},\"query-input\":{\"@type\":\"PropertyValueSpecification\",\"valueRequired\":true,\"valueName\":\"search_term_string\"}}],\"inLanguage\":\"pt-PT\"}]}<\/script>\n<!-- \/ Yoast SEO plugin. -->","yoast_head_json":{"title":"Simulador de Abertura de Cases CS2 (CS:GO) Online | Abertura de Cases Gr\u00e1tis","description":"Experimente o melhor simulador de abertura de cases CS2 (CS:GO) online. Use um simulador gratuito com probabilidades reais de drop, sem necessidade de download ou registro. Abra agora!","robots":{"index":"index","follow":"follow","max-snippet":"max-snippet:-1","max-image-preview":"max-image-preview:large","max-video-preview":"max-video-preview:-1"},"canonical":"https:\/\/csgocasesimulator.com\/pt-pt\/case-simulator\/","og_locale":"pt_PT","og_type":"article","og_title":"Simulador de Abertura de Cases CS2 (CS:GO) Online | Abertura de Cases Gr\u00e1tis","og_description":"Experimente o melhor simulador de abertura de cases CS2 (CS:GO) online. Use um simulador gratuito com probabilidades reais de drop, sem necessidade de download ou registro. Abra agora!","og_url":"https:\/\/csgocasesimulator.com\/pt-pt\/case-simulator\/","og_site_name":"CS2 Case Simulator","twitter_card":"summary_large_image","twitter_misc":{"Est. reading time":"4 minutos"},"schema":{"@context":"https:\/\/schema.org","@graph":[{"@type":"WebPage","@id":"https:\/\/csgocasesimulator.com\/pt-pt\/case-simulator\/","url":"https:\/\/csgocasesimulator.com\/pt-pt\/case-simulator\/","name":"Simulador de Abertura de Cases CS2 (CS:GO) Online | Abertura de Cases Gr\u00e1tis","isPartOf":{"@id":"https:\/\/csgocasesimulator.com\/#website"},"datePublished":"2025-11-05T11:18:55+00:00","description":"Experimente o melhor simulador de abertura de cases CS2 (CS:GO) online. Use um simulador gratuito com probabilidades reais de drop, sem necessidade de download ou registro. Abra agora!","breadcrumb":{"@id":"https:\/\/csgocasesimulator.com\/pt-pt\/case-simulator\/#breadcrumb"},"inLanguage":"pt-PT","potentialAction":[{"@type":"ReadAction","target":["https:\/\/csgocasesimulator.com\/pt-pt\/case-simulator\/"]}]},{"@type":"BreadcrumbList","@id":"https:\/\/csgocasesimulator.com\/pt-pt\/case-simulator\/#breadcrumb","itemListElement":[{"@type":"ListItem","position":1,"name":"Home","item":"https:\/\/csgocasesimulator.com\/pt-pt\/"},{"@type":"ListItem","position":2,"name":"Simulador de Cases"}]},{"@type":"WebSite","@id":"https:\/\/csgocasesimulator.com\/#website","url":"https:\/\/csgocasesimulator.com\/","name":"CS2 Case Simulator","description":"CS2 Case Simulator","potentialAction":[{"@type":"SearchAction","target":{"@type":"EntryPoint","urlTemplate":"https:\/\/csgocasesimulator.com\/?s={search_term_string}"},"query-input":{"@type":"PropertyValueSpecification","valueRequired":true,"valueName":"search_term_string"}}],"inLanguage":"pt-PT"}]}},"_links":{"self":[{"href":"https:\/\/csgocasesimulator.com\/pt-pt\/wp-json\/wp\/v2\/pages\/493","targetHints":{"allow":["GET"]}}],"collection":[{"href":"https:\/\/csgocasesimulator.com\/pt-pt\/wp-json\/wp\/v2\/pages"}],"about":[{"href":"https:\/\/csgocasesimulator.com\/pt-pt\/wp-json\/wp\/v2\/types\/page"}],"author":[{"embeddable":true,"href":"https:\/\/csgocasesimulator.com\/pt-pt\/wp-json\/wp\/v2\/users\/1"}],"replies":[{"embeddable":true,"href":"https:\/\/csgocasesimulator.com\/pt-pt\/wp-json\/wp\/v2\/comments?post=493"}],"version-history":[{"count":1,"href":"https:\/\/csgocasesimulator.com\/pt-pt\/wp-json\/wp\/v2\/pages\/493\/revisions"}],"predecessor-version":[{"id":494,"href":"https:\/\/csgocasesimulator.com\/pt-pt\/wp-json\/wp\/v2\/pages\/493\/revisions\/494"}],"wp:attachment":[{"href":"https:\/\/csgocasesimulator.com\/pt-pt\/wp-json\/wp\/v2\/media?parent=493"}],"curies":[{"name":"wp","href":"https:\/\/api.w.org\/{rel}","templated":true}]}}