{"id":408,"date":"2022-09-18T13:43:11","date_gmt":"2022-09-18T13:43:11","guid":{"rendered":"https:\/\/csgocasesimulator.com\/case-simulator\/"},"modified":"2025-09-23T08:10:31","modified_gmt":"2025-09-23T08:10:31","slug":"case-simulator","status":"publish","type":"page","link":"https:\/\/csgocasesimulator.com\/pl\/case-simulator\/","title":{"rendered":"Case Simulator"},"content":{"rendered":"<h2><strong>Co to jest internetowy symulator skrzynek CS2 (CS:GO)?<\/strong><\/h2>\n<p data-start=\"105\" data-end=\"549\">Internetowy symulator otwierania skrzynek CS2 (CS:GO) to wirtualne narz\u0119dzie, kt\u00f3re symuluje proces otwierania skrzynek, podobnie jak w oficjalnej grze. G\u0142\u00f3wn\u0105 r\u00f3\u017cnic\u0105 mi\u0119dzy symulatorem a rzeczywistym otwieraniem skrzynek jest to, \u017ce gracz nie inwestuje pieni\u0119dzy, ale jednocze\u015bnie nie mo\u017ce zarz\u0105dza\u0107 otrzymanym sk\u00f3rk\u0105. Jest to po prostu symulacja stworzona dla zabawy, testowania strategii otwierania skrzynek i zrozumienia prawdopodobie\u0144stw.<\/p>\n<p data-start=\"551\" data-end=\"708\">Symulatory online s\u0105 bardzo popularne w spo\u0142eczno\u015bci CS2, poniewa\u017c pozwalaj\u0105 graczom na zabaw\u0119 i podj\u0119cie decyzji, czy warto inwestowa\u0107 w prawdziwe skrzynki.<\/p>\n<h2 data-start=\"710\" data-end=\"775\"><strong data-start=\"710\" data-end=\"775\">Jak dzia\u0142a darmowy symulator otwierania skrzynek CS2 (CS:GO)?<\/strong><\/h2>\n<p data-start=\"777\" data-end=\"1202\">Korzystanie z darmowego symulatora otwierania skrzynek CS2 (CS:GO) jest bardzo proste, wystarczy wykona\u0107 kilka krok\u00f3w. Pierwsz\u0105 rzecz\u0105, kt\u00f3r\u0105 musisz zrobi\u0107, to wybra\u0107 skrzynk\u0119 z listy dost\u0119pnych kolekcji. Mo\u017cesz wybra\u0107 dowoln\u0105, kt\u00f3ra Ci\u0119 interesuje. Nast\u0119pnie kliknij przycisk \u201eOtw\u00f3rz\u201d. Po chwili zobaczysz kr\u00f3tk\u0105 animacj\u0119, kt\u00f3r\u0105 mo\u017cesz pomin\u0105\u0107, je\u015bli chcesz. Po kilku sekundach pojawi si\u0119 otrzymana sk\u00f3rka, w tym jej jako\u015b\u0107.<\/p>\n<p data-start=\"1204\" data-end=\"1287\">Proces otwierania skrzynki mo\u017cesz powt\u00f3rzy\u0107 lub wybra\u0107 inn\u0105 skrzynk\u0119, je\u015bli chcesz.<\/p>\n<h2 data-start=\"1289\" data-end=\"1374\"><strong data-start=\"1289\" data-end=\"1374\">Dlaczego warto skorzysta\u0107 z darmowego symulatora otwierania skrzynek CS2 (CS:GO)?<\/strong><\/h2>\n<p data-start=\"1376\" data-end=\"1671\">Internetowy symulator otwierania skrzynek CS2 (CS:GO), kt\u00f3ry nie wymaga inwestycji, to \u015bwietna okazja, by po\u0107wiczy\u0107 przed otwieraniem prawdziwych skrzynek, szczeg\u00f3lnie dla pocz\u0105tkuj\u0105cych, kt\u00f3rzy nie s\u0105 zaznajomieni z t\u0105 mechanik\u0105 lub maj\u0105 ograniczone do\u015bwiadczenie w otwieraniu r\u00f3\u017cnych skrzynek.<\/p>\n<p data-start=\"1673\" data-end=\"1865\">Dzi\u0119ki symulatorowi online mo\u017cesz nie tylko poczu\u0107 ca\u0142y proces, ale tak\u017ce zrozumie\u0107, jak nieprzewidywalne mog\u0105 by\u0107 wyniki i jak rozs\u0105dne mo\u017ce by\u0107 inwestowanie prawdziwych pieni\u0119dzy w skrzynki.<\/p>\n<p data-start=\"1867\" data-end=\"2134\">Jest to tak\u017ce doskona\u0142a okazja, aby zapozna\u0107 si\u0119 z zawarto\u015bci\u0105 skrzynek, pozna\u0107 rzadkie i drogie sk\u00f3rki. Mo\u017cesz spojrze\u0107 na te sk\u00f3rki, kt\u00f3re wcze\u015bniej nie wywo\u0142ywa\u0142y emocji. Mo\u017ce znajdziesz co\u015b, co stanie si\u0119 celem Twojej przysz\u0142ej inwestycji i da Ci du\u017co inspiracji!<\/p>\n<h2 data-start=\"2136\" data-end=\"2183\"><strong data-start=\"2136\" data-end=\"2183\">Rodzaje skrzynek CS2, kt\u00f3re mo\u017cesz otworzy\u0107<\/strong><\/h2>\n<p data-start=\"2185\" data-end=\"2503\">W darmowym symulatorze otwierania skrzynek CS2 gracze mog\u0105 otworzy\u0107 zar\u00f3wno stare, jak i nowe skrzynki. W\u015br\u00f3d nich znajduj\u0105 si\u0119 Recoil, Falchion, Dreams &amp; Nightmares oraz Revolution. Ka\u017cda skrzynka zawiera unikalny zestaw sk\u00f3rek, a symulator online pozwala spr\u00f3bowa\u0107 szcz\u0119\u015bcia we wszystkich z nich bez \u017cadnych koszt\u00f3w.<\/p>\n<p data-start=\"2505\" data-end=\"2517\"><em>Na przyk\u0142ad:<\/em><\/p>\n<ul data-start=\"2519\" data-end=\"3044\">\n<li data-start=\"2519\" data-end=\"2644\">\n<p data-start=\"2521\" data-end=\"2644\"><strong data-start=\"2521\" data-end=\"2536\">Recoil Case<\/strong> \u2014 zawiera r\u0119kawice i sk\u00f3rki takie jak USP-S | Printstream, AWP | Chromatic Aberration i AK-47 | Ice Coaled.<\/p>\n<\/li>\n<li data-start=\"2645\" data-end=\"2780\">\n<p data-start=\"2647\" data-end=\"2780\"><strong data-start=\"2647\" data-end=\"2664\">Falchion Case<\/strong> \u2014 daje szans\u0119 na zdobycie no\u017ca lub warto\u015bciowych sk\u00f3rek, takich jak AWP | Hyper Beast i AK-47 | Aquamarine Revenge.<\/p>\n<\/li>\n<li data-start=\"2781\" data-end=\"2909\">\n<p data-start=\"2783\" data-end=\"2909\"><strong data-start=\"2783\" data-end=\"2802\">Revolution Case<\/strong> \u2014 zawiera r\u0119kawice oraz jaskrawe sk\u00f3rki takie jak M4A4 | Temukau, AK-47 | Head Shot i UMP-45 | Wild Child.<\/p>\n<\/li>\n<li data-start=\"2910\" data-end=\"3044\">\n<p data-start=\"2912\" data-end=\"3044\"><strong data-start=\"2912\" data-end=\"2940\">Dreams &amp; Nightmares Case<\/strong> \u2014 zawiera sk\u00f3rki takie jak AK-47 | Nightwish i MP9 | Starlight Protector, oraz szans\u0119 na zdobycie no\u017ca.<\/p>\n<\/li>\n<\/ul>\n<p data-start=\"3046\" data-end=\"3147\">Jest o co walczy\u0107, a darmowy symulator otwierania skrzynek CS2 mo\u017ce pom\u00f3c Ci zdoby\u0107 wymarzon\u0105 sk\u00f3rk\u0119!<\/p>\n<h2><strong>Szanse i wska\u017aniki w internetowych symulatorach<\/strong><\/h2>\n<p data-start=\"3202\" data-end=\"3345\">Darmowy symulator otwierania skrzynek CS2 u\u017cywa tych samych wska\u017anik\u00f3w drop\u00f3w, kt\u00f3re obowi\u0105zuj\u0105 w rzeczywisto\u015bci.<\/p>\n<p data-start=\"3202\" data-end=\"3345\"><em>Tak wi\u0119c szanse na uzyskanie:<\/em><\/p>\n<ul data-start=\"3347\" data-end=\"3480\">\n<li data-start=\"3347\" data-end=\"3377\">\n<p data-start=\"3349\" data-end=\"3377\">Sk\u00f3rki o rarze Covert: 0,64%<\/p>\n<\/li>\n<li data-start=\"3378\" data-end=\"3403\">\n<p data-start=\"3380\" data-end=\"3403\">Sk\u00f3rki Classified: 3,2%<\/p>\n<\/li>\n<li data-start=\"3404\" data-end=\"3431\">\n<p data-start=\"3406\" data-end=\"3431\">Sk\u00f3rki Restricted: 15,98%<\/p>\n<\/li>\n<li data-start=\"3432\" data-end=\"3480\">\n<p data-start=\"3434\" data-end=\"3480\">Sk\u00f3rki Mil-Spec (najbardziej dost\u0119pne): 79,92%<\/p>\n<\/li>\n<\/ul>\n<p data-start=\"3482\" data-end=\"3741\">Darmowy symulator otwierania skrzynek modeluje r\u00f3wnie\u017c obecno\u015b\u0107 licznika StatTrak oraz jako\u015b\u0107 sk\u00f3rek (od Battle-Scarred do Factory New). Dzi\u0119ki temu u\u017cytkownik otrzymuje najbardziej realistyczne do\u015bwiadczenie otwierania skrzynek, nie ryzykuj\u0105c utraty \u015brodk\u00f3w.<\/p>\n<p data-start=\"3743\" data-end=\"3823\">Przy okazji, jest <strong>zni\u017cka \u221210%<\/strong> na zakup pierwszych dw\u00f3ch sk\u00f3rek z danej skrzynki.<\/p>\n<h2><strong>Spr\u00f3buj darmowego symulatora otwierania skrzynek CS2 ju\u017c teraz<\/strong><\/h2>\n<p data-start=\"3893\" data-end=\"4099\">Skrzynki w CS2 zachwycaj\u0105 graczy r\u00f3\u017cnorodno\u015bci\u0105 sk\u00f3rek, a Ty z pewno\u015bci\u0105 masz swoj\u0105 wymarzon\u0105 skrzynk\u0119 lub sk\u00f3rk\u0119. Skorzystaj z darmowego symulatora otwierania skrzynek CS2, aby spr\u00f3bowa\u0107 swojego szcz\u0119\u015bcia!<\/p>\n<p data-start=\"4101\" data-end=\"4353\">Bezpieczny i ekscytuj\u0105cy darmowy symulator skrzynek mo\u017ce sta\u0107 si\u0119 przewodnikiem po Twojej warto\u015bciowej kolekcji sk\u00f3rek. Otwieraj skrzynki i dziel si\u0119 wynikami z przyjaci\u00f3\u0142mi, poniewa\u017c jeszcze fajniej jest rywalizowa\u0107 i osi\u0105ga\u0107 nowe wyniki w grze razem!<\/p>\n","protected":false},"excerpt":{"rendered":"<p>Co to jest internetowy symulator skrzynek CS2 (CS:GO)? Internetowy symulator otwierania skrzynek CS2 (CS:GO) to wirtualne narz\u0119dzie, kt\u00f3re symuluje proces otwierania skrzynek, podobnie jak w oficjalnej grze. G\u0142\u00f3wn\u0105 r\u00f3\u017cnic\u0105 mi\u0119dzy symulatorem a rzeczywistym otwieraniem skrzynek jest to, \u017ce gracz nie inwestuje pieni\u0119dzy, ale jednocze\u015bnie nie mo\u017ce zarz\u0105dza\u0107 otrzymanym sk\u00f3rk\u0105. Jest to po prostu symulacja stworzona [&hellip;]<\/p>\n","protected":false},"author":1,"featured_media":0,"parent":0,"menu_order":0,"comment_status":"closed","ping_status":"closed","template":"templates\/features-template.php","meta":{"_acf_changed":false,"footnotes":""},"class_list":["post-408","page","type-page","status-publish","hentry"],"acf":[],"yoast_head":"<!-- This site is optimized with the Yoast SEO plugin v26.3 - https:\/\/yoast.com\/wordpress\/plugins\/seo\/ -->\n<title>Symulator Otwierania Skrzynek CS2 Online: Darmowy Opener Skrzynek<\/title>\n<meta name=\"description\" content=\"Wypr\u00f3buj najlepszy darmowy symulator otwierania skrzynek CS2 (CS:GO) online. Skorzystaj z openera skrzynek z prawdziwymi wska\u017anikami drop\u00f3w, bez pobierania i rejestracji.\" \/>\n<meta name=\"robots\" content=\"index, follow, max-snippet:-1, max-image-preview:large, max-video-preview:-1\" \/>\n<link rel=\"canonical\" href=\"https:\/\/csgocasesimulator.com\/pl\/case-simulator\/\" \/>\n<meta property=\"og:locale\" content=\"pl_PL\" \/>\n<meta property=\"og:type\" content=\"article\" \/>\n<meta property=\"og:title\" content=\"Symulator Otwierania Skrzynek CS2 Online: Darmowy Opener Skrzynek\" \/>\n<meta property=\"og:description\" content=\"Wypr\u00f3buj najlepszy darmowy symulator otwierania skrzynek CS2 (CS:GO) online. Skorzystaj z openera skrzynek z prawdziwymi wska\u017anikami drop\u00f3w, bez pobierania i rejestracji.\" \/>\n<meta property=\"og:url\" content=\"https:\/\/csgocasesimulator.com\/pl\/case-simulator\/\" \/>\n<meta property=\"og:site_name\" content=\"CS2 Case Simulator\" \/>\n<meta property=\"article:modified_time\" content=\"2025-09-23T08:10:31+00:00\" \/>\n<meta name=\"twitter:card\" content=\"summary_large_image\" \/>\n<meta name=\"twitter:label1\" content=\"Est. reading time\" \/>\n\t<meta name=\"twitter:data1\" content=\"3 minuty\" \/>\n<script type=\"application\/ld+json\" class=\"yoast-schema-graph\">{\"@context\":\"https:\/\/schema.org\",\"@graph\":[{\"@type\":\"WebPage\",\"@id\":\"https:\/\/csgocasesimulator.com\/pl\/case-simulator\/\",\"url\":\"https:\/\/csgocasesimulator.com\/pl\/case-simulator\/\",\"name\":\"Symulator Otwierania Skrzynek CS2 Online: Darmowy Opener Skrzynek\",\"isPartOf\":{\"@id\":\"https:\/\/csgocasesimulator.com\/#website\"},\"datePublished\":\"2022-09-18T13:43:11+00:00\",\"dateModified\":\"2025-09-23T08:10:31+00:00\",\"description\":\"Wypr\u00f3buj najlepszy darmowy symulator otwierania skrzynek CS2 (CS:GO) online. Skorzystaj z openera skrzynek z prawdziwymi wska\u017anikami drop\u00f3w, bez pobierania i rejestracji.\",\"breadcrumb\":{\"@id\":\"https:\/\/csgocasesimulator.com\/pl\/case-simulator\/#breadcrumb\"},\"inLanguage\":\"pl-PL\",\"potentialAction\":[{\"@type\":\"ReadAction\",\"target\":[\"https:\/\/csgocasesimulator.com\/pl\/case-simulator\/\"]}]},{\"@type\":\"BreadcrumbList\",\"@id\":\"https:\/\/csgocasesimulator.com\/pl\/case-simulator\/#breadcrumb\",\"itemListElement\":[{\"@type\":\"ListItem\",\"position\":1,\"name\":\"Home\",\"item\":\"https:\/\/csgocasesimulator.com\/pl\/\"},{\"@type\":\"ListItem\",\"position\":2,\"name\":\"Case Simulator\"}]},{\"@type\":\"WebSite\",\"@id\":\"https:\/\/csgocasesimulator.com\/#website\",\"url\":\"https:\/\/csgocasesimulator.com\/\",\"name\":\"CS2 Case Simulator\",\"description\":\"CS2 Case Simulator\",\"potentialAction\":[{\"@type\":\"SearchAction\",\"target\":{\"@type\":\"EntryPoint\",\"urlTemplate\":\"https:\/\/csgocasesimulator.com\/?s={search_term_string}\"},\"query-input\":{\"@type\":\"PropertyValueSpecification\",\"valueRequired\":true,\"valueName\":\"search_term_string\"}}],\"inLanguage\":\"pl-PL\"}]}<\/script>\n<!-- \/ Yoast SEO plugin. -->","yoast_head_json":{"title":"Symulator Otwierania Skrzynek CS2 Online: Darmowy Opener Skrzynek","description":"Wypr\u00f3buj najlepszy darmowy symulator otwierania skrzynek CS2 (CS:GO) online. Skorzystaj z openera skrzynek z prawdziwymi wska\u017anikami drop\u00f3w, bez pobierania i rejestracji.","robots":{"index":"index","follow":"follow","max-snippet":"max-snippet:-1","max-image-preview":"max-image-preview:large","max-video-preview":"max-video-preview:-1"},"canonical":"https:\/\/csgocasesimulator.com\/pl\/case-simulator\/","og_locale":"pl_PL","og_type":"article","og_title":"Symulator Otwierania Skrzynek CS2 Online: Darmowy Opener Skrzynek","og_description":"Wypr\u00f3buj najlepszy darmowy symulator otwierania skrzynek CS2 (CS:GO) online. Skorzystaj z openera skrzynek z prawdziwymi wska\u017anikami drop\u00f3w, bez pobierania i rejestracji.","og_url":"https:\/\/csgocasesimulator.com\/pl\/case-simulator\/","og_site_name":"CS2 Case Simulator","article_modified_time":"2025-09-23T08:10:31+00:00","twitter_card":"summary_large_image","twitter_misc":{"Est. reading time":"3 minuty"},"schema":{"@context":"https:\/\/schema.org","@graph":[{"@type":"WebPage","@id":"https:\/\/csgocasesimulator.com\/pl\/case-simulator\/","url":"https:\/\/csgocasesimulator.com\/pl\/case-simulator\/","name":"Symulator Otwierania Skrzynek CS2 Online: Darmowy Opener Skrzynek","isPartOf":{"@id":"https:\/\/csgocasesimulator.com\/#website"},"datePublished":"2022-09-18T13:43:11+00:00","dateModified":"2025-09-23T08:10:31+00:00","description":"Wypr\u00f3buj najlepszy darmowy symulator otwierania skrzynek CS2 (CS:GO) online. Skorzystaj z openera skrzynek z prawdziwymi wska\u017anikami drop\u00f3w, bez pobierania i rejestracji.","breadcrumb":{"@id":"https:\/\/csgocasesimulator.com\/pl\/case-simulator\/#breadcrumb"},"inLanguage":"pl-PL","potentialAction":[{"@type":"ReadAction","target":["https:\/\/csgocasesimulator.com\/pl\/case-simulator\/"]}]},{"@type":"BreadcrumbList","@id":"https:\/\/csgocasesimulator.com\/pl\/case-simulator\/#breadcrumb","itemListElement":[{"@type":"ListItem","position":1,"name":"Home","item":"https:\/\/csgocasesimulator.com\/pl\/"},{"@type":"ListItem","position":2,"name":"Case Simulator"}]},{"@type":"WebSite","@id":"https:\/\/csgocasesimulator.com\/#website","url":"https:\/\/csgocasesimulator.com\/","name":"CS2 Case Simulator","description":"CS2 Case Simulator","potentialAction":[{"@type":"SearchAction","target":{"@type":"EntryPoint","urlTemplate":"https:\/\/csgocasesimulator.com\/?s={search_term_string}"},"query-input":{"@type":"PropertyValueSpecification","valueRequired":true,"valueName":"search_term_string"}}],"inLanguage":"pl-PL"}]}},"_links":{"self":[{"href":"https:\/\/csgocasesimulator.com\/pl\/wp-json\/wp\/v2\/pages\/408","targetHints":{"allow":["GET"]}}],"collection":[{"href":"https:\/\/csgocasesimulator.com\/pl\/wp-json\/wp\/v2\/pages"}],"about":[{"href":"https:\/\/csgocasesimulator.com\/pl\/wp-json\/wp\/v2\/types\/page"}],"author":[{"embeddable":true,"href":"https:\/\/csgocasesimulator.com\/pl\/wp-json\/wp\/v2\/users\/1"}],"replies":[{"embeddable":true,"href":"https:\/\/csgocasesimulator.com\/pl\/wp-json\/wp\/v2\/comments?post=408"}],"version-history":[{"count":3,"href":"https:\/\/csgocasesimulator.com\/pl\/wp-json\/wp\/v2\/pages\/408\/revisions"}],"predecessor-version":[{"id":426,"href":"https:\/\/csgocasesimulator.com\/pl\/wp-json\/wp\/v2\/pages\/408\/revisions\/426"}],"wp:attachment":[{"href":"https:\/\/csgocasesimulator.com\/pl\/wp-json\/wp\/v2\/media?parent=408"}],"curies":[{"name":"wp","href":"https:\/\/api.w.org\/{rel}","templated":true}]}}