{"id":495,"date":"2025-11-05T11:20:42","date_gmt":"2025-11-05T11:20:42","guid":{"rendered":"https:\/\/csgocasesimulator.com\/?page_id=495"},"modified":"2025-11-05T11:20:42","modified_gmt":"2025-11-05T11:20:42","slug":"case-simulator","status":"publish","type":"page","link":"https:\/\/csgocasesimulator.com\/no\/case-simulator\/","title":{"rendered":"Case Simulator"},"content":{"rendered":"<h2>Hva er en online CS2 (CS:GO) case simulator?<\/h2>\n<p data-start=\"0\" data-end=\"148\"><strong data-start=\"0\" data-end=\"38\">CS2 (CS:GO) case opening simulator<\/strong> er et virtuelt verkt\u00f8y som <strong data-start=\"66\" data-end=\"107\">simulerer prosessen med \u00e5 \u00e5pne kasser<\/strong>, akkurat som i det offisielle spillet. Den st\u00f8rste forskjellen mellom en simulator og ekte case opening er at <strong data-start=\"221\" data-end=\"271\">spilleren ikke trenger \u00e5 investere ekte penger<\/strong>, men samtidig <strong data-start=\"286\" data-end=\"316\">kan ikke h\u00e5ndtere skinsene<\/strong> som \u00e5pnes. Det er kun en simulering laget for <strong data-start=\"363\" data-end=\"371\">moro<\/strong>, for \u00e5 <strong data-start=\"379\" data-end=\"399\">teste strategier<\/strong> for case opening og <strong data-start=\"420\" data-end=\"447\">forst\u00e5 sannsynlighetene<\/strong> bak drops.<\/p>\n<p data-start=\"460\" data-end=\"635\" data-is-last-node=\"\" data-is-only-node=\"\"><strong data-start=\"460\" data-end=\"482\">Online simulatorer<\/strong> er sv\u00e6rt popul\u00e6re i <strong data-start=\"503\" data-end=\"518\">CS2-milj\u00f8et<\/strong> fordi de lar spillere <strong data-start=\"541\" data-end=\"555\" data-is-only-node=\"\">ha det g\u00f8y<\/strong>, samtidig som de kan vurdere om de \u00f8nsker \u00e5 <strong data-start=\"600\" data-end=\"627\">investere i ekte kasser<\/strong> senere.<\/p>\n<h2>Hvordan fungerer den gratis CS2 case simulatoren?<\/h2>\n<p data-start=\"0\" data-end=\"118\">\u00c5 bruke den <strong data-start=\"12\" data-end=\"59\">gratis CS2 (CS:GO) case opening simulatoren<\/strong> er veldig enkelt, du trenger bare \u00e5 gj\u00f8re noen f\u00e5 trinn.<\/p>\n<p data-start=\"120\" data-end=\"466\">Det f\u00f8rste du m\u00e5 gj\u00f8re er \u00e5 <strong data-start=\"148\" data-end=\"166\">velge en kasse<\/strong> fra listen over tilgjengelige kolleksjoner. Du kan velge hvilken som helst som interesserer deg. Deretter klikker du p\u00e5 <strong data-start=\"289\" data-end=\"299\">\u00abOpen\u00bb<\/strong>-knappen. Etter det vil du se en kort animasjon, som du kan hoppe over hvis du vil. Etter noen sekunder vil du se <strong data-start=\"417\" data-end=\"436\">skinnen du fikk<\/strong>, inkludert kvaliteten dens.<\/p>\n<p data-start=\"468\" data-end=\"576\" data-is-last-node=\"\" data-is-only-node=\"\">Den <strong data-start=\"472\" data-end=\"505\">gratis case opening-prosessen<\/strong> kan gjentas, eller du kan <strong data-start=\"532\" data-end=\"556\">velge en annen kasse<\/strong> hvis du \u00f8nsker det.<\/p>\n<h2>Hvorfor bruke en gratis CS2 (CS:GO) case opening simulator?<\/h2>\n<p data-start=\"0\" data-end=\"255\">En <strong data-start=\"3\" data-end=\"37\">CS2 (CS:GO) online case opener<\/strong> som ikke krever investering, er en flott mulighet til \u00e5 <strong data-start=\"94\" data-end=\"130\">\u00f8ve seg f\u00f8r du \u00e5pner ekte kasser<\/strong>, spesielt for <strong data-start=\"145\" data-end=\"160\">nybegynnere<\/strong> som ikke er kjent med denne mekanikken eller har begrenset erfaring med \u00e5 \u00e5pne ulike kasser.<\/p>\n<p data-start=\"257\" data-end=\"479\">Med hjelp av en <strong data-start=\"273\" data-end=\"307\">online CS2 (CS:GO) case opener<\/strong> kan du ikke bare <strong data-start=\"325\" data-end=\"351\">oppleve hele prosessen<\/strong>, men ogs\u00e5 forst\u00e5 <strong data-start=\"369\" data-end=\"412\">hvor uforutsigbare resultatene kan v\u00e6re<\/strong>, og vurdere <strong data-start=\"425\" data-end=\"476\">om det er lurt \u00e5 investere ekte penger i kasser<\/strong>.<\/p>\n<p data-start=\"481\" data-end=\"763\" data-is-last-node=\"\" data-is-only-node=\"\">Det er ogs\u00e5 en <strong data-start=\"496\" data-end=\"542\">fin m\u00e5te \u00e5 l\u00e6re mer om innholdet i kassene<\/strong>, bli kjent med <strong data-start=\"558\" data-end=\"583\">sjeldne og dyre skins<\/strong>, og kanskje oppdage nye skins du tidligere ikke har lagt merke til. Kanskje finner du <strong data-start=\"670\" data-end=\"710\">ditt neste m\u00e5l for et fremtidig kj\u00f8p<\/strong>, som kan gi deg <strong data-start=\"727\" data-end=\"762\">masse inspirasjon og motivasjon<\/strong>!<\/p>\n<h2>Typer CS2-kasser du kan \u00e5pne<\/h2>\n<p data-start=\"0\" data-end=\"321\">I den <strong data-start=\"6\" data-end=\"45\">gratis CS2 case opening simulatoren<\/strong> kan spillere \u00e5pne b\u00e5de <strong data-start=\"69\" data-end=\"92\">gamle og nye kasser<\/strong>. Blant dem finner du <strong data-start=\"114\" data-end=\"124\">Recoil<\/strong>, <strong data-start=\"126\" data-end=\"138\">Falchion<\/strong>, <strong data-start=\"140\" data-end=\"163\">Dreams &amp; Nightmares<\/strong> og <strong data-start=\"167\" data-end=\"181\">Revolution<\/strong>.<br data-start=\"182\" data-end=\"185\" \/>Hver kasse inneholder et unikt utvalg av <strong data-start=\"226\" data-end=\"235\">skins<\/strong>, og simulatoren lar deg <strong data-start=\"260\" data-end=\"281\">teste flaksen din<\/strong> i alle disse <strong data-start=\"295\" data-end=\"318\">uten noen kostnader<\/strong>.<\/p>\n<p data-start=\"323\" data-end=\"342\"><strong data-start=\"323\" data-end=\"340\">For eksempel:<\/strong><\/p>\n<ul data-start=\"344\" data-end=\"908\">\n<li data-start=\"344\" data-end=\"480\">\n<p data-start=\"346\" data-end=\"480\"><strong data-start=\"346\" data-end=\"361\">Recoil Case<\/strong> \u2013 inneholder hansker og skins som <strong data-start=\"396\" data-end=\"419\">USP-S | Printstream<\/strong>, <strong data-start=\"421\" data-end=\"451\">AWP | Chromatic Aberration<\/strong> og <strong data-start=\"455\" data-end=\"477\" data-is-only-node=\"\">AK-47 | Ice Coaled<\/strong>.<\/p>\n<\/li>\n<li data-start=\"481\" data-end=\"621\">\n<p data-start=\"483\" data-end=\"621\"><strong data-start=\"483\" data-end=\"500\">Falchion Case<\/strong> \u2013 gir sjansen til \u00e5 f\u00e5 en <strong data-start=\"527\" data-end=\"535\">kniv<\/strong> eller verdifulle skins som <strong data-start=\"563\" data-end=\"584\">AWP | Hyper Beast<\/strong> og <strong data-start=\"588\" data-end=\"618\" data-is-only-node=\"\">AK-47 | Aquamarine Revenge<\/strong>.<\/p>\n<\/li>\n<li data-start=\"622\" data-end=\"759\">\n<p data-start=\"624\" data-end=\"759\"><strong data-start=\"624\" data-end=\"643\">Revolution Case<\/strong> \u2013 inkluderer hansker og fargerike skins som <strong data-start=\"688\" data-end=\"706\">M4A4 | Temukau<\/strong>, <strong data-start=\"708\" data-end=\"729\">AK-47 | Head Shot<\/strong> og <strong data-start=\"733\" data-end=\"756\" data-is-only-node=\"\">UMP-45 | Wild Child<\/strong>.<\/p>\n<\/li>\n<li data-start=\"760\" data-end=\"908\">\n<p data-start=\"762\" data-end=\"908\"><strong data-start=\"762\" data-end=\"790\">Dreams &amp; Nightmares Case<\/strong> \u2013 inneholder skins som <strong data-start=\"814\" data-end=\"835\">AK-47 | Nightwish<\/strong> og <strong data-start=\"839\" data-end=\"868\">MP9 | Starlight Protector<\/strong>, samt en sjanse til \u00e5 f\u00e5 en <strong data-start=\"897\" data-end=\"905\" data-is-only-node=\"\">kniv<\/strong>.<\/p>\n<\/li>\n<\/ul>\n<p data-start=\"910\" data-end=\"1038\" data-is-last-node=\"\" data-is-only-node=\"\">Det er <strong data-start=\"917\" data-end=\"937\">mye \u00e5 kjempe for<\/strong>, og med den <strong data-start=\"950\" data-end=\"997\">gratis CS2 (CS:GO) case opening simulatoren<\/strong> kan du kanskje f\u00e5 <strong data-start=\"1016\" data-end=\"1037\">dr\u00f8mmeskinnen din<\/strong>!<\/p>\n<h2>Odds og drop rates i online simulatorer<\/h2>\n<p data-start=\"0\" data-end=\"136\">Den <strong data-start=\"4\" data-end=\"43\">gratis CS2 case opening simulatoren<\/strong> bruker <strong data-start=\"51\" data-end=\"74\">de samme drop rates<\/strong> som er relevante i virkeligheten. Slik er sjansen for \u00e5 f\u00e5:<\/p>\n<ul data-start=\"138\" data-end=\"289\">\n<li data-start=\"138\" data-end=\"171\">\n<p data-start=\"140\" data-end=\"171\"><strong data-start=\"140\" data-end=\"163\">Covert rarity skin:<\/strong> 0,64%<\/p>\n<\/li>\n<li data-start=\"172\" data-end=\"203\">\n<p data-start=\"174\" data-end=\"203\"><strong data-start=\"174\" data-end=\"196\">Classified rarity:<\/strong> 3,2%<\/p>\n<\/li>\n<li data-start=\"204\" data-end=\"237\">\n<p data-start=\"206\" data-end=\"237\"><strong data-start=\"206\" data-end=\"228\">Restricted rarity:<\/strong> 15,98%<\/p>\n<\/li>\n<li data-start=\"238\" data-end=\"289\">\n<p data-start=\"240\" data-end=\"289\"><strong data-start=\"240\" data-end=\"280\">Mil-Spec rarity (mest tilgjengelig):<\/strong> 79,92%<\/p>\n<\/li>\n<\/ul>\n<p data-start=\"291\" data-end=\"549\">Den gratis case openeren simulerer ogs\u00e5 <strong data-start=\"331\" data-end=\"351\">StatTrak-counter<\/strong> og <strong data-start=\"355\" data-end=\"378\">kvaliteten p\u00e5 skins<\/strong> (fra <em data-start=\"384\" data-end=\"400\">Battle-Scarred<\/em> til <em data-start=\"405\" data-end=\"418\">Factory New<\/em>).<br data-start=\"420\" data-end=\"423\" \/>Takket v\u00e6re dette f\u00e5r brukeren en <strong data-start=\"457\" data-end=\"493\">mest mulig realistisk opplevelse<\/strong> av case opening \u2013 helt uten risiko for \u00e5 tape penger.<\/p>\n<p data-start=\"551\" data-end=\"631\" data-is-last-node=\"\" data-is-only-node=\"\">Forresten, det er <strong data-start=\"569\" data-end=\"584\">\u221210% rabatt<\/strong> p\u00e5 kj\u00f8pet av de to f\u00f8rste skinsene fra kassen.<\/p>\n<h2>Pr\u00f8v den gratis CS2 case opening simulatoren n\u00e5<\/h2>\n<p data-start=\"0\" data-end=\"211\">Kasser i <strong data-start=\"9\" data-end=\"16\">CS2<\/strong> gleder spillere med et bredt utvalg av <strong data-start=\"56\" data-end=\"65\">skins<\/strong>, og du har sikkert noen <strong data-start=\"90\" data-end=\"106\">dr\u00f8mmekasser<\/strong> eller <strong data-start=\"113\" data-end=\"122\">skins<\/strong> du \u00f8nsker deg. Bruk den <strong data-start=\"149\" data-end=\"180\">gratis CS2 case simulatoren<\/strong> for \u00e5 <strong data-start=\"187\" data-end=\"208\">teste flaksen din<\/strong>!<\/p>\n<p data-start=\"213\" data-end=\"441\" data-is-last-node=\"\" data-is-only-node=\"\">En <strong data-start=\"216\" data-end=\"260\">trygg og spennende gratis case simulator<\/strong> kan v\u00e6re din guide til en <strong data-start=\"287\" data-end=\"318\">fantastisk samling av skins<\/strong>.<br data-start=\"319\" data-end=\"322\" \/>\u00c5pne kasser og <strong data-start=\"337\" data-end=\"367\">del resultatene med venner<\/strong> \u2013 det er mye morsommere \u00e5 konkurrere og oppn\u00e5 nye spillresultater sammen!<\/p>\n","protected":false},"excerpt":{"rendered":"<p>Hva er en online CS2 (CS:GO) case simulator? CS2 (CS:GO) case opening simulator er et virtuelt verkt\u00f8y som simulerer prosessen med \u00e5 \u00e5pne kasser, akkurat som i det offisielle spillet. Den st\u00f8rste forskjellen mellom en simulator og ekte case opening er at spilleren ikke trenger \u00e5 investere ekte penger, men samtidig kan ikke h\u00e5ndtere skinsene [&hellip;]<\/p>\n","protected":false},"author":1,"featured_media":0,"parent":0,"menu_order":0,"comment_status":"closed","ping_status":"closed","template":"templates\/features-template.php","meta":{"_acf_changed":false,"footnotes":""},"class_list":["post-495","page","type-page","status-publish","hentry"],"acf":[],"yoast_head":"<!-- This site is optimized with the Yoast SEO plugin v26.3 - https:\/\/yoast.com\/wordpress\/plugins\/seo\/ -->\n<title>CS2 (CS:GO) Case Opening Simulator Online | Gratis Case Opener<\/title>\n<meta name=\"description\" content=\"Pr\u00f8v den beste CS2 (CS:GO) case opening simulatoren online. Bruk en gratis case opener med ekte drop rates, helt uten nedlasting eller registrering. \u00c5pne n\u00e5!\" \/>\n<meta name=\"robots\" content=\"index, follow, max-snippet:-1, max-image-preview:large, max-video-preview:-1\" \/>\n<link rel=\"canonical\" href=\"https:\/\/csgocasesimulator.com\/no\/case-simulator\/\" \/>\n<meta property=\"og:locale\" content=\"nb_NO\" \/>\n<meta property=\"og:type\" content=\"article\" \/>\n<meta property=\"og:title\" content=\"CS2 (CS:GO) Case Opening Simulator Online | Gratis Case Opener\" \/>\n<meta property=\"og:description\" content=\"Pr\u00f8v den beste CS2 (CS:GO) case opening simulatoren online. Bruk en gratis case opener med ekte drop rates, helt uten nedlasting eller registrering. \u00c5pne n\u00e5!\" \/>\n<meta property=\"og:url\" content=\"https:\/\/csgocasesimulator.com\/no\/case-simulator\/\" \/>\n<meta property=\"og:site_name\" content=\"CS2 Case Simulator\" \/>\n<meta name=\"twitter:card\" content=\"summary_large_image\" \/>\n<meta name=\"twitter:title\" content=\"CS2 (CS:GO) Case Opening Simulator Online | Gratis Case Opener\" \/>\n<meta name=\"twitter:description\" content=\"Pr\u00f8v den beste CS2 (CS:GO) case opening simulatoren online. Bruk en gratis case opener med ekte drop rates, helt uten nedlasting eller registrering. \u00c5pne n\u00e5!\" \/>\n<meta name=\"twitter:label1\" content=\"Est. reading time\" \/>\n\t<meta name=\"twitter:data1\" content=\"3 minutter\" \/>\n<script type=\"application\/ld+json\" class=\"yoast-schema-graph\">{\"@context\":\"https:\/\/schema.org\",\"@graph\":[{\"@type\":\"WebPage\",\"@id\":\"https:\/\/csgocasesimulator.com\/no\/case-simulator\/\",\"url\":\"https:\/\/csgocasesimulator.com\/no\/case-simulator\/\",\"name\":\"CS2 (CS:GO) Case Opening Simulator Online | Gratis Case Opener\",\"isPartOf\":{\"@id\":\"https:\/\/csgocasesimulator.com\/#website\"},\"datePublished\":\"2025-11-05T11:20:42+00:00\",\"description\":\"Pr\u00f8v den beste CS2 (CS:GO) case opening simulatoren online. Bruk en gratis case opener med ekte drop rates, helt uten nedlasting eller registrering. \u00c5pne n\u00e5!\",\"breadcrumb\":{\"@id\":\"https:\/\/csgocasesimulator.com\/no\/case-simulator\/#breadcrumb\"},\"inLanguage\":\"nb-NO\",\"potentialAction\":[{\"@type\":\"ReadAction\",\"target\":[\"https:\/\/csgocasesimulator.com\/no\/case-simulator\/\"]}]},{\"@type\":\"BreadcrumbList\",\"@id\":\"https:\/\/csgocasesimulator.com\/no\/case-simulator\/#breadcrumb\",\"itemListElement\":[{\"@type\":\"ListItem\",\"position\":1,\"name\":\"Home\",\"item\":\"https:\/\/csgocasesimulator.com\/no\/\"},{\"@type\":\"ListItem\",\"position\":2,\"name\":\"Case Simulator\"}]},{\"@type\":\"WebSite\",\"@id\":\"https:\/\/csgocasesimulator.com\/#website\",\"url\":\"https:\/\/csgocasesimulator.com\/\",\"name\":\"CS2 Case Simulator\",\"description\":\"CS2 Case Simulator\",\"potentialAction\":[{\"@type\":\"SearchAction\",\"target\":{\"@type\":\"EntryPoint\",\"urlTemplate\":\"https:\/\/csgocasesimulator.com\/?s={search_term_string}\"},\"query-input\":{\"@type\":\"PropertyValueSpecification\",\"valueRequired\":true,\"valueName\":\"search_term_string\"}}],\"inLanguage\":\"nb-NO\"}]}<\/script>\n<!-- \/ Yoast SEO plugin. -->","yoast_head_json":{"title":"CS2 (CS:GO) Case Opening Simulator Online | Gratis Case Opener","description":"Pr\u00f8v den beste CS2 (CS:GO) case opening simulatoren online. Bruk en gratis case opener med ekte drop rates, helt uten nedlasting eller registrering. \u00c5pne n\u00e5!","robots":{"index":"index","follow":"follow","max-snippet":"max-snippet:-1","max-image-preview":"max-image-preview:large","max-video-preview":"max-video-preview:-1"},"canonical":"https:\/\/csgocasesimulator.com\/no\/case-simulator\/","og_locale":"nb_NO","og_type":"article","og_title":"CS2 (CS:GO) Case Opening Simulator Online | Gratis Case Opener","og_description":"Pr\u00f8v den beste CS2 (CS:GO) case opening simulatoren online. Bruk en gratis case opener med ekte drop rates, helt uten nedlasting eller registrering. \u00c5pne n\u00e5!","og_url":"https:\/\/csgocasesimulator.com\/no\/case-simulator\/","og_site_name":"CS2 Case Simulator","twitter_card":"summary_large_image","twitter_title":"CS2 (CS:GO) Case Opening Simulator Online | Gratis Case Opener","twitter_description":"Pr\u00f8v den beste CS2 (CS:GO) case opening simulatoren online. Bruk en gratis case opener med ekte drop rates, helt uten nedlasting eller registrering. \u00c5pne n\u00e5!","twitter_misc":{"Est. reading time":"3 minutter"},"schema":{"@context":"https:\/\/schema.org","@graph":[{"@type":"WebPage","@id":"https:\/\/csgocasesimulator.com\/no\/case-simulator\/","url":"https:\/\/csgocasesimulator.com\/no\/case-simulator\/","name":"CS2 (CS:GO) Case Opening Simulator Online | Gratis Case Opener","isPartOf":{"@id":"https:\/\/csgocasesimulator.com\/#website"},"datePublished":"2025-11-05T11:20:42+00:00","description":"Pr\u00f8v den beste CS2 (CS:GO) case opening simulatoren online. Bruk en gratis case opener med ekte drop rates, helt uten nedlasting eller registrering. \u00c5pne n\u00e5!","breadcrumb":{"@id":"https:\/\/csgocasesimulator.com\/no\/case-simulator\/#breadcrumb"},"inLanguage":"nb-NO","potentialAction":[{"@type":"ReadAction","target":["https:\/\/csgocasesimulator.com\/no\/case-simulator\/"]}]},{"@type":"BreadcrumbList","@id":"https:\/\/csgocasesimulator.com\/no\/case-simulator\/#breadcrumb","itemListElement":[{"@type":"ListItem","position":1,"name":"Home","item":"https:\/\/csgocasesimulator.com\/no\/"},{"@type":"ListItem","position":2,"name":"Case Simulator"}]},{"@type":"WebSite","@id":"https:\/\/csgocasesimulator.com\/#website","url":"https:\/\/csgocasesimulator.com\/","name":"CS2 Case Simulator","description":"CS2 Case Simulator","potentialAction":[{"@type":"SearchAction","target":{"@type":"EntryPoint","urlTemplate":"https:\/\/csgocasesimulator.com\/?s={search_term_string}"},"query-input":{"@type":"PropertyValueSpecification","valueRequired":true,"valueName":"search_term_string"}}],"inLanguage":"nb-NO"}]}},"_links":{"self":[{"href":"https:\/\/csgocasesimulator.com\/no\/wp-json\/wp\/v2\/pages\/495","targetHints":{"allow":["GET"]}}],"collection":[{"href":"https:\/\/csgocasesimulator.com\/no\/wp-json\/wp\/v2\/pages"}],"about":[{"href":"https:\/\/csgocasesimulator.com\/no\/wp-json\/wp\/v2\/types\/page"}],"author":[{"embeddable":true,"href":"https:\/\/csgocasesimulator.com\/no\/wp-json\/wp\/v2\/users\/1"}],"replies":[{"embeddable":true,"href":"https:\/\/csgocasesimulator.com\/no\/wp-json\/wp\/v2\/comments?post=495"}],"version-history":[{"count":1,"href":"https:\/\/csgocasesimulator.com\/no\/wp-json\/wp\/v2\/pages\/495\/revisions"}],"predecessor-version":[{"id":496,"href":"https:\/\/csgocasesimulator.com\/no\/wp-json\/wp\/v2\/pages\/495\/revisions\/496"}],"wp:attachment":[{"href":"https:\/\/csgocasesimulator.com\/no\/wp-json\/wp\/v2\/media?parent=495"}],"curies":[{"name":"wp","href":"https:\/\/api.w.org\/{rel}","templated":true}]}}