{"id":434,"date":"2022-09-16T08:35:37","date_gmt":"2022-09-16T08:35:37","guid":{"rendered":"https:\/\/csgocasesimulator.com\/home-page\/"},"modified":"2025-09-23T10:12:35","modified_gmt":"2025-09-23T10:12:35","slug":"home-page","status":"publish","type":"page","link":"https:\/\/csgocasesimulator.com\/fr\/","title":{"rendered":"Home Page"},"content":{"rendered":"","protected":false},"excerpt":{"rendered":"","protected":false},"author":1,"featured_media":0,"parent":0,"menu_order":0,"comment_status":"closed","ping_status":"closed","template":"templates\/home-template.php","meta":{"_acf_changed":false,"footnotes":""},"class_list":["post-434","page","type-page","status-publish","hentry"],"acf":[],"yoast_head":"<!-- This site is optimized with the Yoast SEO plugin v26.3 - https:\/\/yoast.com\/wordpress\/plugins\/seo\/ -->\n<title>Simulateur d\u2019ouverture de caisses CS2 (CS:GO): T\u00e9l\u00e9chargez l\u2019App<\/title>\n<meta name=\"description\" content=\"Utilisez notre simulateur d\u2019ouverture de caisses CS2 (CS:GO) pour d\u00e9baller des skins rares. T\u00e9l\u00e9chargez la meilleure application d\u2019ouverture de caisses CS2 et jouez au jeu d\u2019ouverture de caisses le plus excitant.\" \/>\n<meta name=\"robots\" content=\"index, follow, max-snippet:-1, max-image-preview:large, max-video-preview:-1\" \/>\n<link rel=\"canonical\" href=\"https:\/\/csgocasesimulator.com\/fr\/\" \/>\n<meta property=\"og:locale\" content=\"fr_FR\" \/>\n<meta property=\"og:type\" content=\"article\" \/>\n<meta property=\"og:title\" content=\"Simulateur d\u2019ouverture de caisses CS2 (CS:GO): T\u00e9l\u00e9chargez l\u2019App\" \/>\n<meta property=\"og:description\" content=\"Utilisez notre simulateur d\u2019ouverture de caisses CS2 (CS:GO) pour d\u00e9baller des skins rares. T\u00e9l\u00e9chargez la meilleure application d\u2019ouverture de caisses CS2 et jouez au jeu d\u2019ouverture de caisses le plus excitant.\" \/>\n<meta property=\"og:url\" content=\"https:\/\/csgocasesimulator.com\/fr\/\" \/>\n<meta property=\"og:site_name\" content=\"CS2 Case Simulator\" \/>\n<meta property=\"article:modified_time\" content=\"2025-09-23T10:12:35+00:00\" \/>\n<meta name=\"twitter:card\" content=\"summary_large_image\" \/>\n<script type=\"application\/ld+json\" class=\"yoast-schema-graph\">{\"@context\":\"https:\/\/schema.org\",\"@graph\":[{\"@type\":\"WebPage\",\"@id\":\"https:\/\/csgocasesimulator.com\/fr\/\",\"url\":\"https:\/\/csgocasesimulator.com\/fr\/\",\"name\":\"Simulateur d\u2019ouverture de caisses CS2 (CS:GO): T\u00e9l\u00e9chargez l\u2019App\",\"isPartOf\":{\"@id\":\"https:\/\/csgocasesimulator.com\/#website\"},\"datePublished\":\"2022-09-16T08:35:37+00:00\",\"dateModified\":\"2025-09-23T10:12:35+00:00\",\"description\":\"Utilisez notre simulateur d\u2019ouverture de caisses CS2 (CS:GO) pour d\u00e9baller des skins rares. T\u00e9l\u00e9chargez la meilleure application d\u2019ouverture de caisses CS2 et jouez au jeu d\u2019ouverture de caisses le plus excitant.\",\"breadcrumb\":{\"@id\":\"https:\/\/csgocasesimulator.com\/fr\/#breadcrumb\"},\"inLanguage\":\"fr-FR\",\"potentialAction\":[{\"@type\":\"ReadAction\",\"target\":[\"https:\/\/csgocasesimulator.com\/fr\/\"]}]},{\"@type\":\"BreadcrumbList\",\"@id\":\"https:\/\/csgocasesimulator.com\/fr\/#breadcrumb\",\"itemListElement\":[{\"@type\":\"ListItem\",\"position\":1,\"name\":\"Home\",\"item\":\"https:\/\/csgocasesimulator.com\/fr\/\"},{\"@type\":\"ListItem\",\"position\":2,\"name\":\"Home Page\"}]},{\"@type\":\"WebSite\",\"@id\":\"https:\/\/csgocasesimulator.com\/#website\",\"url\":\"https:\/\/csgocasesimulator.com\/\",\"name\":\"CS2 Case Simulator\",\"description\":\"CS2 Case Simulator\",\"potentialAction\":[{\"@type\":\"SearchAction\",\"target\":{\"@type\":\"EntryPoint\",\"urlTemplate\":\"https:\/\/csgocasesimulator.com\/?s={search_term_string}\"},\"query-input\":{\"@type\":\"PropertyValueSpecification\",\"valueRequired\":true,\"valueName\":\"search_term_string\"}}],\"inLanguage\":\"fr-FR\"}]}<\/script>\n<!-- \/ Yoast SEO plugin. -->","yoast_head_json":{"title":"Simulateur d\u2019ouverture de caisses CS2 (CS:GO): T\u00e9l\u00e9chargez l\u2019App","description":"Utilisez notre simulateur d\u2019ouverture de caisses CS2 (CS:GO) pour d\u00e9baller des skins rares. T\u00e9l\u00e9chargez la meilleure application d\u2019ouverture de caisses CS2 et jouez au jeu d\u2019ouverture de caisses le plus excitant.","robots":{"index":"index","follow":"follow","max-snippet":"max-snippet:-1","max-image-preview":"max-image-preview:large","max-video-preview":"max-video-preview:-1"},"canonical":"https:\/\/csgocasesimulator.com\/fr\/","og_locale":"fr_FR","og_type":"article","og_title":"Simulateur d\u2019ouverture de caisses CS2 (CS:GO): T\u00e9l\u00e9chargez l\u2019App","og_description":"Utilisez notre simulateur d\u2019ouverture de caisses CS2 (CS:GO) pour d\u00e9baller des skins rares. T\u00e9l\u00e9chargez la meilleure application d\u2019ouverture de caisses CS2 et jouez au jeu d\u2019ouverture de caisses le plus excitant.","og_url":"https:\/\/csgocasesimulator.com\/fr\/","og_site_name":"CS2 Case Simulator","article_modified_time":"2025-09-23T10:12:35+00:00","twitter_card":"summary_large_image","schema":{"@context":"https:\/\/schema.org","@graph":[{"@type":"WebPage","@id":"https:\/\/csgocasesimulator.com\/fr\/","url":"https:\/\/csgocasesimulator.com\/fr\/","name":"Simulateur d\u2019ouverture de caisses CS2 (CS:GO): T\u00e9l\u00e9chargez l\u2019App","isPartOf":{"@id":"https:\/\/csgocasesimulator.com\/#website"},"datePublished":"2022-09-16T08:35:37+00:00","dateModified":"2025-09-23T10:12:35+00:00","description":"Utilisez notre simulateur d\u2019ouverture de caisses CS2 (CS:GO) pour d\u00e9baller des skins rares. T\u00e9l\u00e9chargez la meilleure application d\u2019ouverture de caisses CS2 et jouez au jeu d\u2019ouverture de caisses le plus excitant.","breadcrumb":{"@id":"https:\/\/csgocasesimulator.com\/fr\/#breadcrumb"},"inLanguage":"fr-FR","potentialAction":[{"@type":"ReadAction","target":["https:\/\/csgocasesimulator.com\/fr\/"]}]},{"@type":"BreadcrumbList","@id":"https:\/\/csgocasesimulator.com\/fr\/#breadcrumb","itemListElement":[{"@type":"ListItem","position":1,"name":"Home","item":"https:\/\/csgocasesimulator.com\/fr\/"},{"@type":"ListItem","position":2,"name":"Home Page"}]},{"@type":"WebSite","@id":"https:\/\/csgocasesimulator.com\/#website","url":"https:\/\/csgocasesimulator.com\/","name":"CS2 Case Simulator","description":"CS2 Case Simulator","potentialAction":[{"@type":"SearchAction","target":{"@type":"EntryPoint","urlTemplate":"https:\/\/csgocasesimulator.com\/?s={search_term_string}"},"query-input":{"@type":"PropertyValueSpecification","valueRequired":true,"valueName":"search_term_string"}}],"inLanguage":"fr-FR"}]}},"_links":{"self":[{"href":"https:\/\/csgocasesimulator.com\/fr\/wp-json\/wp\/v2\/pages\/434","targetHints":{"allow":["GET"]}}],"collection":[{"href":"https:\/\/csgocasesimulator.com\/fr\/wp-json\/wp\/v2\/pages"}],"about":[{"href":"https:\/\/csgocasesimulator.com\/fr\/wp-json\/wp\/v2\/types\/page"}],"author":[{"embeddable":true,"href":"https:\/\/csgocasesimulator.com\/fr\/wp-json\/wp\/v2\/users\/1"}],"replies":[{"embeddable":true,"href":"https:\/\/csgocasesimulator.com\/fr\/wp-json\/wp\/v2\/comments?post=434"}],"version-history":[{"count":3,"href":"https:\/\/csgocasesimulator.com\/fr\/wp-json\/wp\/v2\/pages\/434\/revisions"}],"predecessor-version":[{"id":438,"href":"https:\/\/csgocasesimulator.com\/fr\/wp-json\/wp\/v2\/pages\/434\/revisions\/438"}],"wp:attachment":[{"href":"https:\/\/csgocasesimulator.com\/fr\/wp-json\/wp\/v2\/media?parent=434"}],"curies":[{"name":"wp","href":"https:\/\/api.w.org\/{rel}","templated":true}]}}