{"id":384,"date":"2025-09-19T12:00:52","date_gmt":"2025-09-19T12:00:52","guid":{"rendered":"https:\/\/csgocasesimulator.com\/?page_id=384"},"modified":"2025-11-05T10:55:35","modified_gmt":"2025-11-05T10:55:35","slug":"case-simulator","status":"publish","type":"page","link":"https:\/\/csgocasesimulator.com\/fr\/case-simulator\/","title":{"rendered":"Case Simulator"},"content":{"rendered":"\n<h2 class=\"wp-block-heading\"><strong>Qu&rsquo;est-ce qu&rsquo;un simulateur d&rsquo;ouverture de caisses CS2 (CS:GO) en ligne?<\/strong><\/h2>\n\n\n\n<p>Le simulateur d\u2019ouverture de caisses CS2 (CS:GO) est un outil virtuel qui simule le processus d\u2019ouverture de caisses, exactement comme dans le jeu officiel. La principale diff\u00e9rence entre le simulateur et l\u2019ouverture de caisses r\u00e9elle est que le joueur n\u2019effectue pas d\u2019investissement, mais en contrepartie, il ne peut pas g\u00e9rer les skins obtenus. C&rsquo;est simplement une simulation cr\u00e9\u00e9e pour le plaisir, permettant de tester des strat\u00e9gies d\u2019ouverture de caisses et de comprendre les probabilit\u00e9s. Les simulateurs en ligne sont tr\u00e8s populaires dans la communaut\u00e9 CS2 car ils permettent aux joueurs de s\u2019amuser et de d\u00e9cider s&rsquo;ils souhaitent investir dans de vraies caisses.<\/p>\n\n\n\n<h2 class=\"wp-block-heading\"><strong>Comment fonctionne le simulateur gratuit d\u2019ouverture de caisses CS2?<\/strong><\/h2>\n\n\n\n<p>Utiliser le simulateur gratuit d\u2019ouverture de caisses CS2 (CS:GO) est tr\u00e8s simple et ne n\u00e9cessite que quelques \u00e9tapes. La premi\u00e8re chose \u00e0 faire est de s\u00e9lectionner une caisse parmi les collections disponibles. Vous pouvez choisir celle qui vous int\u00e9resse. Ensuite, cliquez sur le bouton \u00ab\u00a0Ouvrir\u00a0\u00bb. Vous verrez ensuite une courte animation, que vous pouvez passer si vous le souhaitez. Apr\u00e8s quelques secondes, vous d\u00e9couvrirez le skin obtenu, ainsi que sa qualit\u00e9. Le processus d\u2019ouverture de caisses peut \u00eatre r\u00e9p\u00e9t\u00e9 ou vous pouvez choisir une autre caisse si vous le souhaitez.<\/p>\n\n\n\n<h2 class=\"wp-block-heading\"><strong>Pourquoi utiliser un simulateur d\u2019ouverture de caisses CS2 (CS:GO) gratuit?<\/strong><\/h2>\n\n\n\n<p>Un simulateur d\u2019ouverture de caisses en ligne CS2 (CS:GO), qui ne n\u00e9cessite aucun investissement, est une excellente occasion de s\u2019entra\u00eener avant d\u2019ouvrir des caisses r\u00e9elles, notamment pour les d\u00e9butants qui ne sont pas familiers avec cette m\u00e9canique ou qui ont peu d\u2019exp\u00e9rience dans l\u2019ouverture de diff\u00e9rentes caisses. Gr\u00e2ce au simulateur en ligne CS2 (CS:GO), vous pouvez non seulement ressentir tout le processus, mais aussi comprendre \u00e0 quel point les r\u00e9sultats peuvent \u00eatre impr\u00e9visibles et dans quelle mesure il est conseill\u00e9 d\u2019investir de l\u2019argent r\u00e9el dans des caisses. C\u2019est aussi une excellente fa\u00e7on de d\u00e9couvrir le contenu des caisses et de vous familiariser avec les skins rares et co\u00fbteux. Vous pourriez avoir un regard neuf sur des skins qui ne vous avaient pas \u00e9moustill\u00e9 auparavant. Peut-\u00eatre trouverez-vous ici un skin qui deviendra votre futur achat et vous apportera une v\u00e9ritable source d\u2019inspiration !<\/p>\n\n\n\n<h2 class=\"wp-block-heading\"><strong>Types de caisses CS2 que vous pouvez ouvrir<\/strong><\/h2>\n\n\n\n<p>Dans le simulateur gratuit d\u2019ouverture de caisses CS2, les joueurs peuvent ouvrir des caisses anciennes et r\u00e9centes. Parmi celles-ci, on retrouve la caisse Recoil, Falchion, Dreams &amp; Nightmares et Revolution. Chaque caisse contient un ensemble unique de skins, et le simulateur en ligne vous permet d\u2019essayer votre chance dans toutes sans aucun frais. <\/p>\n\n\n\n<p><em>Par exemple :<\/em><\/p>\n\n\n\n<ul class=\"wp-block-list\">\n<li><strong>Caisse Recoil<\/strong> : propose des gants et des skins comme USP-S | Printstream, AWP | Chromatic Aberration, et AK-47 | Ice Coaled.<\/li>\n\n\n\n<li><strong>Caisse Falchion<\/strong> : offre une chance d\u2019obtenir un couteau ou des skins pr\u00e9cieux tels que AWP | Hyper Beast et AK-47 | Aquamarine Revenge.<\/li>\n\n\n\n<li><strong>Caisse Revolution<\/strong> : contient des gants et des skins \u00e9clatants comme M4A4 | Temukau, AK-47 | Head Shot, et UMP-45 | Wild Child.<\/li>\n\n\n\n<li><strong>Caisse Dreams &amp; Nightmares<\/strong> : propose des skins comme AK-47 | Nightwish et MP9 | Starlight Protector, et offre \u00e9galement la chance d\u2019obtenir un couteau.<\/li>\n<\/ul>\n\n\n\n<p>Il y a de quoi se battre, et le simulateur gratuit d\u2019ouverture de caisses CS2 (CS:GO) peut vous aider \u00e0 obtenir le skin de vos r\u00eaves!<\/p>\n\n\n\n<h2 class=\"wp-block-heading\"><strong>Cotes et taux de drop dans les simulateurs en ligne<\/strong><\/h2>\n\n\n\n<p>Le simulateur gratuit d\u2019ouverture de caisses CS2 utilise les m\u00eames taux de drop que ceux en vigueur dans la r\u00e9alit\u00e9. <\/p>\n\n\n\n<p><em>Ainsi, les chances d\u2019obtenir :<\/em><\/p>\n\n\n\n<ul class=\"wp-block-list\">\n<li><strong>Skin rare Covert<\/strong> : 0,64 %<\/li>\n\n\n\n<li><strong>Raret\u00e9 Classifi\u00e9e<\/strong> : 3,2 %<\/li>\n\n\n\n<li><strong>Raret\u00e9 Restreinte<\/strong> : 15,98 %<\/li>\n\n\n\n<li><strong>Raret\u00e9 Mil-Spec (la plus accessible)<\/strong> : 79,92 %<\/li>\n<\/ul>\n\n\n\n<p>Le simulateur gratuit prend \u00e9galement en compte la pr\u00e9sence d\u2019un compteur StatTrak et la qualit\u00e9 des skins (de Battle-Scarred \u00e0 Factory New). Gr\u00e2ce \u00e0 cela, l\u2019utilisateur b\u00e9n\u00e9ficie de l\u2019exp\u00e9rience la plus r\u00e9aliste possible d\u2019ouverture de caisses, sans risquer de perdre de l\u2019argent. D\u2019ailleurs, il y a une r\u00e9duction de \u221210 % sur l\u2019achat des deux premiers skins obtenus de la caisse.<\/p>\n\n\n\n<h2 class=\"wp-block-heading\"><strong>Essayez le simulateur gratuit d\u2019ouverture de caisses CS2 d\u00e8s maintenant!<\/strong><\/h2>\n\n\n\n<p>Les caisses CS2 enchantent les joueurs avec leur grande vari\u00e9t\u00e9 de skins, et vous avez probablement celui ou celle qui fait r\u00eaver. Utilisez le simulateur gratuit de caisses CS2 pour tenter votre chance ! Ce simulateur s\u00e9curis\u00e9 et excitant peut devenir un guide vers une collection de skins digne de ce nom. Ouvrez des caisses et partagez les r\u00e9sultats avec vos amis, car c\u2019est bien plus amusant de rivaliser et d\u2019atteindre de nouveaux r\u00e9sultats de jeu ensemble!<\/p>\n\n\n\n<p>Vous r\u00eavez d&rsquo;ouvrir une caisse CS2 et d\u2019obtenir un skin ou un couteau co\u00fbteux ? Le simulateur en ligne d\u2019ouverture de caisses CS2 (CS:GO) est une excellente occasion de tester les caisses disponibles dans le jeu, totalement gratuitement ! Le simulateur r\u00e9plique parfaitement la m\u00e9canique d\u2019ouverture des caisses CS2 r\u00e9elles, permettant aux joueurs de ressentir la m\u00eame excitation et de comprendre ce qu&rsquo;ils peuvent attendre lorsqu&rsquo;ils ouvrent une caisse r\u00e9elle. Mais l\u2019avantage principal, c\u2019est qu&rsquo;il est disponible \u00e0 tout moment et ne n\u00e9cessite aucun effort. Essayez d\u00e8s maintenant notre simulateur d\u2019ouverture de caisses CS2 (CS:GO) en ligne et d\u00e9couvrez votre chance!<\/p>\n","protected":false},"excerpt":{"rendered":"<p>Qu&rsquo;est-ce qu&rsquo;un simulateur d&rsquo;ouverture de caisses CS2 (CS:GO) en ligne? Le simulateur d\u2019ouverture de caisses CS2 (CS:GO) est un outil virtuel qui simule le processus d\u2019ouverture de caisses, exactement comme dans le jeu officiel. La principale diff\u00e9rence entre le simulateur et l\u2019ouverture de caisses r\u00e9elle est que le joueur n\u2019effectue pas d\u2019investissement, mais en contrepartie, [&hellip;]<\/p>\n","protected":false},"author":1,"featured_media":0,"parent":0,"menu_order":0,"comment_status":"closed","ping_status":"closed","template":"templates\/features-template.php","meta":{"_acf_changed":false,"footnotes":""},"class_list":["post-384","page","type-page","status-publish","hentry"],"acf":[],"yoast_head":"<!-- This site is optimized with the Yoast SEO plugin v26.3 - https:\/\/yoast.com\/wordpress\/plugins\/seo\/ -->\n<title>Simulateur d\u2019ouverture de Caisses CS2 (CS:GO): Ouvrez des Caisses Gratuitement<\/title>\n<meta name=\"description\" content=\"D\u00e9couvrez le meilleur simulateur d\u2019ouverture de caisses CS2 (CS:GO) gratuit. Ouvrez des caisses en ligne avec des taux de drop r\u00e9els, sans inscription ni t\u00e9l\u00e9chargement.\" \/>\n<meta name=\"robots\" content=\"index, follow, max-snippet:-1, max-image-preview:large, max-video-preview:-1\" \/>\n<link rel=\"canonical\" href=\"https:\/\/csgocasesimulator.com\/fr\/case-simulator\/\" \/>\n<meta property=\"og:locale\" content=\"fr_FR\" \/>\n<meta property=\"og:type\" content=\"article\" \/>\n<meta property=\"og:title\" content=\"Simulateur d\u2019ouverture de Caisses CS2 (CS:GO): Ouvrez des Caisses Gratuitement\" \/>\n<meta property=\"og:description\" content=\"D\u00e9couvrez le meilleur simulateur d\u2019ouverture de caisses CS2 (CS:GO) gratuit. Ouvrez des caisses en ligne avec des taux de drop r\u00e9els, sans inscription ni t\u00e9l\u00e9chargement.\" \/>\n<meta property=\"og:url\" content=\"https:\/\/csgocasesimulator.com\/fr\/case-simulator\/\" \/>\n<meta property=\"og:site_name\" content=\"CS2 Case Simulator\" \/>\n<meta property=\"article:modified_time\" content=\"2025-11-05T10:55:35+00:00\" \/>\n<meta name=\"twitter:card\" content=\"summary_large_image\" \/>\n<meta name=\"twitter:label1\" content=\"Dur\u00e9e de lecture estim\u00e9e\" \/>\n\t<meta name=\"twitter:data1\" content=\"4 minutes\" \/>\n<script type=\"application\/ld+json\" class=\"yoast-schema-graph\">{\"@context\":\"https:\/\/schema.org\",\"@graph\":[{\"@type\":\"WebPage\",\"@id\":\"https:\/\/csgocasesimulator.com\/fr\/case-simulator\/\",\"url\":\"https:\/\/csgocasesimulator.com\/fr\/case-simulator\/\",\"name\":\"Simulateur d\u2019ouverture de Caisses CS2 (CS:GO): Ouvrez des Caisses Gratuitement\",\"isPartOf\":{\"@id\":\"https:\/\/csgocasesimulator.com\/#website\"},\"datePublished\":\"2025-09-19T12:00:52+00:00\",\"dateModified\":\"2025-11-05T10:55:35+00:00\",\"description\":\"D\u00e9couvrez le meilleur simulateur d\u2019ouverture de caisses CS2 (CS:GO) gratuit. Ouvrez des caisses en ligne avec des taux de drop r\u00e9els, sans inscription ni t\u00e9l\u00e9chargement.\",\"breadcrumb\":{\"@id\":\"https:\/\/csgocasesimulator.com\/fr\/case-simulator\/#breadcrumb\"},\"inLanguage\":\"fr-FR\",\"potentialAction\":[{\"@type\":\"ReadAction\",\"target\":[\"https:\/\/csgocasesimulator.com\/fr\/case-simulator\/\"]}]},{\"@type\":\"BreadcrumbList\",\"@id\":\"https:\/\/csgocasesimulator.com\/fr\/case-simulator\/#breadcrumb\",\"itemListElement\":[{\"@type\":\"ListItem\",\"position\":1,\"name\":\"Home\",\"item\":\"https:\/\/csgocasesimulator.com\/fr\/\"},{\"@type\":\"ListItem\",\"position\":2,\"name\":\"Case Simulator\"}]},{\"@type\":\"WebSite\",\"@id\":\"https:\/\/csgocasesimulator.com\/#website\",\"url\":\"https:\/\/csgocasesimulator.com\/\",\"name\":\"CS2 Case Simulator\",\"description\":\"CS2 Case Simulator\",\"potentialAction\":[{\"@type\":\"SearchAction\",\"target\":{\"@type\":\"EntryPoint\",\"urlTemplate\":\"https:\/\/csgocasesimulator.com\/?s={search_term_string}\"},\"query-input\":{\"@type\":\"PropertyValueSpecification\",\"valueRequired\":true,\"valueName\":\"search_term_string\"}}],\"inLanguage\":\"fr-FR\"}]}<\/script>\n<!-- \/ Yoast SEO plugin. -->","yoast_head_json":{"title":"Simulateur d\u2019ouverture de Caisses CS2 (CS:GO): Ouvrez des Caisses Gratuitement","description":"D\u00e9couvrez le meilleur simulateur d\u2019ouverture de caisses CS2 (CS:GO) gratuit. Ouvrez des caisses en ligne avec des taux de drop r\u00e9els, sans inscription ni t\u00e9l\u00e9chargement.","robots":{"index":"index","follow":"follow","max-snippet":"max-snippet:-1","max-image-preview":"max-image-preview:large","max-video-preview":"max-video-preview:-1"},"canonical":"https:\/\/csgocasesimulator.com\/fr\/case-simulator\/","og_locale":"fr_FR","og_type":"article","og_title":"Simulateur d\u2019ouverture de Caisses CS2 (CS:GO): Ouvrez des Caisses Gratuitement","og_description":"D\u00e9couvrez le meilleur simulateur d\u2019ouverture de caisses CS2 (CS:GO) gratuit. Ouvrez des caisses en ligne avec des taux de drop r\u00e9els, sans inscription ni t\u00e9l\u00e9chargement.","og_url":"https:\/\/csgocasesimulator.com\/fr\/case-simulator\/","og_site_name":"CS2 Case Simulator","article_modified_time":"2025-11-05T10:55:35+00:00","twitter_card":"summary_large_image","twitter_misc":{"Dur\u00e9e de lecture estim\u00e9e":"4 minutes"},"schema":{"@context":"https:\/\/schema.org","@graph":[{"@type":"WebPage","@id":"https:\/\/csgocasesimulator.com\/fr\/case-simulator\/","url":"https:\/\/csgocasesimulator.com\/fr\/case-simulator\/","name":"Simulateur d\u2019ouverture de Caisses CS2 (CS:GO): Ouvrez des Caisses Gratuitement","isPartOf":{"@id":"https:\/\/csgocasesimulator.com\/#website"},"datePublished":"2025-09-19T12:00:52+00:00","dateModified":"2025-11-05T10:55:35+00:00","description":"D\u00e9couvrez le meilleur simulateur d\u2019ouverture de caisses CS2 (CS:GO) gratuit. Ouvrez des caisses en ligne avec des taux de drop r\u00e9els, sans inscription ni t\u00e9l\u00e9chargement.","breadcrumb":{"@id":"https:\/\/csgocasesimulator.com\/fr\/case-simulator\/#breadcrumb"},"inLanguage":"fr-FR","potentialAction":[{"@type":"ReadAction","target":["https:\/\/csgocasesimulator.com\/fr\/case-simulator\/"]}]},{"@type":"BreadcrumbList","@id":"https:\/\/csgocasesimulator.com\/fr\/case-simulator\/#breadcrumb","itemListElement":[{"@type":"ListItem","position":1,"name":"Home","item":"https:\/\/csgocasesimulator.com\/fr\/"},{"@type":"ListItem","position":2,"name":"Case Simulator"}]},{"@type":"WebSite","@id":"https:\/\/csgocasesimulator.com\/#website","url":"https:\/\/csgocasesimulator.com\/","name":"CS2 Case Simulator","description":"CS2 Case Simulator","potentialAction":[{"@type":"SearchAction","target":{"@type":"EntryPoint","urlTemplate":"https:\/\/csgocasesimulator.com\/?s={search_term_string}"},"query-input":{"@type":"PropertyValueSpecification","valueRequired":true,"valueName":"search_term_string"}}],"inLanguage":"fr-FR"}]}},"_links":{"self":[{"href":"https:\/\/csgocasesimulator.com\/fr\/wp-json\/wp\/v2\/pages\/384","targetHints":{"allow":["GET"]}}],"collection":[{"href":"https:\/\/csgocasesimulator.com\/fr\/wp-json\/wp\/v2\/pages"}],"about":[{"href":"https:\/\/csgocasesimulator.com\/fr\/wp-json\/wp\/v2\/types\/page"}],"author":[{"embeddable":true,"href":"https:\/\/csgocasesimulator.com\/fr\/wp-json\/wp\/v2\/users\/1"}],"replies":[{"embeddable":true,"href":"https:\/\/csgocasesimulator.com\/fr\/wp-json\/wp\/v2\/comments?post=384"}],"version-history":[{"count":6,"href":"https:\/\/csgocasesimulator.com\/fr\/wp-json\/wp\/v2\/pages\/384\/revisions"}],"predecessor-version":[{"id":425,"href":"https:\/\/csgocasesimulator.com\/fr\/wp-json\/wp\/v2\/pages\/384\/revisions\/425"}],"wp:attachment":[{"href":"https:\/\/csgocasesimulator.com\/fr\/wp-json\/wp\/v2\/media?parent=384"}],"curies":[{"name":"wp","href":"https:\/\/api.w.org\/{rel}","templated":true}]}}