{"id":491,"date":"2025-11-05T11:16:48","date_gmt":"2025-11-05T11:16:48","guid":{"rendered":"https:\/\/csgocasesimulator.com\/?page_id=491"},"modified":"2025-11-05T11:16:48","modified_gmt":"2025-11-05T11:16:48","slug":"case-simulator","status":"publish","type":"page","link":"https:\/\/csgocasesimulator.com\/fi\/case-simulator\/","title":{"rendered":"Case Simulator"},"content":{"rendered":"<h2>Mik\u00e4 on online CS2 (CS:GO) case simulator?<\/h2>\n<p data-start=\"0\" data-end=\"453\">CS2 (CS:GO) case opening -simulaattori on virtuaalinen ty\u00f6kalu, joka j\u00e4ljittelee casejen avaamisprosessia aivan kuten virallisessa peliss\u00e4. Suurin ero simulaattorin ja oikeiden casejen avaamisen v\u00e4lill\u00e4 on se, ett\u00e4 pelaajan ei tarvitse tehd\u00e4 rahallista sijoitusta, mutta samalla h\u00e4n ei voi hallita saamaansa skinia. Se on siis vain simulaatio, joka on luotu hauskanpitoon, casejen avaamisstrategioiden testaamiseen ja todenn\u00e4k\u00f6isyyksien ymm\u00e4rt\u00e4miseen.<\/p>\n<p data-start=\"455\" data-end=\"630\" data-is-last-node=\"\" data-is-only-node=\"\">Online-simulaattorit ovat eritt\u00e4in suosittuja CS2-yhteis\u00f6ss\u00e4, sill\u00e4 ne antavat pelaajille mahdollisuuden pit\u00e4\u00e4 hauskaa ja arvioida, haluavatko he sijoittaa oikeisiin caseihin.<\/p>\n<h2>Kuinka ilmainen CS2 case simulator toimii?<\/h2>\n<p data-start=\"0\" data-end=\"138\">Ilmaisen CS2 (CS:GO) case opening -simulaattorin k\u00e4ytt\u00e4minen on eritt\u00e4in helppoa, ja siihen tarvitaan vain muutama yksinkertainen vaihe. Ensimm\u00e4iseksi sinun tulee <strong data-start=\"166\" data-end=\"181\">valita case<\/strong> tarjolla olevista kokoelmista. Voit valita mink\u00e4 tahansa casen, joka kiinnostaa sinua. Sen j\u00e4lkeen klikkaa <strong data-start=\"289\" data-end=\"299\">&#8221;Open&#8221;<\/strong>-painiketta. T\u00e4m\u00e4n j\u00e4lkeen n\u00e4et lyhyen animaation, jonka voit halutessasi ohittaa. Muutaman sekunnin kuluttua n\u00e4et avatusta casesta pudonneen skinin sek\u00e4 sen <strong data-start=\"460\" data-end=\"470\">laadun<\/strong>.<\/p>\n<p data-start=\"475\" data-end=\"600\" data-is-last-node=\"\" data-is-only-node=\"\">Ilmaista case opening -prosessia voi toistaa niin monta kertaa kuin haluat, tai voit valita toisen casen ja jatkaa avaamista.<\/p>\n<h2>Miksi k\u00e4ytt\u00e4\u00e4 ilmaista CS2 (CS:GO) case opening -simulaattoria?<\/h2>\n<p data-start=\"0\" data-end=\"279\">CS2 (CS:GO) online case opener, joka ei vaadi rahallista sijoitusta, on loistava mahdollisuus harjoitella ennen oikeiden casejen avaamista \u2013 erityisesti aloittelijoille, jotka eiv\u00e4t viel\u00e4 tunne t\u00e4t\u00e4 mekaniikkaa tai joilla on vain v\u00e4h\u00e4n kokemusta erilaisten casejen avaamisesta.<\/p>\n<p data-start=\"281\" data-end=\"487\">Online CS2 (CS:GO) case openerin avulla voit paitsi <strong data-start=\"333\" data-end=\"357\">kokea koko prosessin<\/strong>, my\u00f6s ymm\u00e4rt\u00e4\u00e4, kuinka <strong data-start=\"381\" data-end=\"421\">ennustamattomia tulokset voivat olla<\/strong> ja pohtia, onko oikeiden rahojen k\u00e4ytt\u00e4minen caseihin j\u00e4rkev\u00e4\u00e4.<\/p>\n<p data-start=\"489\" data-end=\"828\" data-is-last-node=\"\" data-is-only-node=\"\">Se on my\u00f6s erinomainen tapa oppia lis\u00e4\u00e4 casejen sis\u00e4ll\u00f6st\u00e4 ja tutustua <strong data-start=\"560\" data-end=\"604\">harvinaisiin sek\u00e4 arvokkaisiin skineihin<\/strong>. Saatat jopa l\u00f6yt\u00e4\u00e4 skinej\u00e4, joihin et aiemmin kiinnitt\u00e4nyt huomiota, mutta jotka nyt her\u00e4tt\u00e4v\u00e4t kiinnostuksesi. Ehk\u00e4 l\u00f6yd\u00e4t t\u00e4\u00e4lt\u00e4 uuden tavoitteen tulevaa ostosta varten \u2013 sellaisen, joka tuo sinulle paljon inspiraatiota!<\/p>\n<h2>CS2-casejen tyypit, joita voit avata<\/h2>\n<p data-start=\"0\" data-end=\"355\">Ilmaisessa CS2 case opening -simulaattorissa pelaajat voivat avata sek\u00e4 <strong data-start=\"72\" data-end=\"101\">vanhoja ett\u00e4 uusia caseja<\/strong>. Mukana ovat esimerkiksi <strong data-start=\"127\" data-end=\"137\">Recoil<\/strong>, <strong data-start=\"139\" data-end=\"151\">Falchion<\/strong>, <strong data-start=\"153\" data-end=\"176\">Dreams &amp; Nightmares<\/strong> ja <strong data-start=\"180\" data-end=\"194\">Revolution<\/strong> -caset. Jokainen case sis\u00e4lt\u00e4\u00e4 <strong data-start=\"226\" data-end=\"263\">ainutlaatuisen valikoiman skinej\u00e4<\/strong>, ja online-simulaattorin avulla voit kokeilla onneasi kaikissa n\u00e4iss\u00e4 ilman kustannuksia.<\/p>\n<p data-start=\"357\" data-end=\"371\">Esimerkkej\u00e4:<\/p>\n<ul data-start=\"373\" data-end=\"931\">\n<li data-start=\"373\" data-end=\"506\">\n<p data-start=\"375\" data-end=\"506\"><strong data-start=\"375\" data-end=\"390\">Recoil Case<\/strong> \u2013 sis\u00e4lt\u00e4\u00e4 hanskat ja skinej\u00e4, kuten <em data-start=\"428\" data-end=\"449\">USP-S | Printstream<\/em>, <em data-start=\"451\" data-end=\"479\">AWP | Chromatic Aberration<\/em> ja <em data-start=\"483\" data-end=\"503\" data-is-only-node=\"\">AK-47 | Ice Coaled<\/em>.<\/p>\n<\/li>\n<li data-start=\"507\" data-end=\"649\">\n<p data-start=\"509\" data-end=\"649\"><strong data-start=\"509\" data-end=\"526\">Falchion Case<\/strong> \u2013 tarjoaa mahdollisuuden saada veitsi tai arvokkaita skinej\u00e4, kuten <em data-start=\"595\" data-end=\"614\">AWP | Hyper Beast<\/em> ja <em data-start=\"618\" data-end=\"646\">AK-47 | Aquamarine Revenge<\/em>.<\/p>\n<\/li>\n<li data-start=\"650\" data-end=\"786\">\n<p data-start=\"652\" data-end=\"786\"><strong data-start=\"652\" data-end=\"671\">Revolution Case<\/strong> \u2013 sis\u00e4lt\u00e4\u00e4 hanskat sek\u00e4 n\u00e4ytt\u00e4vi\u00e4 skinej\u00e4, kuten <em data-start=\"721\" data-end=\"737\">M4A4 | Temukau<\/em>, <em data-start=\"739\" data-end=\"758\">AK-47 | Head Shot<\/em> ja <em data-start=\"762\" data-end=\"783\" data-is-only-node=\"\">UMP-45 | Wild Child<\/em>.<\/p>\n<\/li>\n<li data-start=\"787\" data-end=\"931\">\n<p data-start=\"789\" data-end=\"931\"><strong data-start=\"789\" data-end=\"817\">Dreams &amp; Nightmares Case<\/strong> \u2013 sis\u00e4lt\u00e4\u00e4 skinej\u00e4, kuten <em data-start=\"844\" data-end=\"863\">AK-47 | Nightwish<\/em> ja <em data-start=\"867\" data-end=\"894\">MP9 | Starlight Protector<\/em>, sek\u00e4 mahdollisuuden saada veitsi.<\/p>\n<\/li>\n<\/ul>\n<p data-start=\"933\" data-end=\"1078\" data-is-last-node=\"\" data-is-only-node=\"\">Simulaattorissa on aina jotain tavoiteltavaa, ja <strong data-start=\"982\" data-end=\"1033\">ilmainen CS2 (CS:GO) case opening -simulaattori<\/strong> voi auttaa sinua l\u00f6yt\u00e4m\u00e4\u00e4n unelmiesi skinin!<\/p>\n<h2>Todenn\u00e4k\u00f6isyydet ja droppiprosentit online-simulaattoreissa<\/h2>\n<p data-start=\"0\" data-end=\"178\">Ilmainen CS2 case opening -simulaattori k\u00e4ytt\u00e4\u00e4 <strong data-start=\"48\" data-end=\"76\">samoja droppiprosentteja<\/strong> kuin oikeissa caseissa. N\u00e4in saat realistisen k\u00e4sityksen siit\u00e4, kuinka harvinaisia eri skinit ovat.<\/p>\n<p data-start=\"180\" data-end=\"230\">Mahdollisuudet saada tietyn harvinaisuuden skin:<\/p>\n<ul data-start=\"231\" data-end=\"382\">\n<li data-start=\"231\" data-end=\"280\">\n<p data-start=\"233\" data-end=\"280\"><strong data-start=\"233\" data-end=\"243\">Covert<\/strong> (eritt\u00e4in harvinainen): <strong data-start=\"268\" data-end=\"278\">0,64 %<\/strong><\/p>\n<\/li>\n<li data-start=\"281\" data-end=\"310\">\n<p data-start=\"283\" data-end=\"310\"><strong data-start=\"283\" data-end=\"297\">Classified<\/strong>: <strong data-start=\"299\" data-end=\"308\">3,2 %<\/strong><\/p>\n<\/li>\n<li data-start=\"311\" data-end=\"342\">\n<p data-start=\"313\" data-end=\"342\"><strong data-start=\"313\" data-end=\"327\">Restricted<\/strong>: <strong data-start=\"329\" data-end=\"340\">15,98 %<\/strong><\/p>\n<\/li>\n<li data-start=\"343\" data-end=\"382\">\n<p data-start=\"345\" data-end=\"382\"><strong data-start=\"345\" data-end=\"357\">Mil-Spec<\/strong> (yleisin): <strong data-start=\"369\" data-end=\"380\">79,92 %<\/strong><\/p>\n<\/li>\n<\/ul>\n<p data-start=\"384\" data-end=\"631\">Ilmainen case opener simuloi my\u00f6s <strong data-start=\"418\" data-end=\"439\">StatTrak-laskurin<\/strong> ja <strong data-start=\"443\" data-end=\"467\">skinien kulutustasot<\/strong> (<em data-start=\"469\" data-end=\"485\">Battle-Scarred<\/em> \u2192 <em data-start=\"488\" data-end=\"501\">Factory New<\/em>). T\u00e4m\u00e4n ansiosta k\u00e4ytt\u00e4j\u00e4 saa mahdollisimman <strong data-start=\"547\" data-end=\"593\">realistisen kokemuksen casejen avaamisesta<\/strong> ilman riski\u00e4 menett\u00e4\u00e4 oikeaa rahaa.<\/p>\n<p data-start=\"633\" data-end=\"718\" data-is-last-node=\"\" data-is-only-node=\"\">Vinkkin\u00e4: Ensimm\u00e4isten kahden casesta saadun skinin ostosta saa <strong data-start=\"697\" data-end=\"717\">\u221210 % alennuksen<\/strong>.<\/p>\n<h2>Kokeile ilmaista CS2 case opening -simulaattoria nyt<\/h2>\n<p data-start=\"0\" data-end=\"191\">CS2-casejen monipuoliset skinit ilahduttavat pelaajia, ja sinullakin on varmasti mieless\u00e4 caseja ja skinej\u00e4, joista unelmoit. <strong data-start=\"126\" data-end=\"170\">Kokeile ilmaista CS2 case -simulaattoria<\/strong> ja testaa onneasi!<\/p>\n<p data-start=\"193\" data-end=\"449\" data-is-last-node=\"\" data-is-only-node=\"\">Turvallinen ja j\u00e4nnitt\u00e4v\u00e4 ilmainen case simulator voi toimia oppaana matkallasi kohti <strong data-start=\"279\" data-end=\"307\">arvokasta skinikokoelmaa<\/strong>. Avaa caseja ja jaa tuloksesi yst\u00e4vien kanssa \u2013 yhdess\u00e4 kilpaileminen ja uusien tulosten saavuttaminen tekee kokemuksesta entist\u00e4 hauskempaa!<\/p>\n","protected":false},"excerpt":{"rendered":"<p>Mik\u00e4 on online CS2 (CS:GO) case simulator? CS2 (CS:GO) case opening -simulaattori on virtuaalinen ty\u00f6kalu, joka j\u00e4ljittelee casejen avaamisprosessia aivan kuten virallisessa peliss\u00e4. Suurin ero simulaattorin ja oikeiden casejen avaamisen v\u00e4lill\u00e4 on se, ett\u00e4 pelaajan ei tarvitse tehd\u00e4 rahallista sijoitusta, mutta samalla h\u00e4n ei voi hallita saamaansa skinia. Se on siis vain simulaatio, joka on [&hellip;]<\/p>\n","protected":false},"author":1,"featured_media":0,"parent":0,"menu_order":0,"comment_status":"closed","ping_status":"closed","template":"templates\/features-template.php","meta":{"_acf_changed":false,"footnotes":""},"class_list":["post-491","page","type-page","status-publish","hentry"],"acf":[],"yoast_head":"<!-- This site is optimized with the Yoast SEO plugin v26.3 - https:\/\/yoast.com\/wordpress\/plugins\/seo\/ -->\n<title>CS2 (CS:GO) Case Opening -Simulaattori Verkossa | Ilmainen Case Opener<\/title>\n<meta name=\"description\" content=\"Kokeile parasta CS2 (CS:GO) case opening -simulaattoria verkossa. K\u00e4yt\u00e4 ilmaista case openeria, jossa on oikeat droppiprosentit \u2013 ei latauksia tai rekister\u00f6itymist\u00e4. Avaa heti!\" \/>\n<meta name=\"robots\" content=\"index, follow, max-snippet:-1, max-image-preview:large, max-video-preview:-1\" \/>\n<link rel=\"canonical\" href=\"https:\/\/csgocasesimulator.com\/fi\/case-simulator\/\" \/>\n<meta property=\"og:locale\" content=\"fi_FI\" \/>\n<meta property=\"og:type\" content=\"article\" \/>\n<meta property=\"og:title\" content=\"CS2 (CS:GO) Case Opening -Simulaattori Verkossa | Ilmainen Case Opener\" \/>\n<meta property=\"og:description\" content=\"Kokeile parasta CS2 (CS:GO) case opening -simulaattoria verkossa. K\u00e4yt\u00e4 ilmaista case openeria, jossa on oikeat droppiprosentit \u2013 ei latauksia tai rekister\u00f6itymist\u00e4. Avaa heti!\" \/>\n<meta property=\"og:url\" content=\"https:\/\/csgocasesimulator.com\/fi\/case-simulator\/\" \/>\n<meta property=\"og:site_name\" content=\"CS2 Case Simulator\" \/>\n<meta name=\"twitter:card\" content=\"summary_large_image\" \/>\n<meta name=\"twitter:label1\" content=\"Est. reading time\" \/>\n\t<meta name=\"twitter:data1\" content=\"3 minuuttia\" \/>\n<script type=\"application\/ld+json\" class=\"yoast-schema-graph\">{\"@context\":\"https:\/\/schema.org\",\"@graph\":[{\"@type\":\"WebPage\",\"@id\":\"https:\/\/csgocasesimulator.com\/fi\/case-simulator\/\",\"url\":\"https:\/\/csgocasesimulator.com\/fi\/case-simulator\/\",\"name\":\"CS2 (CS:GO) Case Opening -Simulaattori Verkossa | Ilmainen Case Opener\",\"isPartOf\":{\"@id\":\"https:\/\/csgocasesimulator.com\/#website\"},\"datePublished\":\"2025-11-05T11:16:48+00:00\",\"description\":\"Kokeile parasta CS2 (CS:GO) case opening -simulaattoria verkossa. K\u00e4yt\u00e4 ilmaista case openeria, jossa on oikeat droppiprosentit \u2013 ei latauksia tai rekister\u00f6itymist\u00e4. Avaa heti!\",\"breadcrumb\":{\"@id\":\"https:\/\/csgocasesimulator.com\/fi\/case-simulator\/#breadcrumb\"},\"inLanguage\":\"fi\",\"potentialAction\":[{\"@type\":\"ReadAction\",\"target\":[\"https:\/\/csgocasesimulator.com\/fi\/case-simulator\/\"]}]},{\"@type\":\"BreadcrumbList\",\"@id\":\"https:\/\/csgocasesimulator.com\/fi\/case-simulator\/#breadcrumb\",\"itemListElement\":[{\"@type\":\"ListItem\",\"position\":1,\"name\":\"Home\",\"item\":\"https:\/\/csgocasesimulator.com\/fi\/\"},{\"@type\":\"ListItem\",\"position\":2,\"name\":\"Case Simulator\"}]},{\"@type\":\"WebSite\",\"@id\":\"https:\/\/csgocasesimulator.com\/#website\",\"url\":\"https:\/\/csgocasesimulator.com\/\",\"name\":\"CS2 Case Simulator\",\"description\":\"CS2 Case Simulator\",\"potentialAction\":[{\"@type\":\"SearchAction\",\"target\":{\"@type\":\"EntryPoint\",\"urlTemplate\":\"https:\/\/csgocasesimulator.com\/?s={search_term_string}\"},\"query-input\":{\"@type\":\"PropertyValueSpecification\",\"valueRequired\":true,\"valueName\":\"search_term_string\"}}],\"inLanguage\":\"fi\"}]}<\/script>\n<!-- \/ Yoast SEO plugin. -->","yoast_head_json":{"title":"CS2 (CS:GO) Case Opening -Simulaattori Verkossa | Ilmainen Case Opener","description":"Kokeile parasta CS2 (CS:GO) case opening -simulaattoria verkossa. K\u00e4yt\u00e4 ilmaista case openeria, jossa on oikeat droppiprosentit \u2013 ei latauksia tai rekister\u00f6itymist\u00e4. Avaa heti!","robots":{"index":"index","follow":"follow","max-snippet":"max-snippet:-1","max-image-preview":"max-image-preview:large","max-video-preview":"max-video-preview:-1"},"canonical":"https:\/\/csgocasesimulator.com\/fi\/case-simulator\/","og_locale":"fi_FI","og_type":"article","og_title":"CS2 (CS:GO) Case Opening -Simulaattori Verkossa | Ilmainen Case Opener","og_description":"Kokeile parasta CS2 (CS:GO) case opening -simulaattoria verkossa. K\u00e4yt\u00e4 ilmaista case openeria, jossa on oikeat droppiprosentit \u2013 ei latauksia tai rekister\u00f6itymist\u00e4. Avaa heti!","og_url":"https:\/\/csgocasesimulator.com\/fi\/case-simulator\/","og_site_name":"CS2 Case Simulator","twitter_card":"summary_large_image","twitter_misc":{"Est. reading time":"3 minuuttia"},"schema":{"@context":"https:\/\/schema.org","@graph":[{"@type":"WebPage","@id":"https:\/\/csgocasesimulator.com\/fi\/case-simulator\/","url":"https:\/\/csgocasesimulator.com\/fi\/case-simulator\/","name":"CS2 (CS:GO) Case Opening -Simulaattori Verkossa | Ilmainen Case Opener","isPartOf":{"@id":"https:\/\/csgocasesimulator.com\/#website"},"datePublished":"2025-11-05T11:16:48+00:00","description":"Kokeile parasta CS2 (CS:GO) case opening -simulaattoria verkossa. K\u00e4yt\u00e4 ilmaista case openeria, jossa on oikeat droppiprosentit \u2013 ei latauksia tai rekister\u00f6itymist\u00e4. Avaa heti!","breadcrumb":{"@id":"https:\/\/csgocasesimulator.com\/fi\/case-simulator\/#breadcrumb"},"inLanguage":"fi","potentialAction":[{"@type":"ReadAction","target":["https:\/\/csgocasesimulator.com\/fi\/case-simulator\/"]}]},{"@type":"BreadcrumbList","@id":"https:\/\/csgocasesimulator.com\/fi\/case-simulator\/#breadcrumb","itemListElement":[{"@type":"ListItem","position":1,"name":"Home","item":"https:\/\/csgocasesimulator.com\/fi\/"},{"@type":"ListItem","position":2,"name":"Case Simulator"}]},{"@type":"WebSite","@id":"https:\/\/csgocasesimulator.com\/#website","url":"https:\/\/csgocasesimulator.com\/","name":"CS2 Case Simulator","description":"CS2 Case Simulator","potentialAction":[{"@type":"SearchAction","target":{"@type":"EntryPoint","urlTemplate":"https:\/\/csgocasesimulator.com\/?s={search_term_string}"},"query-input":{"@type":"PropertyValueSpecification","valueRequired":true,"valueName":"search_term_string"}}],"inLanguage":"fi"}]}},"_links":{"self":[{"href":"https:\/\/csgocasesimulator.com\/fi\/wp-json\/wp\/v2\/pages\/491","targetHints":{"allow":["GET"]}}],"collection":[{"href":"https:\/\/csgocasesimulator.com\/fi\/wp-json\/wp\/v2\/pages"}],"about":[{"href":"https:\/\/csgocasesimulator.com\/fi\/wp-json\/wp\/v2\/types\/page"}],"author":[{"embeddable":true,"href":"https:\/\/csgocasesimulator.com\/fi\/wp-json\/wp\/v2\/users\/1"}],"replies":[{"embeddable":true,"href":"https:\/\/csgocasesimulator.com\/fi\/wp-json\/wp\/v2\/comments?post=491"}],"version-history":[{"count":1,"href":"https:\/\/csgocasesimulator.com\/fi\/wp-json\/wp\/v2\/pages\/491\/revisions"}],"predecessor-version":[{"id":492,"href":"https:\/\/csgocasesimulator.com\/fi\/wp-json\/wp\/v2\/pages\/491\/revisions\/492"}],"wp:attachment":[{"href":"https:\/\/csgocasesimulator.com\/fi\/wp-json\/wp\/v2\/media?parent=491"}],"curies":[{"name":"wp","href":"https:\/\/api.w.org\/{rel}","templated":true}]}}