{"id":518,"date":"2022-09-18T13:43:11","date_gmt":"2022-09-18T13:43:11","guid":{"rendered":"https:\/\/csgocasesimulator.com\/case-simulator\/"},"modified":"2025-11-12T10:34:35","modified_gmt":"2025-11-12T10:34:35","slug":"case-simulator","status":"publish","type":"page","link":"https:\/\/csgocasesimulator.com\/es\/case-simulator\/","title":{"rendered":"Simulador de Cajas"},"content":{"rendered":"<h2 data-start=\"22\" data-end=\"80\">Qu\u00e9 es un simulador de cajas en l\u00ednea de CS2 (CS:GO)?<\/h2>\n<p data-start=\"81\" data-end=\"523\">El simulador de apertura de cajas de CS2 (CS:GO) es una herramienta virtual que simula el proceso de abrir cajas, igual que en el juego oficial.<br \/>\n<br data-start=\"225\" data-end=\"228\" \/>La principal diferencia entre el simulador y la apertura real de cajas es que el jugador no realiza una inversi\u00f3n, pero al mismo tiempo no puede quedarse con la skin obtenida.<br \/>\n<br data-start=\"403\" data-end=\"406\" \/>Es simplemente una simulaci\u00f3n creada para divertirse, probar estrategias de apertura y entender las probabilidades.<\/p>\n<p data-start=\"525\" data-end=\"686\">Los simuladores en l\u00ednea son muy populares en la comunidad de CS2, ya que permiten a los jugadores divertirse y decidir si vale la pena invertir en cajas reales.<\/p>\n<h2>C\u00f3mo funciona el simulador gratuito de cajas de CS2 (CS:GO)?<\/h2>\n<p data-start=\"759\" data-end=\"1169\">Usar el simulador gratuito de apertura de cajas de CS2 (CS:GO) es muy sencillo, solo necesitas seguir unos pocos pasos.<br \/>\n<br data-start=\"878\" data-end=\"881\" \/>Primero, selecciona una caja de la lista de colecciones disponibles. Puedes elegir la que m\u00e1s te interese.<br \/>\n<br data-start=\"987\" data-end=\"990\" \/>Luego, haz clic en el bot\u00f3n <strong data-start=\"1018\" data-end=\"1029\">\u201cAbrir\u201d<\/strong>. Despu\u00e9s ver\u00e1s una breve animaci\u00f3n (que puedes omitir si lo deseas).<br data-start=\"1098\" data-end=\"1101\" \/>En unos segundos aparecer\u00e1 la skin obtenida, junto con su calidad.<\/p>\n<p data-start=\"1171\" data-end=\"1288\">El proceso de apertura gratuita puede repetirse tantas veces como quieras, o puedes elegir otra caja si lo prefieres.<\/p>\n<h2>Por qu\u00e9 usar un simulador gratuito de cajas de CS2 (CS:GO)?<\/h2>\n<p data-start=\"1360\" data-end=\"1628\">Un simulador en l\u00ednea de apertura de cajas de CS2 (CS:GO) que no requiere inversi\u00f3n es una excelente oportunidad para practicar antes de abrir cajas reales, especialmente para principiantes que no est\u00e1n familiarizados con esta mec\u00e1nica o que tienen poca experiencia.<\/p>\n<p data-start=\"1630\" data-end=\"1839\">Con la ayuda del simulador en l\u00ednea, no solo podr\u00e1s experimentar todo el proceso, sino tambi\u00e9n entender lo impredecibles que pueden ser los resultados y evaluar si vale la pena invertir dinero real en cajas.<\/p>\n<p data-start=\"1841\" data-end=\"2108\">Adem\u00e1s, es una gran manera de conocer mejor el contenido de las cajas y familiarizarte con skins raras y valiosas. Puede que incluso descubras una skin que antes no te llamaba la atenci\u00f3n y se convierta en tu pr\u00f3ximo objetivo de compra, \u00a1tray\u00e9ndote mucha inspiraci\u00f3n!<\/p>\n<h2>Tipos de cajas de CS2 que puedes abrir<\/h2>\n<p data-start=\"2158\" data-end=\"2493\">En el simulador gratuito de apertura de cajas de CS2, los jugadores pueden abrir tanto cajas antiguas como nuevas.<br \/>\n<br data-start=\"2272\" data-end=\"2275\" \/>Entre ellas se encuentran <strong data-start=\"2301\" data-end=\"2311\">Recoil<\/strong>, <strong data-start=\"2313\" data-end=\"2325\">Falchion<\/strong>, <strong data-start=\"2327\" data-end=\"2350\">Dreams &amp; Nightmares<\/strong> y <strong data-start=\"2353\" data-end=\"2367\">Revolution<\/strong>.<br data-start=\"2368\" data-end=\"2371\" \/>Cada caja contiene un conjunto \u00fanico de skins, y el simulador te permite probar suerte con todas ellas sin ning\u00fan costo.<\/p>\n<p data-start=\"2495\" data-end=\"2509\"><em>Por ejemplo:<\/em><\/p>\n<ul data-start=\"2511\" data-end=\"3066\">\n<li data-start=\"2511\" data-end=\"2637\">\n<p data-start=\"2513\" data-end=\"2637\"><strong data-start=\"2513\" data-end=\"2528\">Recoil Case<\/strong> \u2014 incluye guantes y skins como <em data-start=\"2560\" data-end=\"2581\">USP-S | Printstream<\/em>, <em data-start=\"2583\" data-end=\"2611\">AWP | Chromatic Aberration<\/em> y <em data-start=\"2614\" data-end=\"2634\">AK-47 | Ice Coaled<\/em>.<\/p>\n<\/li>\n<li data-start=\"2511\" data-end=\"2637\">\n<p data-start=\"2513\" data-end=\"2637\"><strong data-start=\"2640\" data-end=\"2657\">Falchion Case<\/strong> \u2014 ofrece la posibilidad de obtener un cuchillo o skins valiosas como <em data-start=\"2727\" data-end=\"2746\">AWP | Hyper Beast<\/em> y <em data-start=\"2749\" data-end=\"2777\">AK-47 | Aquamarine Revenge<\/em>.<\/p>\n<\/li>\n<li data-start=\"2781\" data-end=\"2909\">\n<p data-start=\"2783\" data-end=\"2909\"><strong data-start=\"2783\" data-end=\"2802\">Revolution Case<\/strong> \u2014 incluye guantes y skins llamativas como <em data-start=\"2845\" data-end=\"2861\">M4A4 | Temukau<\/em>, <em data-start=\"2863\" data-end=\"2882\">AK-47 | Head Shot<\/em> y <em data-start=\"2885\" data-end=\"2906\">UMP-45 | Wild Child<\/em>.<\/p>\n<\/li>\n<li data-start=\"2910\" data-end=\"3066\">\n<p data-start=\"2912\" data-end=\"3066\"><strong data-start=\"2912\" data-end=\"2940\">Dreams &amp; Nightmares Case<\/strong> \u2014 contiene skins como <em data-start=\"2963\" data-end=\"2982\">AK-47 | Nightwish<\/em> y <em data-start=\"2985\" data-end=\"3012\">MP9 | Starlight Protector<\/em>, adem\u00e1s de la posibilidad de conseguir un cuchillo.<\/p>\n<\/li>\n<\/ul>\n<p data-start=\"3068\" data-end=\"3188\">\u00a1Hay mucho por lo que competir, y el simulador gratuito de cajas de CS2 (CS:GO) puede ayudarte a obtener tu skin so\u00f1ada!<\/p>\n<h2 data-start=\"3195\" data-end=\"3262\">Probabilidades y tasas de obtenci\u00f3n en los simuladores en l\u00ednea<\/h2>\n<p data-start=\"3263\" data-end=\"3397\">El simulador gratuito de cajas de CS2 utiliza las mismas probabilidades que en el juego real. As\u00ed, las posibilidades de obtener son:<\/p>\n<ul data-start=\"3399\" data-end=\"3548\">\n<li data-start=\"3399\" data-end=\"3435\">\n<p data-start=\"3401\" data-end=\"3435\"><strong data-start=\"3401\" data-end=\"3427\">Skin de rareza Covert:<\/strong> 0.64%<\/p>\n<\/li>\n<li data-start=\"3436\" data-end=\"3467\">\n<p data-start=\"3438\" data-end=\"3467\"><strong data-start=\"3438\" data-end=\"3460\">Rareza Classified:<\/strong> 3.2%<\/p>\n<\/li>\n<li data-start=\"3468\" data-end=\"3501\">\n<p data-start=\"3470\" data-end=\"3501\"><strong data-start=\"3470\" data-end=\"3492\">Rareza Restricted:<\/strong> 15.98%<\/p>\n<\/li>\n<li data-start=\"3502\" data-end=\"3548\">\n<p data-start=\"3504\" data-end=\"3548\"><strong data-start=\"3504\" data-end=\"3539\">Rareza Mil-Spec (la m\u00e1s com\u00fan):<\/strong> 79.92%<\/p>\n<\/li>\n<\/ul>\n<p data-start=\"3550\" data-end=\"3838\">El simulador gratuito tambi\u00e9n imita la presencia del contador <em data-start=\"3612\" data-end=\"3622\">StatTrak<\/em> y las diferentes calidades de las skins (desde <em data-start=\"3670\" data-end=\"3686\">Battle-Scarred<\/em> hasta <em data-start=\"3693\" data-end=\"3706\">Factory New<\/em>).<br data-start=\"3708\" data-end=\"3711\" \/>Gracias a esto, el usuario obtiene una experiencia de apertura de cajas lo m\u00e1s realista posible, sin riesgo de perder dinero.<\/p>\n<p data-start=\"3840\" data-end=\"3928\">Por cierto, hay un <strong data-start=\"3859\" data-end=\"3879\">10% de descuento<\/strong> en la compra de las dos primeras skins del caso.<\/p>\n<h2>\u00a1Prueba ahora el simulador gratuito de apertura de cajas de CS2!<\/h2>\n<p data-start=\"4004\" data-end=\"4192\">Las cajas en CS2 deleitan a los jugadores con una gran variedad de skins, y seguramente tengas alguna de tus favoritas.<br data-start=\"4123\" data-end=\"4126\" \/>Usa el simulador gratuito de cajas de CS2 para probar tu suerte.<\/p>\n<p data-start=\"4194\" data-end=\"4434\" data-is-last-node=\"\" data-is-only-node=\"\">Un simulador gratuito, seguro y emocionante puede convertirse en tu gu\u00eda hacia una colecci\u00f3n de skins digna.<br data-start=\"4302\" data-end=\"4305\" \/>\u00a1Abre cajas y comparte tus resultados con tus amigos, porque competir y lograr nuevos resultados juntos siempre es m\u00e1s divertido!<\/p>\n","protected":false},"excerpt":{"rendered":"<p>Qu\u00e9 es un simulador de cajas en l\u00ednea de CS2 (CS:GO)? El simulador de apertura de cajas de CS2 (CS:GO) es una herramienta virtual que simula el proceso de abrir cajas, igual que en el juego oficial. La principal diferencia entre el simulador y la apertura real de cajas es que el jugador no realiza [&hellip;]<\/p>\n","protected":false},"author":1,"featured_media":0,"parent":0,"menu_order":0,"comment_status":"closed","ping_status":"closed","template":"templates\/features-template.php","meta":{"_acf_changed":false,"footnotes":""},"class_list":["post-518","page","type-page","status-publish","hentry"],"acf":[],"yoast_head":"<!-- This site is optimized with the Yoast SEO plugin v26.3 - https:\/\/yoast.com\/wordpress\/plugins\/seo\/ -->\n<title>Simulador de Apertura de Cajas CS2 (CS:GO) en L\u00ednea | Abridor Gratis<\/title>\n<meta name=\"description\" content=\"Prueba el mejor simulador de apertura de cajas de CS2 (CS:GO) en l\u00ednea. Usa un abridor gratuito con tasas de ca\u00edda reales, sin descargas ni registro. \u00a1Abre cajas ahora!\" \/>\n<meta name=\"robots\" content=\"index, follow, max-snippet:-1, max-image-preview:large, max-video-preview:-1\" \/>\n<link rel=\"canonical\" href=\"https:\/\/csgocasesimulator.com\/es\/case-simulator\/\" \/>\n<meta property=\"og:locale\" content=\"es_ES\" \/>\n<meta property=\"og:type\" content=\"article\" \/>\n<meta property=\"og:title\" content=\"Simulador de Apertura de Cajas CS2 (CS:GO) en L\u00ednea | Abridor Gratis\" \/>\n<meta property=\"og:description\" content=\"Prueba el mejor simulador de apertura de cajas de CS2 (CS:GO) en l\u00ednea. Usa un abridor gratuito con tasas de ca\u00edda reales, sin descargas ni registro. \u00a1Abre cajas ahora!\" \/>\n<meta property=\"og:url\" content=\"https:\/\/csgocasesimulator.com\/es\/case-simulator\/\" \/>\n<meta property=\"og:site_name\" content=\"CS2 Case Simulator\" \/>\n<meta property=\"article:modified_time\" content=\"2025-11-12T10:34:35+00:00\" \/>\n<meta name=\"twitter:card\" content=\"summary_large_image\" \/>\n<meta name=\"twitter:label1\" content=\"Tiempo de lectura\" \/>\n\t<meta name=\"twitter:data1\" content=\"4 minutos\" \/>\n<script type=\"application\/ld+json\" class=\"yoast-schema-graph\">{\"@context\":\"https:\/\/schema.org\",\"@graph\":[{\"@type\":\"WebPage\",\"@id\":\"https:\/\/csgocasesimulator.com\/es\/case-simulator\/\",\"url\":\"https:\/\/csgocasesimulator.com\/es\/case-simulator\/\",\"name\":\"Simulador de Apertura de Cajas CS2 (CS:GO) en L\u00ednea | Abridor Gratis\",\"isPartOf\":{\"@id\":\"https:\/\/csgocasesimulator.com\/#website\"},\"datePublished\":\"2022-09-18T13:43:11+00:00\",\"dateModified\":\"2025-11-12T10:34:35+00:00\",\"description\":\"Prueba el mejor simulador de apertura de cajas de CS2 (CS:GO) en l\u00ednea. Usa un abridor gratuito con tasas de ca\u00edda reales, sin descargas ni registro. \u00a1Abre cajas ahora!\",\"breadcrumb\":{\"@id\":\"https:\/\/csgocasesimulator.com\/es\/case-simulator\/#breadcrumb\"},\"inLanguage\":\"es\",\"potentialAction\":[{\"@type\":\"ReadAction\",\"target\":[\"https:\/\/csgocasesimulator.com\/es\/case-simulator\/\"]}]},{\"@type\":\"BreadcrumbList\",\"@id\":\"https:\/\/csgocasesimulator.com\/es\/case-simulator\/#breadcrumb\",\"itemListElement\":[{\"@type\":\"ListItem\",\"position\":1,\"name\":\"Home\",\"item\":\"https:\/\/csgocasesimulator.com\/es\/\"},{\"@type\":\"ListItem\",\"position\":2,\"name\":\"Simulador de Cajas\"}]},{\"@type\":\"WebSite\",\"@id\":\"https:\/\/csgocasesimulator.com\/#website\",\"url\":\"https:\/\/csgocasesimulator.com\/\",\"name\":\"CS2 Case Simulator\",\"description\":\"CS2 Case Simulator\",\"potentialAction\":[{\"@type\":\"SearchAction\",\"target\":{\"@type\":\"EntryPoint\",\"urlTemplate\":\"https:\/\/csgocasesimulator.com\/?s={search_term_string}\"},\"query-input\":{\"@type\":\"PropertyValueSpecification\",\"valueRequired\":true,\"valueName\":\"search_term_string\"}}],\"inLanguage\":\"es\"}]}<\/script>\n<!-- \/ Yoast SEO plugin. -->","yoast_head_json":{"title":"Simulador de Apertura de Cajas CS2 (CS:GO) en L\u00ednea | Abridor Gratis","description":"Prueba el mejor simulador de apertura de cajas de CS2 (CS:GO) en l\u00ednea. Usa un abridor gratuito con tasas de ca\u00edda reales, sin descargas ni registro. \u00a1Abre cajas ahora!","robots":{"index":"index","follow":"follow","max-snippet":"max-snippet:-1","max-image-preview":"max-image-preview:large","max-video-preview":"max-video-preview:-1"},"canonical":"https:\/\/csgocasesimulator.com\/es\/case-simulator\/","og_locale":"es_ES","og_type":"article","og_title":"Simulador de Apertura de Cajas CS2 (CS:GO) en L\u00ednea | Abridor Gratis","og_description":"Prueba el mejor simulador de apertura de cajas de CS2 (CS:GO) en l\u00ednea. Usa un abridor gratuito con tasas de ca\u00edda reales, sin descargas ni registro. \u00a1Abre cajas ahora!","og_url":"https:\/\/csgocasesimulator.com\/es\/case-simulator\/","og_site_name":"CS2 Case Simulator","article_modified_time":"2025-11-12T10:34:35+00:00","twitter_card":"summary_large_image","twitter_misc":{"Tiempo de lectura":"4 minutos"},"schema":{"@context":"https:\/\/schema.org","@graph":[{"@type":"WebPage","@id":"https:\/\/csgocasesimulator.com\/es\/case-simulator\/","url":"https:\/\/csgocasesimulator.com\/es\/case-simulator\/","name":"Simulador de Apertura de Cajas CS2 (CS:GO) en L\u00ednea | Abridor Gratis","isPartOf":{"@id":"https:\/\/csgocasesimulator.com\/#website"},"datePublished":"2022-09-18T13:43:11+00:00","dateModified":"2025-11-12T10:34:35+00:00","description":"Prueba el mejor simulador de apertura de cajas de CS2 (CS:GO) en l\u00ednea. Usa un abridor gratuito con tasas de ca\u00edda reales, sin descargas ni registro. \u00a1Abre cajas ahora!","breadcrumb":{"@id":"https:\/\/csgocasesimulator.com\/es\/case-simulator\/#breadcrumb"},"inLanguage":"es","potentialAction":[{"@type":"ReadAction","target":["https:\/\/csgocasesimulator.com\/es\/case-simulator\/"]}]},{"@type":"BreadcrumbList","@id":"https:\/\/csgocasesimulator.com\/es\/case-simulator\/#breadcrumb","itemListElement":[{"@type":"ListItem","position":1,"name":"Home","item":"https:\/\/csgocasesimulator.com\/es\/"},{"@type":"ListItem","position":2,"name":"Simulador de Cajas"}]},{"@type":"WebSite","@id":"https:\/\/csgocasesimulator.com\/#website","url":"https:\/\/csgocasesimulator.com\/","name":"CS2 Case Simulator","description":"CS2 Case Simulator","potentialAction":[{"@type":"SearchAction","target":{"@type":"EntryPoint","urlTemplate":"https:\/\/csgocasesimulator.com\/?s={search_term_string}"},"query-input":{"@type":"PropertyValueSpecification","valueRequired":true,"valueName":"search_term_string"}}],"inLanguage":"es"}]}},"_links":{"self":[{"href":"https:\/\/csgocasesimulator.com\/es\/wp-json\/wp\/v2\/pages\/518","targetHints":{"allow":["GET"]}}],"collection":[{"href":"https:\/\/csgocasesimulator.com\/es\/wp-json\/wp\/v2\/pages"}],"about":[{"href":"https:\/\/csgocasesimulator.com\/es\/wp-json\/wp\/v2\/types\/page"}],"author":[{"embeddable":true,"href":"https:\/\/csgocasesimulator.com\/es\/wp-json\/wp\/v2\/users\/1"}],"replies":[{"embeddable":true,"href":"https:\/\/csgocasesimulator.com\/es\/wp-json\/wp\/v2\/comments?post=518"}],"version-history":[{"count":2,"href":"https:\/\/csgocasesimulator.com\/es\/wp-json\/wp\/v2\/pages\/518\/revisions"}],"predecessor-version":[{"id":523,"href":"https:\/\/csgocasesimulator.com\/es\/wp-json\/wp\/v2\/pages\/518\/revisions\/523"}],"wp:attachment":[{"href":"https:\/\/csgocasesimulator.com\/es\/wp-json\/wp\/v2\/media?parent=518"}],"curies":[{"name":"wp","href":"https:\/\/api.w.org\/{rel}","templated":true}]}}