{"id":394,"date":"2025-09-19T12:22:58","date_gmt":"2025-09-19T12:22:58","guid":{"rendered":"https:\/\/csgocasesimulator.com\/?page_id=394"},"modified":"2025-09-23T07:37:23","modified_gmt":"2025-09-23T07:37:23","slug":"case-simulator","status":"publish","type":"page","link":"https:\/\/csgocasesimulator.com\/de\/case-simulator\/","title":{"rendered":"Case Simulator"},"content":{"rendered":"\n<h2 class=\"wp-block-heading\"><strong>Was ist ein Online-CS2 (CS:GO) Case Simulator?<\/strong><\/h2>\n\n\n\n<p>Der CS2 (CS:GO) Case Opening Simulator ist ein virtuelles Tool, das den Prozess des \u00d6ffnens von Kisten simuliert, genau wie im offiziellen Spiel. Der Hauptunterschied zwischen dem Simulator und dem echten Kisten\u00f6ffnen besteht darin, dass der Spieler keine Investition t\u00e4tigt, aber gleichzeitig die erhaltenen Skins nicht verwalten kann. Es handelt sich lediglich um eine Simulation, die zum Spa\u00df dient, um Strategien zum Kisten\u00f6ffnen zu testen und die Wahrscheinlichkeiten zu verstehen.<\/p>\n\n\n\n<p>Online-Simulatoren sind in der CS2-Community sehr beliebt, da sie den Spielern erm\u00f6glichen, Spa\u00df zu haben und zu entscheiden, ob sie in echte Kisten investieren m\u00f6chten.<\/p>\n\n\n\n<h2 class=\"wp-block-heading\"><strong>Wie funktioniert der kostenlose CS2 Case Simulator?<\/strong><\/h2>\n\n\n\n<p>Die Verwendung des kostenlosen CS2 (CS:GO) Kisten\u00f6ffnungs-Simulators ist sehr einfach, Sie m\u00fcssen nur ein paar Schritte ausf\u00fchren. Zuerst m\u00fcssen Sie eine Kiste aus der Liste der verf\u00fcgbaren Kollektionen ausw\u00e4hlen. Sie k\u00f6nnen jede Kiste w\u00e4hlen, die Sie interessiert. Klicken Sie dann auf die Schaltfl\u00e4che &#8222;\u00d6ffnen&#8220;. Danach sehen Sie eine kurze Animation, die Sie \u00fcberspringen k\u00f6nnen, wenn Sie m\u00f6chten. Nach einigen Sekunden sehen Sie den erhaltenen Skin, einschlie\u00dflich seiner Qualit\u00e4t.<\/p>\n\n\n\n<p>Der Prozess des Kisten\u00f6ffnens kann wiederholt werden, oder Sie k\u00f6nnen eine andere Kiste ausw\u00e4hlen, wenn gew\u00fcnscht.<\/p>\n\n\n\n<h2 class=\"wp-block-heading\"><strong>Warum einen kostenlosen CS2 (CS:GO) Kisten\u00f6ffner verwenden?<\/strong><\/h2>\n\n\n\n<p>Ein CS2 (CS:GO) Kisten\u00f6ffner, der keine Investition erfordert, ist eine gro\u00dfartige M\u00f6glichkeit, vor dem \u00d6ffnen echter Kisten zu \u00fcben, besonders f\u00fcr Anf\u00e4nger, die mit dieser Mechanik nicht vertraut sind oder wenig Erfahrung mit dem \u00d6ffnen verschiedener Kisten haben.<\/p>\n\n\n\n<p>Mit Hilfe des Online-CS2 (CS:GO) Kisten\u00f6ffners k\u00f6nnen Sie nicht nur den gesamten Prozess erleben, sondern auch verstehen, wie unvorhersehbar die Ergebnisse sein k\u00f6nnen und wie ratsam es ist, echtes Geld in Kisten zu investieren.<\/p>\n\n\n\n<p>Es ist auch eine gro\u00dfartige M\u00f6glichkeit, mehr \u00fcber den Inhalt von Kisten zu erfahren und sich mit seltenen und teuren Skins vertraut zu machen. Sie k\u00f6nnen einen frischen Blick auf Skins werfen, die vorher keine gro\u00dfen Emotionen ausgel\u00f6st haben. Vielleicht finden Sie hier einen Skin, den Sie in Zukunft kaufen m\u00f6chten und der Ihnen viel Inspiration bringen wird!<\/p>\n\n\n\n<h2 class=\"wp-block-heading\"><strong>Arten von CS2-Kisten, die Sie \u00f6ffnen k\u00f6nnen<\/strong><\/h2>\n\n\n\n<p>Im kostenlosen CS2 Kisten\u00f6ffnungs-Simulator k\u00f6nnen die Spieler sowohl alte als auch neue Kisten \u00f6ffnen. Dazu geh\u00f6ren Recoil, Falchion, Dreams &amp; Nightmares und Revolution. Jede Kiste enth\u00e4lt eine einzigartige Auswahl an Skins, und der Online-Simulator erm\u00f6glicht es Ihnen, in allen ohne Kosten Ihr Gl\u00fcck zu versuchen.<\/p>\n\n\n\n<p><em>Beispiel:<\/em><\/p>\n\n\n\n<ul class=\"wp-block-list\">\n<li><strong>Recoil Case<\/strong> \u2013 enth\u00e4lt Handschuhe und Skins wie USP-S | Printstream, AWP | Chromatic Aberration und AK-47 | Ice Coaled.<\/li>\n\n\n\n<li><strong>Falchion Case<\/strong> \u2013 bietet die Chance, ein Messer oder wertvolle Skins wie AWP | Hyper Beast und AK-47 | Aquamarine Revenge zu erhalten.<\/li>\n\n\n\n<li><strong>Revolution Case<\/strong> \u2013 enth\u00e4lt Handschuhe und auff\u00e4llige Skins wie M4A4 | Temukau, AK-47 | Head Shot und UMP-45 | Wild Child.<\/li>\n\n\n\n<li><strong>Dreams &amp; Nightmares Case<\/strong> \u2013 enth\u00e4lt Skins wie AK-47 | Nightwish und MP9 | Starlight Protector sowie die Chance, ein Messer zu erhalten.<\/li>\n<\/ul>\n\n\n\n<p>Es gibt viel zu gewinnen, und der kostenlose CS2 (CS:GO) Kisten\u00f6ffnungs-Simulator kann Ihnen helfen, Ihren Traum-Skin zu bekommen!<\/p>\n\n\n\n<h2 class=\"wp-block-heading\"><strong>Wahrscheinlichkeiten und Drop-Raten in Online-Simulatoren<\/strong><\/h2>\n\n\n\n<p>Der kostenlose CS2 Kisten\u00f6ffnungs-Simulator verwendet die gleichen Drop-Raten wie in der Realit\u00e4t. <\/p>\n\n\n\n<p><em>Die Chancen, folgendes zu erhalten:<\/em><\/p>\n\n\n\n<ul class=\"wp-block-list\">\n<li><strong>Covert-Rarit\u00e4t<\/strong>: 0,64 %<\/li>\n\n\n\n<li><strong>Classified-Rarit\u00e4t<\/strong>: 3,2 %<\/li>\n\n\n\n<li><strong>Restricted-Rarit\u00e4t<\/strong>: 15,98 %<\/li>\n\n\n\n<li><strong>Mil-Spec-Rarit\u00e4t (am zug\u00e4nglichsten)<\/strong>: 79,92 %<\/li>\n<\/ul>\n\n\n\n<p>Der kostenlose Kisten\u00f6ffner ber\u00fccksichtigt auch die Pr\u00e4senz eines StatTrak-Z\u00e4hlers und die Qualit\u00e4t der Skins (von Battle-Scarred bis Factory New). Dadurch erh\u00e4lt der Benutzer die realistischste Erfahrung beim Kisten\u00f6ffnen, ohne das Risiko, Geld zu verlieren.<\/p>\n\n\n\n<p>\u00dcbrigens gibt es einen \u221210% Rabatt auf den Kauf der ersten beiden Skins aus der Kiste.<\/p>\n\n\n\n<h2 class=\"wp-block-heading\"><strong>Probieren Sie jetzt den kostenlosen CS2 Kisten\u00f6ffnungs-Simulator aus<\/strong><\/h2>\n\n\n\n<p>CS2-Kisten begeistern die Spieler mit einer Vielzahl von Skins, und Sie haben wahrscheinlich schon einen Skin oder eine Kiste, von dem oder der Sie tr\u00e4umen. Nutzen Sie den kostenlosen CS2 Kisten-Simulator, um Ihr Gl\u00fcck zu testen!<\/p>\n\n\n\n<p>Ein sicherer und spannender kostenloser Kisten-Simulator kann ein Leitfaden f\u00fcr Ihre wertvolle Sammlung von Skins werden. \u00d6ffnen Sie Kisten und teilen Sie die Ergebnisse mit Ihren Freunden, denn es macht mehr Spa\u00df, gemeinsam neue Spielergebnisse zu erzielen und zu konkurrieren!<\/p>\n","protected":false},"excerpt":{"rendered":"<p>Was ist ein Online-CS2 (CS:GO) Case Simulator? Der CS2 (CS:GO) Case Opening Simulator ist ein virtuelles Tool, das den Prozess des \u00d6ffnens von Kisten simuliert, genau wie im offiziellen Spiel. Der Hauptunterschied zwischen dem Simulator und dem echten Kisten\u00f6ffnen besteht darin, dass der Spieler keine Investition t\u00e4tigt, aber gleichzeitig die erhaltenen Skins nicht verwalten kann. [&hellip;]<\/p>\n","protected":false},"author":1,"featured_media":0,"parent":0,"menu_order":0,"comment_status":"closed","ping_status":"closed","template":"templates\/features-template.php","meta":{"_acf_changed":false,"footnotes":""},"class_list":["post-394","page","type-page","status-publish","hentry"],"acf":[],"yoast_head":"<!-- This site is optimized with the Yoast SEO plugin v26.3 - https:\/\/yoast.com\/wordpress\/plugins\/seo\/ -->\n<title>Case Simulator - CS2 Case Simulator<\/title>\n<meta name=\"robots\" content=\"index, follow, max-snippet:-1, max-image-preview:large, max-video-preview:-1\" \/>\n<link rel=\"canonical\" href=\"https:\/\/csgocasesimulator.com\/de\/case-simulator\/\" \/>\n<meta property=\"og:locale\" content=\"de_DE\" \/>\n<meta property=\"og:type\" content=\"article\" \/>\n<meta property=\"og:title\" content=\"Case Simulator - CS2 Case Simulator\" \/>\n<meta property=\"og:description\" content=\"Was ist ein Online-CS2 (CS:GO) Case Simulator? Der CS2 (CS:GO) Case Opening Simulator ist ein virtuelles Tool, das den Prozess des \u00d6ffnens von Kisten simuliert, genau wie im offiziellen Spiel. Der Hauptunterschied zwischen dem Simulator und dem echten Kisten\u00f6ffnen besteht darin, dass der Spieler keine Investition t\u00e4tigt, aber gleichzeitig die erhaltenen Skins nicht verwalten kann. [&hellip;]\" \/>\n<meta property=\"og:url\" content=\"https:\/\/csgocasesimulator.com\/de\/case-simulator\/\" \/>\n<meta property=\"og:site_name\" content=\"CS2 Case Simulator\" \/>\n<meta property=\"article:modified_time\" content=\"2025-09-23T07:37:23+00:00\" \/>\n<meta name=\"twitter:card\" content=\"summary_large_image\" \/>\n<meta name=\"twitter:label1\" content=\"Gesch\u00e4tzte Lesezeit\" \/>\n\t<meta name=\"twitter:data1\" content=\"3 Minuten\" \/>\n<script type=\"application\/ld+json\" class=\"yoast-schema-graph\">{\"@context\":\"https:\/\/schema.org\",\"@graph\":[{\"@type\":\"WebPage\",\"@id\":\"https:\/\/csgocasesimulator.com\/de\/case-simulator\/\",\"url\":\"https:\/\/csgocasesimulator.com\/de\/case-simulator\/\",\"name\":\"Case Simulator - CS2 Case Simulator\",\"isPartOf\":{\"@id\":\"https:\/\/csgocasesimulator.com\/#website\"},\"datePublished\":\"2025-09-19T12:22:58+00:00\",\"dateModified\":\"2025-09-23T07:37:23+00:00\",\"breadcrumb\":{\"@id\":\"https:\/\/csgocasesimulator.com\/de\/case-simulator\/#breadcrumb\"},\"inLanguage\":\"de-DE\",\"potentialAction\":[{\"@type\":\"ReadAction\",\"target\":[\"https:\/\/csgocasesimulator.com\/de\/case-simulator\/\"]}]},{\"@type\":\"BreadcrumbList\",\"@id\":\"https:\/\/csgocasesimulator.com\/de\/case-simulator\/#breadcrumb\",\"itemListElement\":[{\"@type\":\"ListItem\",\"position\":1,\"name\":\"Home\",\"item\":\"https:\/\/csgocasesimulator.com\/de\/\"},{\"@type\":\"ListItem\",\"position\":2,\"name\":\"Case Simulator\"}]},{\"@type\":\"WebSite\",\"@id\":\"https:\/\/csgocasesimulator.com\/#website\",\"url\":\"https:\/\/csgocasesimulator.com\/\",\"name\":\"CS2 Case Simulator\",\"description\":\"CS2 Case Simulator\",\"potentialAction\":[{\"@type\":\"SearchAction\",\"target\":{\"@type\":\"EntryPoint\",\"urlTemplate\":\"https:\/\/csgocasesimulator.com\/?s={search_term_string}\"},\"query-input\":{\"@type\":\"PropertyValueSpecification\",\"valueRequired\":true,\"valueName\":\"search_term_string\"}}],\"inLanguage\":\"de-DE\"}]}<\/script>\n<!-- \/ Yoast SEO plugin. -->","yoast_head_json":{"title":"Case Simulator - CS2 Case Simulator","robots":{"index":"index","follow":"follow","max-snippet":"max-snippet:-1","max-image-preview":"max-image-preview:large","max-video-preview":"max-video-preview:-1"},"canonical":"https:\/\/csgocasesimulator.com\/de\/case-simulator\/","og_locale":"de_DE","og_type":"article","og_title":"Case Simulator - CS2 Case Simulator","og_description":"Was ist ein Online-CS2 (CS:GO) Case Simulator? Der CS2 (CS:GO) Case Opening Simulator ist ein virtuelles Tool, das den Prozess des \u00d6ffnens von Kisten simuliert, genau wie im offiziellen Spiel. Der Hauptunterschied zwischen dem Simulator und dem echten Kisten\u00f6ffnen besteht darin, dass der Spieler keine Investition t\u00e4tigt, aber gleichzeitig die erhaltenen Skins nicht verwalten kann. [&hellip;]","og_url":"https:\/\/csgocasesimulator.com\/de\/case-simulator\/","og_site_name":"CS2 Case Simulator","article_modified_time":"2025-09-23T07:37:23+00:00","twitter_card":"summary_large_image","twitter_misc":{"Gesch\u00e4tzte Lesezeit":"3 Minuten"},"schema":{"@context":"https:\/\/schema.org","@graph":[{"@type":"WebPage","@id":"https:\/\/csgocasesimulator.com\/de\/case-simulator\/","url":"https:\/\/csgocasesimulator.com\/de\/case-simulator\/","name":"Case Simulator - CS2 Case Simulator","isPartOf":{"@id":"https:\/\/csgocasesimulator.com\/#website"},"datePublished":"2025-09-19T12:22:58+00:00","dateModified":"2025-09-23T07:37:23+00:00","breadcrumb":{"@id":"https:\/\/csgocasesimulator.com\/de\/case-simulator\/#breadcrumb"},"inLanguage":"de-DE","potentialAction":[{"@type":"ReadAction","target":["https:\/\/csgocasesimulator.com\/de\/case-simulator\/"]}]},{"@type":"BreadcrumbList","@id":"https:\/\/csgocasesimulator.com\/de\/case-simulator\/#breadcrumb","itemListElement":[{"@type":"ListItem","position":1,"name":"Home","item":"https:\/\/csgocasesimulator.com\/de\/"},{"@type":"ListItem","position":2,"name":"Case Simulator"}]},{"@type":"WebSite","@id":"https:\/\/csgocasesimulator.com\/#website","url":"https:\/\/csgocasesimulator.com\/","name":"CS2 Case Simulator","description":"CS2 Case Simulator","potentialAction":[{"@type":"SearchAction","target":{"@type":"EntryPoint","urlTemplate":"https:\/\/csgocasesimulator.com\/?s={search_term_string}"},"query-input":{"@type":"PropertyValueSpecification","valueRequired":true,"valueName":"search_term_string"}}],"inLanguage":"de-DE"}]}},"_links":{"self":[{"href":"https:\/\/csgocasesimulator.com\/de\/wp-json\/wp\/v2\/pages\/394","targetHints":{"allow":["GET"]}}],"collection":[{"href":"https:\/\/csgocasesimulator.com\/de\/wp-json\/wp\/v2\/pages"}],"about":[{"href":"https:\/\/csgocasesimulator.com\/de\/wp-json\/wp\/v2\/types\/page"}],"author":[{"embeddable":true,"href":"https:\/\/csgocasesimulator.com\/de\/wp-json\/wp\/v2\/users\/1"}],"replies":[{"embeddable":true,"href":"https:\/\/csgocasesimulator.com\/de\/wp-json\/wp\/v2\/comments?post=394"}],"version-history":[{"count":3,"href":"https:\/\/csgocasesimulator.com\/de\/wp-json\/wp\/v2\/pages\/394\/revisions"}],"predecessor-version":[{"id":409,"href":"https:\/\/csgocasesimulator.com\/de\/wp-json\/wp\/v2\/pages\/394\/revisions\/409"}],"wp:attachment":[{"href":"https:\/\/csgocasesimulator.com\/de\/wp-json\/wp\/v2\/media?parent=394"}],"curies":[{"name":"wp","href":"https:\/\/api.w.org\/{rel}","templated":true}]}}