{"id":275,"date":"2025-05-13T11:47:59","date_gmt":"2025-05-13T11:47:59","guid":{"rendered":"https:\/\/csgocasesimulator.com\/?page_id=275"},"modified":"2025-09-23T10:42:28","modified_gmt":"2025-09-23T10:42:28","slug":"home-page","status":"publish","type":"page","link":"https:\/\/csgocasesimulator.com\/de\/","title":{"rendered":"Home page"},"content":{"rendered":"","protected":false},"excerpt":{"rendered":"","protected":false},"author":1,"featured_media":0,"parent":0,"menu_order":0,"comment_status":"closed","ping_status":"closed","template":"templates\/home-template.php","meta":{"_acf_changed":false,"footnotes":""},"class_list":["post-275","page","type-page","status-publish","hentry"],"acf":[],"yoast_head":"<!-- This site is optimized with the Yoast SEO plugin v26.3 - https:\/\/yoast.com\/wordpress\/plugins\/seo\/ -->\n<title>CS2 (CS:GO) Kisten\u00f6ffner-Simulator: Die Beste CS2 Kisten \u00d6ffner App<\/title>\n<meta name=\"description\" content=\"Nutze unseren CS2 (CS:GO) Kisten\u00f6ffner Simulator, um seltene Skins zu erhalten. Lade die beste CS2 Kisten\u00f6ffner App herunter und spiele das spannendste Kisten\u00f6ffnungs-Spiel!\" \/>\n<meta name=\"robots\" content=\"index, follow, max-snippet:-1, max-image-preview:large, max-video-preview:-1\" \/>\n<link rel=\"canonical\" href=\"https:\/\/csgocasesimulator.com\/de\/\" \/>\n<meta property=\"og:locale\" content=\"de_DE\" \/>\n<meta property=\"og:type\" content=\"article\" \/>\n<meta property=\"og:title\" content=\"CS2 (CS:GO) Kisten\u00f6ffner-Simulator: Die Beste CS2 Kisten \u00d6ffner App\" \/>\n<meta property=\"og:description\" content=\"Nutze unseren CS2 (CS:GO) Kisten\u00f6ffner Simulator, um seltene Skins zu erhalten. Lade die beste CS2 Kisten\u00f6ffner App herunter und spiele das spannendste Kisten\u00f6ffnungs-Spiel!\" \/>\n<meta property=\"og:url\" content=\"https:\/\/csgocasesimulator.com\/de\/\" \/>\n<meta property=\"og:site_name\" content=\"CS2 Case Simulator\" \/>\n<meta property=\"article:modified_time\" content=\"2025-09-23T10:42:28+00:00\" \/>\n<meta name=\"twitter:card\" content=\"summary_large_image\" \/>\n<script type=\"application\/ld+json\" class=\"yoast-schema-graph\">{\"@context\":\"https:\/\/schema.org\",\"@graph\":[{\"@type\":\"WebPage\",\"@id\":\"https:\/\/csgocasesimulator.com\/de\/\",\"url\":\"https:\/\/csgocasesimulator.com\/de\/\",\"name\":\"CS2 (CS:GO) Kisten\u00f6ffner-Simulator: Die Beste CS2 Kisten \u00d6ffner App\",\"isPartOf\":{\"@id\":\"https:\/\/csgocasesimulator.com\/#website\"},\"datePublished\":\"2025-05-13T11:47:59+00:00\",\"dateModified\":\"2025-09-23T10:42:28+00:00\",\"description\":\"Nutze unseren CS2 (CS:GO) Kisten\u00f6ffner Simulator, um seltene Skins zu erhalten. Lade die beste CS2 Kisten\u00f6ffner App herunter und spiele das spannendste Kisten\u00f6ffnungs-Spiel!\",\"breadcrumb\":{\"@id\":\"https:\/\/csgocasesimulator.com\/de\/#breadcrumb\"},\"inLanguage\":\"de-DE\",\"potentialAction\":[{\"@type\":\"ReadAction\",\"target\":[\"https:\/\/csgocasesimulator.com\/de\/\"]}]},{\"@type\":\"BreadcrumbList\",\"@id\":\"https:\/\/csgocasesimulator.com\/de\/#breadcrumb\",\"itemListElement\":[{\"@type\":\"ListItem\",\"position\":1,\"name\":\"Home\",\"item\":\"https:\/\/csgocasesimulator.com\/de\/\"},{\"@type\":\"ListItem\",\"position\":2,\"name\":\"Home page\"}]},{\"@type\":\"WebSite\",\"@id\":\"https:\/\/csgocasesimulator.com\/#website\",\"url\":\"https:\/\/csgocasesimulator.com\/\",\"name\":\"CS2 Case Simulator\",\"description\":\"CS2 Case Simulator\",\"potentialAction\":[{\"@type\":\"SearchAction\",\"target\":{\"@type\":\"EntryPoint\",\"urlTemplate\":\"https:\/\/csgocasesimulator.com\/?s={search_term_string}\"},\"query-input\":{\"@type\":\"PropertyValueSpecification\",\"valueRequired\":true,\"valueName\":\"search_term_string\"}}],\"inLanguage\":\"de-DE\"}]}<\/script>\n<!-- \/ Yoast SEO plugin. -->","yoast_head_json":{"title":"CS2 (CS:GO) Kisten\u00f6ffner-Simulator: Die Beste CS2 Kisten \u00d6ffner App","description":"Nutze unseren CS2 (CS:GO) Kisten\u00f6ffner Simulator, um seltene Skins zu erhalten. Lade die beste CS2 Kisten\u00f6ffner App herunter und spiele das spannendste Kisten\u00f6ffnungs-Spiel!","robots":{"index":"index","follow":"follow","max-snippet":"max-snippet:-1","max-image-preview":"max-image-preview:large","max-video-preview":"max-video-preview:-1"},"canonical":"https:\/\/csgocasesimulator.com\/de\/","og_locale":"de_DE","og_type":"article","og_title":"CS2 (CS:GO) Kisten\u00f6ffner-Simulator: Die Beste CS2 Kisten \u00d6ffner App","og_description":"Nutze unseren CS2 (CS:GO) Kisten\u00f6ffner Simulator, um seltene Skins zu erhalten. Lade die beste CS2 Kisten\u00f6ffner App herunter und spiele das spannendste Kisten\u00f6ffnungs-Spiel!","og_url":"https:\/\/csgocasesimulator.com\/de\/","og_site_name":"CS2 Case Simulator","article_modified_time":"2025-09-23T10:42:28+00:00","twitter_card":"summary_large_image","schema":{"@context":"https:\/\/schema.org","@graph":[{"@type":"WebPage","@id":"https:\/\/csgocasesimulator.com\/de\/","url":"https:\/\/csgocasesimulator.com\/de\/","name":"CS2 (CS:GO) Kisten\u00f6ffner-Simulator: Die Beste CS2 Kisten \u00d6ffner App","isPartOf":{"@id":"https:\/\/csgocasesimulator.com\/#website"},"datePublished":"2025-05-13T11:47:59+00:00","dateModified":"2025-09-23T10:42:28+00:00","description":"Nutze unseren CS2 (CS:GO) Kisten\u00f6ffner Simulator, um seltene Skins zu erhalten. Lade die beste CS2 Kisten\u00f6ffner App herunter und spiele das spannendste Kisten\u00f6ffnungs-Spiel!","breadcrumb":{"@id":"https:\/\/csgocasesimulator.com\/de\/#breadcrumb"},"inLanguage":"de-DE","potentialAction":[{"@type":"ReadAction","target":["https:\/\/csgocasesimulator.com\/de\/"]}]},{"@type":"BreadcrumbList","@id":"https:\/\/csgocasesimulator.com\/de\/#breadcrumb","itemListElement":[{"@type":"ListItem","position":1,"name":"Home","item":"https:\/\/csgocasesimulator.com\/de\/"},{"@type":"ListItem","position":2,"name":"Home page"}]},{"@type":"WebSite","@id":"https:\/\/csgocasesimulator.com\/#website","url":"https:\/\/csgocasesimulator.com\/","name":"CS2 Case Simulator","description":"CS2 Case Simulator","potentialAction":[{"@type":"SearchAction","target":{"@type":"EntryPoint","urlTemplate":"https:\/\/csgocasesimulator.com\/?s={search_term_string}"},"query-input":{"@type":"PropertyValueSpecification","valueRequired":true,"valueName":"search_term_string"}}],"inLanguage":"de-DE"}]}},"_links":{"self":[{"href":"https:\/\/csgocasesimulator.com\/de\/wp-json\/wp\/v2\/pages\/275","targetHints":{"allow":["GET"]}}],"collection":[{"href":"https:\/\/csgocasesimulator.com\/de\/wp-json\/wp\/v2\/pages"}],"about":[{"href":"https:\/\/csgocasesimulator.com\/de\/wp-json\/wp\/v2\/types\/page"}],"author":[{"embeddable":true,"href":"https:\/\/csgocasesimulator.com\/de\/wp-json\/wp\/v2\/users\/1"}],"replies":[{"embeddable":true,"href":"https:\/\/csgocasesimulator.com\/de\/wp-json\/wp\/v2\/comments?post=275"}],"version-history":[{"count":4,"href":"https:\/\/csgocasesimulator.com\/de\/wp-json\/wp\/v2\/pages\/275\/revisions"}],"predecessor-version":[{"id":441,"href":"https:\/\/csgocasesimulator.com\/de\/wp-json\/wp\/v2\/pages\/275\/revisions\/441"}],"wp:attachment":[{"href":"https:\/\/csgocasesimulator.com\/de\/wp-json\/wp\/v2\/media?parent=275"}],"curies":[{"name":"wp","href":"https:\/\/api.w.org\/{rel}","templated":true}]}}