{"id":465,"date":"2022-09-18T13:43:11","date_gmt":"2022-09-18T13:43:11","guid":{"rendered":"https:\/\/csgocasesimulator.com\/case-simulator\/"},"modified":"2025-09-25T15:48:05","modified_gmt":"2025-09-25T15:48:05","slug":"case-simulator","status":"publish","type":"page","link":"https:\/\/csgocasesimulator.com\/da\/case-simulator\/","title":{"rendered":"Case Simulator"},"content":{"rendered":"<h2>Hvad er en online CS2 (CS:GO) case simulator?<\/h2>\n<p data-start=\"0\" data-end=\"449\">CS2 (CS:GO) case opening simulatoren er et <strong data-start=\"43\" data-end=\"63\">virtuelt v\u00e6rkt\u00f8j<\/strong>, der simulerer processen med at \u00e5bne cases, pr\u00e6cis som i det officielle spil. Den st\u00f8rste forskel mellem simulatoren og rigtige case openings er, at spilleren <strong data-start=\"225\" data-end=\"250\">ikke investerer penge<\/strong>, men samtidig <strong data-start=\"265\" data-end=\"299\">ikke kan administrere de skins<\/strong>, der modtages.<br data-start=\"314\" data-end=\"317\" \/>Det er kun en <strong data-start=\"331\" data-end=\"345\">simulation<\/strong>, der er skabt til sjov, til at teste strategier for case openings og til at forst\u00e5 sandsynlighederne.<\/p>\n<p data-start=\"451\" data-end=\"614\" data-is-last-node=\"\" data-is-only-node=\"\">Online simulatorer er meget <strong data-start=\"479\" data-end=\"510\">popul\u00e6re i CS2-f\u00e6llesskabet<\/strong>, da de giver spillerne mulighed for at have det sjovt og beslutte, om de vil investere i rigtige cases.<\/p>\n<h2>Hvordan fungerer den gratis CS2 Case Simulator?<\/h2>\n<article class=\"text-token-text-primary w-full focus:outline-none scroll-mt-[calc(var(--header-height)+min(200px,max(70px,20svh)))]\" dir=\"auto\" tabindex=\"-1\" data-turn-id=\"request-WEB:72e15829-6ebe-4cfa-ae69-7bb2d86c9701-28\" data-testid=\"conversation-turn-58\" data-scroll-anchor=\"true\" data-turn=\"assistant\">\n<div class=\"text-base my-auto mx-auto pb-10 [--thread-content-margin:--spacing(4)] thread-sm:[--thread-content-margin:--spacing(6)] thread-lg:[--thread-content-margin:--spacing(16)] px-(--thread-content-margin)\">\n<div class=\"[--thread-content-max-width:40rem] thread-lg:[--thread-content-max-width:48rem] mx-auto max-w-(--thread-content-max-width) flex-1 group\/turn-messages focus-visible:outline-hidden relative flex w-full min-w-0 flex-col agent-turn\" tabindex=\"-1\">\n<div class=\"flex max-w-full flex-col grow\">\n<div class=\"min-h-8 text-message relative flex w-full flex-col items-end gap-2 text-start break-words whitespace-normal [.text-message+&amp;]:mt-5\" dir=\"auto\" data-message-author-role=\"assistant\" data-message-id=\"276a26de-f308-4a48-a98f-a2af52696c5a\" data-message-model-slug=\"gpt-5\">\n<div class=\"flex w-full flex-col gap-1 empty:hidden first:pt-[3px]\">\n<div class=\"markdown prose dark:prose-invert w-full break-words dark markdown-new-styling\">\n<p data-start=\"0\" data-end=\"110\">At bruge den gratis CS2 (CS:GO) case opening simulator er <strong data-start=\"58\" data-end=\"75\">meget simpelt<\/strong> \u2013 du skal kun f\u00f8lge et par trin:<\/p>\n<ol data-start=\"112\" data-end=\"444\">\n<li data-start=\"112\" data-end=\"230\">\n<p data-start=\"115\" data-end=\"230\"><strong data-start=\"115\" data-end=\"131\">V\u00e6lg en case<\/strong> fra listen over tilg\u00e6ngelige kollektioner. Du kan v\u00e6lge hvilken som helst, der interesserer dig.<\/p>\n<\/li>\n<li data-start=\"231\" data-end=\"263\">\n<p data-start=\"234\" data-end=\"263\">Klik p\u00e5 <strong data-start=\"242\" data-end=\"252\">&#8220;Open&#8221;<\/strong>-knappen.<\/p>\n<\/li>\n<li data-start=\"264\" data-end=\"355\">\n<p data-start=\"267\" data-end=\"355\">Herefter vil du se en <strong data-start=\"289\" data-end=\"307\">kort animation<\/strong>, som du kan springe over, hvis du \u00f8nsker det.<\/p>\n<\/li>\n<li data-start=\"356\" data-end=\"444\">\n<p data-start=\"359\" data-end=\"444\">Efter et par sekunder vil du se det skin, du har f\u00e5et, <strong data-start=\"414\" data-end=\"441\">inklusive dets kvalitet<\/strong>.<\/p>\n<\/li>\n<\/ol>\n<p data-start=\"446\" data-end=\"545\" data-is-last-node=\"\" data-is-only-node=\"\">Du kan gentage processen med den samme case, <strong data-start=\"491\" data-end=\"515\">eller v\u00e6lge en anden<\/strong>, hvis du vil pr\u00f8ve noget nyt.<\/p>\n<\/div>\n<\/div>\n<\/div>\n<\/div>\n<\/div>\n<\/div>\n<\/article>\n<h2>Hvorfor bruge en gratis CS2 (CS:GO) case opening simulator?<\/h2>\n<p data-start=\"0\" data-end=\"263\">En <strong data-start=\"3\" data-end=\"37\">CS2 (CS:GO) online case opener<\/strong>, der ikke kr\u00e6ver investering, er en fantastisk mulighed for at <strong data-start=\"101\" data-end=\"112\">\u00f8ve sig<\/strong>, f\u00f8r man \u00e5bner rigtige cases \u2013 is\u00e6r for begyndere, der ikke er bekendt med denne mekanik eller har begr\u00e6nset erfaring med at \u00e5bne forskellige cases.<\/p>\n<p data-start=\"265\" data-end=\"517\">Med hj\u00e6lp fra en online <strong data-start=\"289\" data-end=\"316\">CS2 (CS:GO) case opener<\/strong> kan du ikke kun <strong data-start=\"333\" data-end=\"358\">opleve hele processen<\/strong>, men ogs\u00e5 forst\u00e5, <strong data-start=\"377\" data-end=\"422\">hvor uforudsigelige resultaterne kan v\u00e6re<\/strong>, og hvor vigtigt det er at overveje n\u00f8je, om det er v\u00e6rd at investere rigtige penge i cases.<\/p>\n<p data-start=\"519\" data-end=\"779\" data-is-last-node=\"\" data-is-only-node=\"\">Det er ogs\u00e5 en <strong data-start=\"534\" data-end=\"581\">god m\u00e5de at l\u00e6re mere om indholdet af cases<\/strong>, blive bekendt med sj\u00e6ldne og dyre skins og se p\u00e5 dem med <strong data-start=\"640\" data-end=\"652\">nye \u00f8jne<\/strong>.<br data-start=\"653\" data-end=\"656\" \/>M\u00e5ske finder du her et skin, som bliver dit <strong data-start=\"700\" data-end=\"729\">m\u00e5l for et fremtidigt k\u00f8b<\/strong>, og som vil bringe dig <strong data-start=\"753\" data-end=\"778\">masser af inspiration<\/strong>!<\/p>\n<h2>Typer af CS2-cases, du kan \u00e5bne<\/h2>\n<p data-start=\"0\" data-end=\"328\">I den gratis <strong data-start=\"13\" data-end=\"43\">CS2 case opening simulator<\/strong> kan spillere \u00e5bne b\u00e5de <strong data-start=\"67\" data-end=\"89\">gamle og nye cases<\/strong>. Blandt dem finder du <strong data-start=\"112\" data-end=\"122\">Recoil<\/strong>, <strong data-start=\"124\" data-end=\"136\">Falchion<\/strong>, <strong data-start=\"138\" data-end=\"161\">Dreams &amp; Nightmares<\/strong> og <strong data-start=\"165\" data-end=\"179\">Revolution<\/strong>.<br data-start=\"180\" data-end=\"183\" \/>Hver case indeholder et <strong data-start=\"207\" data-end=\"232\">unikt udvalg af skins<\/strong>, og simulatoren giver dig mulighed for at pr\u00f8ve lykken i dem alle \u2013 helt <strong data-start=\"306\" data-end=\"327\">uden omkostninger<\/strong>.<\/p>\n<p data-start=\"330\" data-end=\"346\"><strong data-start=\"330\" data-end=\"344\">Eksempler:<\/strong><\/p>\n<ul data-start=\"348\" data-end=\"902\">\n<li data-start=\"348\" data-end=\"483\">\n<p data-start=\"350\" data-end=\"483\"><strong data-start=\"350\" data-end=\"365\">Recoil Case<\/strong> \u2013 indeholder <strong data-start=\"379\" data-end=\"391\">handsker<\/strong> og skins som <em data-start=\"405\" data-end=\"426\">USP-S | Printstream<\/em>, <em data-start=\"428\" data-end=\"456\" data-is-only-node=\"\">AWP | Chromatic Aberration<\/em> og <em data-start=\"460\" data-end=\"480\">AK-47 | Ice Coaled<\/em>.<\/p>\n<\/li>\n<li data-start=\"484\" data-end=\"623\">\n<p data-start=\"486\" data-end=\"623\"><strong data-start=\"486\" data-end=\"503\">Falchion Case<\/strong> \u2013 giver chancen for at f\u00e5 en <strong data-start=\"533\" data-end=\"541\">kniv<\/strong> eller v\u00e6rdifulde skins som <em data-start=\"569\" data-end=\"588\">AWP | Hyper Beast<\/em> og <em data-start=\"592\" data-end=\"620\" data-is-only-node=\"\">AK-47 | Aquamarine Revenge<\/em>.<\/p>\n<\/li>\n<li data-start=\"624\" data-end=\"760\">\n<p data-start=\"626\" data-end=\"760\"><strong data-start=\"626\" data-end=\"645\">Revolution Case<\/strong> \u2013 inkluderer <strong data-start=\"659\" data-end=\"671\">handsker<\/strong> og farverige skins som <em data-start=\"695\" data-end=\"711\">M4A4 | Temukau<\/em>, <em data-start=\"713\" data-end=\"732\" data-is-only-node=\"\">AK-47 | Head Shot<\/em> og <em data-start=\"736\" data-end=\"757\">UMP-45 | Wild Child<\/em>.<\/p>\n<\/li>\n<li data-start=\"761\" data-end=\"902\">\n<p data-start=\"763\" data-end=\"902\"><strong data-start=\"763\" data-end=\"791\">Dreams &amp; Nightmares Case<\/strong> \u2013 rummer skins som <em data-start=\"811\" data-end=\"830\">AK-47 | Nightwish<\/em> og <em data-start=\"834\" data-end=\"861\">MP9 | Starlight Protector<\/em> samt muligheden for at f\u00e5 en <strong data-start=\"891\" data-end=\"899\" data-is-only-node=\"\">kniv<\/strong>.<\/p>\n<\/li>\n<\/ul>\n<p data-start=\"904\" data-end=\"1019\" data-is-last-node=\"\" data-is-only-node=\"\">Der er <strong data-start=\"911\" data-end=\"933\">noget at k\u00e6mpe for<\/strong>, og med den gratis CS2 (CS:GO) case opening simulator kan du <strong data-start=\"995\" data-end=\"1018\">jage dit dr\u00f8mmeskin<\/strong>!<\/p>\n<h2>Odds og drop rates i online simulatorer<\/h2>\n<p data-start=\"0\" data-end=\"137\">Den gratis <strong data-start=\"11\" data-end=\"41\">CS2 case opening simulator<\/strong> bruger de <strong data-start=\"52\" data-end=\"72\">samme drop rates<\/strong>, som er g\u00e6ldende i virkeligheden. Dermed er chancen for at f\u00e5:<\/p>\n<ul data-start=\"139\" data-end=\"289\">\n<li data-start=\"139\" data-end=\"172\">\n<p data-start=\"141\" data-end=\"172\"><strong data-start=\"141\" data-end=\"164\">Covert rarity skin:<\/strong> 0,64%<\/p>\n<\/li>\n<li data-start=\"173\" data-end=\"204\">\n<p data-start=\"175\" data-end=\"204\"><strong data-start=\"175\" data-end=\"197\">Classified rarity:<\/strong> 3,2%<\/p>\n<\/li>\n<li data-start=\"205\" data-end=\"238\">\n<p data-start=\"207\" data-end=\"238\"><strong data-start=\"207\" data-end=\"229\">Restricted rarity:<\/strong> 15,98%<\/p>\n<\/li>\n<li data-start=\"239\" data-end=\"289\">\n<p data-start=\"241\" data-end=\"289\"><strong data-start=\"241\" data-end=\"280\">Mil-Spec rarity (mest almindelige):<\/strong> 79,92%<\/p>\n<\/li>\n<\/ul>\n<p data-start=\"291\" data-end=\"574\">Den gratis case opener simulerer ogs\u00e5 tilstedev\u00e6relsen af en <strong data-start=\"352\" data-end=\"372\">StatTrak-counter<\/strong> og <strong data-start=\"376\" data-end=\"397\">kvalitetsniveauer<\/strong> p\u00e5 skins (fra <em data-start=\"412\" data-end=\"428\">Battle-Scarred<\/em> til <em data-start=\"433\" data-end=\"446\">Factory New<\/em>).<br data-start=\"448\" data-end=\"451\" \/>Takket v\u00e6re dette f\u00e5r brugeren den <strong data-start=\"486\" data-end=\"516\">mest realistiske oplevelse<\/strong> af at \u00e5bne cases \u2013 helt uden risiko for at miste penge.<\/p>\n<p data-start=\"576\" data-end=\"652\" data-is-last-node=\"\" data-is-only-node=\"\"><strong data-start=\"576\" data-end=\"584\">Tip:<\/strong> Der er <strong data-start=\"592\" data-end=\"606\">\u221210% rabat<\/strong> p\u00e5 k\u00f8bet af de <strong data-start=\"622\" data-end=\"641\">f\u00f8rste to skins<\/strong> fra casen.<\/p>\n<h2>Pr\u00f8v den gratis CS2 case opening simulator nu<\/h2>\n<p data-start=\"0\" data-end=\"185\">Cases i CS2 gl\u00e6der spillerne med et bredt udvalg af skins, og du har sikkert allerede en case eller et skin, du dr\u00f8mmer om. Brug den <strong data-start=\"133\" data-end=\"162\">gratis CS2 case simulator<\/strong> til at pr\u00f8ve lykken!<\/p>\n<p data-start=\"187\" data-end=\"407\" data-is-last-node=\"\" data-is-only-node=\"\">En <strong data-start=\"190\" data-end=\"235\">sikker og sp\u00e6ndende gratis case simulator<\/strong> kan v\u00e6re din guide til en imponerende samling af skins. \u00c5bn cases og <strong data-start=\"305\" data-end=\"339\">del dine resultater med venner<\/strong>, for det er endnu sjovere at konkurrere og opn\u00e5 nye spilm\u00e5l sammen!<\/p>\n","protected":false},"excerpt":{"rendered":"<p>Hvad er en online CS2 (CS:GO) case simulator? CS2 (CS:GO) case opening simulatoren er et virtuelt v\u00e6rkt\u00f8j, der simulerer processen med at \u00e5bne cases, pr\u00e6cis som i det officielle spil. Den st\u00f8rste forskel mellem simulatoren og rigtige case openings er, at spilleren ikke investerer penge, men samtidig ikke kan administrere de skins, der modtages.Det er [&hellip;]<\/p>\n","protected":false},"author":1,"featured_media":0,"parent":0,"menu_order":0,"comment_status":"closed","ping_status":"closed","template":"templates\/features-template.php","meta":{"_acf_changed":false,"footnotes":""},"class_list":["post-465","page","type-page","status-publish","hentry"],"acf":[],"yoast_head":"<!-- This site is optimized with the Yoast SEO plugin v26.3 - https:\/\/yoast.com\/wordpress\/plugins\/seo\/ -->\n<title>CS2 (CS:GO) Case Opening Simulator Online | Gratis Case Opener<\/title>\n<meta name=\"description\" content=\"Pr\u00f8v den bedste CS2 (CS:GO) case opening simulator online. Brug en gratis case opener med rigtige drop rates \u2013 ingen downloads eller registrering kr\u00e6vet. \u00c5bn nu!\" \/>\n<meta name=\"robots\" content=\"index, follow, max-snippet:-1, max-image-preview:large, max-video-preview:-1\" \/>\n<link rel=\"canonical\" href=\"https:\/\/csgocasesimulator.com\/da\/case-simulator\/\" \/>\n<meta property=\"og:locale\" content=\"da_DK\" \/>\n<meta property=\"og:type\" content=\"article\" \/>\n<meta property=\"og:title\" content=\"CS2 (CS:GO) Case Opening Simulator Online | Gratis Case Opener\" \/>\n<meta property=\"og:description\" content=\"Pr\u00f8v den bedste CS2 (CS:GO) case opening simulator online. Brug en gratis case opener med rigtige drop rates \u2013 ingen downloads eller registrering kr\u00e6vet. \u00c5bn nu!\" \/>\n<meta property=\"og:url\" content=\"https:\/\/csgocasesimulator.com\/da\/case-simulator\/\" \/>\n<meta property=\"og:site_name\" content=\"CS2 Case Simulator\" \/>\n<meta property=\"article:modified_time\" content=\"2025-09-25T15:48:05+00:00\" \/>\n<meta name=\"twitter:card\" content=\"summary_large_image\" \/>\n<meta name=\"twitter:title\" content=\"CS2 (CS:GO) Case Opening Simulator Online | Gratis Case Opener\" \/>\n<meta name=\"twitter:description\" content=\"Pr\u00f8v den bedste CS2 (CS:GO) case opening simulator online. Brug en gratis case opener med rigtige drop rates \u2013 ingen downloads eller registrering kr\u00e6vet. \u00c5bn nu!\" \/>\n<meta name=\"twitter:label1\" content=\"Est. reading time\" \/>\n\t<meta name=\"twitter:data1\" content=\"3 minutter\" \/>\n<script type=\"application\/ld+json\" class=\"yoast-schema-graph\">{\"@context\":\"https:\/\/schema.org\",\"@graph\":[{\"@type\":\"WebPage\",\"@id\":\"https:\/\/csgocasesimulator.com\/da\/case-simulator\/\",\"url\":\"https:\/\/csgocasesimulator.com\/da\/case-simulator\/\",\"name\":\"CS2 (CS:GO) Case Opening Simulator Online | Gratis Case Opener\",\"isPartOf\":{\"@id\":\"https:\/\/csgocasesimulator.com\/#website\"},\"datePublished\":\"2022-09-18T13:43:11+00:00\",\"dateModified\":\"2025-09-25T15:48:05+00:00\",\"description\":\"Pr\u00f8v den bedste CS2 (CS:GO) case opening simulator online. Brug en gratis case opener med rigtige drop rates \u2013 ingen downloads eller registrering kr\u00e6vet. \u00c5bn nu!\",\"breadcrumb\":{\"@id\":\"https:\/\/csgocasesimulator.com\/da\/case-simulator\/#breadcrumb\"},\"inLanguage\":\"da-DK\",\"potentialAction\":[{\"@type\":\"ReadAction\",\"target\":[\"https:\/\/csgocasesimulator.com\/da\/case-simulator\/\"]}]},{\"@type\":\"BreadcrumbList\",\"@id\":\"https:\/\/csgocasesimulator.com\/da\/case-simulator\/#breadcrumb\",\"itemListElement\":[{\"@type\":\"ListItem\",\"position\":1,\"name\":\"Home\",\"item\":\"https:\/\/csgocasesimulator.com\/da\/\"},{\"@type\":\"ListItem\",\"position\":2,\"name\":\"Case Simulator\"}]},{\"@type\":\"WebSite\",\"@id\":\"https:\/\/csgocasesimulator.com\/#website\",\"url\":\"https:\/\/csgocasesimulator.com\/\",\"name\":\"CS2 Case Simulator\",\"description\":\"CS2 Case Simulator\",\"potentialAction\":[{\"@type\":\"SearchAction\",\"target\":{\"@type\":\"EntryPoint\",\"urlTemplate\":\"https:\/\/csgocasesimulator.com\/?s={search_term_string}\"},\"query-input\":{\"@type\":\"PropertyValueSpecification\",\"valueRequired\":true,\"valueName\":\"search_term_string\"}}],\"inLanguage\":\"da-DK\"}]}<\/script>\n<!-- \/ Yoast SEO plugin. -->","yoast_head_json":{"title":"CS2 (CS:GO) Case Opening Simulator Online | Gratis Case Opener","description":"Pr\u00f8v den bedste CS2 (CS:GO) case opening simulator online. Brug en gratis case opener med rigtige drop rates \u2013 ingen downloads eller registrering kr\u00e6vet. \u00c5bn nu!","robots":{"index":"index","follow":"follow","max-snippet":"max-snippet:-1","max-image-preview":"max-image-preview:large","max-video-preview":"max-video-preview:-1"},"canonical":"https:\/\/csgocasesimulator.com\/da\/case-simulator\/","og_locale":"da_DK","og_type":"article","og_title":"CS2 (CS:GO) Case Opening Simulator Online | Gratis Case Opener","og_description":"Pr\u00f8v den bedste CS2 (CS:GO) case opening simulator online. Brug en gratis case opener med rigtige drop rates \u2013 ingen downloads eller registrering kr\u00e6vet. \u00c5bn nu!","og_url":"https:\/\/csgocasesimulator.com\/da\/case-simulator\/","og_site_name":"CS2 Case Simulator","article_modified_time":"2025-09-25T15:48:05+00:00","twitter_card":"summary_large_image","twitter_title":"CS2 (CS:GO) Case Opening Simulator Online | Gratis Case Opener","twitter_description":"Pr\u00f8v den bedste CS2 (CS:GO) case opening simulator online. Brug en gratis case opener med rigtige drop rates \u2013 ingen downloads eller registrering kr\u00e6vet. \u00c5bn nu!","twitter_misc":{"Est. reading time":"3 minutter"},"schema":{"@context":"https:\/\/schema.org","@graph":[{"@type":"WebPage","@id":"https:\/\/csgocasesimulator.com\/da\/case-simulator\/","url":"https:\/\/csgocasesimulator.com\/da\/case-simulator\/","name":"CS2 (CS:GO) Case Opening Simulator Online | Gratis Case Opener","isPartOf":{"@id":"https:\/\/csgocasesimulator.com\/#website"},"datePublished":"2022-09-18T13:43:11+00:00","dateModified":"2025-09-25T15:48:05+00:00","description":"Pr\u00f8v den bedste CS2 (CS:GO) case opening simulator online. Brug en gratis case opener med rigtige drop rates \u2013 ingen downloads eller registrering kr\u00e6vet. \u00c5bn nu!","breadcrumb":{"@id":"https:\/\/csgocasesimulator.com\/da\/case-simulator\/#breadcrumb"},"inLanguage":"da-DK","potentialAction":[{"@type":"ReadAction","target":["https:\/\/csgocasesimulator.com\/da\/case-simulator\/"]}]},{"@type":"BreadcrumbList","@id":"https:\/\/csgocasesimulator.com\/da\/case-simulator\/#breadcrumb","itemListElement":[{"@type":"ListItem","position":1,"name":"Home","item":"https:\/\/csgocasesimulator.com\/da\/"},{"@type":"ListItem","position":2,"name":"Case Simulator"}]},{"@type":"WebSite","@id":"https:\/\/csgocasesimulator.com\/#website","url":"https:\/\/csgocasesimulator.com\/","name":"CS2 Case Simulator","description":"CS2 Case Simulator","potentialAction":[{"@type":"SearchAction","target":{"@type":"EntryPoint","urlTemplate":"https:\/\/csgocasesimulator.com\/?s={search_term_string}"},"query-input":{"@type":"PropertyValueSpecification","valueRequired":true,"valueName":"search_term_string"}}],"inLanguage":"da-DK"}]}},"_links":{"self":[{"href":"https:\/\/csgocasesimulator.com\/da\/wp-json\/wp\/v2\/pages\/465","targetHints":{"allow":["GET"]}}],"collection":[{"href":"https:\/\/csgocasesimulator.com\/da\/wp-json\/wp\/v2\/pages"}],"about":[{"href":"https:\/\/csgocasesimulator.com\/da\/wp-json\/wp\/v2\/types\/page"}],"author":[{"embeddable":true,"href":"https:\/\/csgocasesimulator.com\/da\/wp-json\/wp\/v2\/users\/1"}],"replies":[{"embeddable":true,"href":"https:\/\/csgocasesimulator.com\/da\/wp-json\/wp\/v2\/comments?post=465"}],"version-history":[{"count":2,"href":"https:\/\/csgocasesimulator.com\/da\/wp-json\/wp\/v2\/pages\/465\/revisions"}],"predecessor-version":[{"id":476,"href":"https:\/\/csgocasesimulator.com\/da\/wp-json\/wp\/v2\/pages\/465\/revisions\/476"}],"wp:attachment":[{"href":"https:\/\/csgocasesimulator.com\/da\/wp-json\/wp\/v2\/media?parent=465"}],"curies":[{"name":"wp","href":"https:\/\/api.w.org\/{rel}","templated":true}]}}