{"id":378,"date":"2022-09-18T13:43:11","date_gmt":"2022-09-18T13:43:11","guid":{"rendered":"https:\/\/csgocasesimulator.com\/case-simulator\/"},"modified":"2025-11-05T10:59:48","modified_gmt":"2025-11-05T10:59:48","slug":"case-simulator","status":"publish","type":"page","link":"https:\/\/csgocasesimulator.com\/cs\/case-simulator\/","title":{"rendered":"Case Simulator"},"content":{"rendered":"<h2>Co je online CS2 (CS:GO) simul\u00e1tor otev\u00edr\u00e1n\u00ed case?<\/h2>\n<p data-start=\"0\" data-end=\"420\">CS2 (CS:GO) simul\u00e1tor otev\u00edr\u00e1n\u00ed case je <strong data-start=\"40\" data-end=\"61\">virtu\u00e1ln\u00ed n\u00e1stroj<\/strong>, kter\u00fd simuluje proces otev\u00edr\u00e1n\u00ed case stejn\u011b jako v ofici\u00e1ln\u00ed h\u0159e. Hlavn\u00ed rozd\u00edl mezi simul\u00e1torem a skute\u010dn\u00fdm otev\u00edr\u00e1n\u00edm case spo\u010d\u00edv\u00e1 v tom, \u017ee hr\u00e1\u010d <strong data-start=\"211\" data-end=\"242\">neinvestuje skute\u010dn\u00e9 pen\u00edze<\/strong>, ale z\u00e1rove\u0148 <strong data-start=\"256\" data-end=\"290\">nem\u016f\u017ee spravovat z\u00edskan\u00e9 skiny<\/strong>. Jde pouze o simulaci vytvo\u0159enou pro <strong data-start=\"328\" data-end=\"338\">z\u00e1bavu<\/strong>, <strong data-start=\"340\" data-end=\"378\">testov\u00e1n\u00ed strategi\u00ed otev\u00edr\u00e1n\u00ed case<\/strong> a <strong data-start=\"381\" data-end=\"417\">pochopen\u00ed pravd\u011bpodobnost\u00ed drop\u016f<\/strong>.<\/p>\n<p data-start=\"422\" data-end=\"580\" data-is-last-node=\"\" data-is-only-node=\"\">Online simul\u00e1tory jsou v <strong data-start=\"447\" data-end=\"479\">CS2 komunit\u011b velmi popul\u00e1rn\u00ed<\/strong>, proto\u017ee hr\u00e1\u010d\u016fm umo\u017e\u0148uj\u00ed <strong data-start=\"505\" data-end=\"517\">bavit se<\/strong> a rozhodnout se, zda cht\u011bj\u00ed investovat do <strong data-start=\"560\" data-end=\"579\">skute\u010dn\u00fdch case<\/strong>.<\/p>\n<h2>Jak funguje bezplatn\u00fd CS2 simul\u00e1tor otev\u00edr\u00e1n\u00ed case?<\/h2>\n<p data-start=\"0\" data-end=\"237\">Pou\u017e\u00edv\u00e1n\u00ed bezplatn\u00e9ho CS2 (CS:GO) simul\u00e1toru otev\u00edr\u00e1n\u00ed case je velmi jednoduch\u00e9 a sta\u010d\u00ed jen p\u00e1r krok\u016f. Nejprve si vyber case ze seznamu dostupn\u00fdch kolekc\u00ed. M\u016f\u017ee\u0161 zvolit jakoukoli, kter\u00e1 t\u011b zaujme. Pot\u00e9 klikni na tla\u010d\u00edtko <strong data-start=\"221\" data-end=\"234\">\u201eOtev\u0159\u00edt\u201c<\/strong>. N\u00e1sledn\u011b se zobraz\u00ed kr\u00e1tk\u00e1 animace, kterou m\u016f\u017ee\u0161, pokud chce\u0161, p\u0159esko\u010dit. Po n\u011bkolika sekund\u00e1ch uvid\u00ed\u0161 <strong data-start=\"342\" data-end=\"365\">skin, kter\u00fd ti padl<\/strong>, v\u010detn\u011b jeho kvality.<\/p>\n<p data-start=\"391\" data-end=\"487\" data-is-last-node=\"\" data-is-only-node=\"\">Proces bezplatn\u00e9ho otev\u00edr\u00e1n\u00ed case m\u016f\u017ee\u0161 <strong data-start=\"431\" data-end=\"443\">opakovat<\/strong>, nebo si podle p\u0159\u00e1n\u00ed vybrat <strong data-start=\"472\" data-end=\"486\">jinou case<\/strong>.<\/p>\n<h2>Pro\u010d pou\u017e\u00edvat bezplatn\u00fd CS2 (CS:GO) simul\u00e1tor otev\u00edr\u00e1n\u00ed case?<\/h2>\n<p data-start=\"0\" data-end=\"273\">Online CS2 (CS:GO) otev\u00edr\u00e1n\u00ed case, kter\u00e9 <strong data-start=\"41\" data-end=\"72\">nevy\u017eaduje \u017e\u00e1dnou investici<\/strong>, je skv\u011blou p\u0159\u00edle\u017eitost\u00ed, jak si <strong data-start=\"106\" data-end=\"146\">natr\u00e9novat otev\u00edr\u00e1n\u00ed skute\u010dn\u00fdch case<\/strong>, zejm\u00e9na pro <strong data-start=\"160\" data-end=\"175\">za\u010d\u00e1te\u010dn\u00edky<\/strong>, kte\u0159\u00ed tuto mechaniku je\u0161t\u011b neznaj\u00ed nebo maj\u00ed <strong data-start=\"222\" data-end=\"244\">omezen\u00e9 zku\u0161enosti<\/strong> s otev\u00edr\u00e1n\u00edm r\u016fzn\u00fdch case.<\/p>\n<p data-start=\"275\" data-end=\"483\">D\u00edky online CS2 (CS:GO) simul\u00e1toru m\u016f\u017ee\u0161 nejen <strong data-start=\"322\" data-end=\"343\">za\u017e\u00edt cel\u00fd proces<\/strong>, ale tak\u00e9 <strong data-start=\"354\" data-end=\"406\">pochopit, jak nep\u0159edv\u00eddateln\u00e9 v\u00fdsledky mohou b\u00fdt<\/strong> a zv\u00e1\u017eit, zda je rozumn\u00e9 <strong data-start=\"432\" data-end=\"462\">investovat skute\u010dn\u00e9 pen\u00edze<\/strong> do otev\u00edr\u00e1n\u00ed case.<\/p>\n<p data-start=\"485\" data-end=\"797\" data-is-last-node=\"\" data-is-only-node=\"\">Je to tak\u00e9 <strong data-start=\"496\" data-end=\"549\">skv\u011bl\u00fd zp\u016fsob, jak se dozv\u011bd\u011bt v\u00edce o obsahu case<\/strong>, sezn\u00e1mit se s <strong data-start=\"565\" data-end=\"593\">vz\u00e1cn\u00fdmi a drah\u00fdmi skiny<\/strong> a pod\u00edvat se nov\u00fdm pohledem na ty, kter\u00e9 ti d\u0159\u00edve nep\u0159ipadaly zaj\u00edmav\u00e9. Mo\u017en\u00e1 zde najde\u0161 <strong data-start=\"683\" data-end=\"711\">skin, po kter\u00e9m zatou\u017e\u00ed\u0161<\/strong>, a kter\u00fd se stane tv\u00fdm <strong data-start=\"735\" data-end=\"762\">c\u00edlem pro budouc\u00ed koupi<\/strong>, co\u017e ti p\u0159inese spoustu inspirace!<\/p>\n<h2>Typy CS2 case, kter\u00e9 m\u016f\u017ee\u0161 otev\u00edrat<\/h2>\n<article class=\"text-token-text-primary w-full focus:outline-none scroll-mt-[calc(var(--header-height)+min(200px,max(70px,20svh)))]\" dir=\"auto\" tabindex=\"-1\" data-turn-id=\"request-68cae550-29b4-8326-b7d4-63945bb23a12-7\" data-testid=\"conversation-turn-118\" data-scroll-anchor=\"true\" data-turn=\"assistant\">\n<div class=\"text-base my-auto mx-auto pb-10 [--thread-content-margin:--spacing(4)] thread-sm:[--thread-content-margin:--spacing(6)] thread-lg:[--thread-content-margin:--spacing(16)] px-(--thread-content-margin)\">\n<div class=\"[--thread-content-max-width:40rem] thread-lg:[--thread-content-max-width:48rem] mx-auto max-w-(--thread-content-max-width) flex-1 group\/turn-messages focus-visible:outline-hidden relative flex w-full min-w-0 flex-col agent-turn\" tabindex=\"-1\">\n<div class=\"flex max-w-full flex-col grow\">\n<div class=\"min-h-8 text-message relative flex w-full flex-col items-end gap-2 text-start break-words whitespace-normal [.text-message+&amp;]:mt-5\" dir=\"auto\" data-message-author-role=\"assistant\" data-message-id=\"e1144833-96a5-4955-bbfa-a87718dc9daf\" data-message-model-slug=\"gpt-5\">\n<div class=\"flex w-full flex-col gap-1 empty:hidden first:pt-[3px]\">\n<div class=\"markdown prose dark:prose-invert w-full break-words dark markdown-new-styling\">\n<p data-start=\"0\" data-end=\"322\">V bezplatn\u00e9m CS2 simul\u00e1toru otev\u00edr\u00e1n\u00ed case mohou hr\u00e1\u010di otev\u00edrat jak <strong data-start=\"68\" data-end=\"77\">star\u00e9<\/strong>, tak <strong data-start=\"83\" data-end=\"96\">nov\u00e9 case<\/strong>. Mezi nimi najde\u0161 nap\u0159\u00edklad <strong data-start=\"125\" data-end=\"135\">Recoil<\/strong>, <strong data-start=\"137\" data-end=\"149\">Falchion<\/strong>, <strong data-start=\"151\" data-end=\"174\">Dreams &amp; Nightmares<\/strong> a <strong data-start=\"177\" data-end=\"191\">Revolution<\/strong>. Ka\u017ed\u00e1 case obsahuje <strong data-start=\"213\" data-end=\"236\">unik\u00e1tn\u00ed sadu skin\u016f<\/strong> a online simul\u00e1tor ti umo\u017en\u00ed vyzkou\u0161et sv\u00e9 \u0161t\u011bst\u00ed ve v\u0161ech z nich <strong data-start=\"303\" data-end=\"319\">zcela zdarma<\/strong>.<\/p>\n<p data-start=\"324\" data-end=\"344\"><strong data-start=\"324\" data-end=\"342\">P\u0159\u00edklady case:<\/strong><\/p>\n<ul data-start=\"346\" data-end=\"889\">\n<li data-start=\"346\" data-end=\"484\">\n<p data-start=\"348\" data-end=\"484\"><strong data-start=\"348\" data-end=\"363\">Recoil Case<\/strong> \u2014 obsahuje <strong data-start=\"375\" data-end=\"387\">rukavice<\/strong> a skiny jako <strong data-start=\"401\" data-end=\"424\">USP-S | Printstream<\/strong>, <strong data-start=\"426\" data-end=\"456\" data-is-only-node=\"\">AWP | Chromatic Aberration<\/strong> a <strong data-start=\"459\" data-end=\"481\">AK-47 | Ice Coaled<\/strong>.<\/p>\n<\/li>\n<li data-start=\"485\" data-end=\"614\">\n<p data-start=\"487\" data-end=\"614\"><strong data-start=\"487\" data-end=\"504\">Falchion Case<\/strong> \u2014 nab\u00edz\u00ed \u0161anci z\u00edskat <strong data-start=\"527\" data-end=\"534\">n\u016f\u017e<\/strong> nebo cenn\u00e9 skiny jako <strong data-start=\"557\" data-end=\"578\">AWP | Hyper Beast<\/strong> a <strong data-start=\"581\" data-end=\"611\" data-is-only-node=\"\">AK-47 | Aquamarine Revenge<\/strong>.<\/p>\n<\/li>\n<li data-start=\"615\" data-end=\"752\">\n<p data-start=\"617\" data-end=\"752\"><strong data-start=\"617\" data-end=\"636\">Revolution Case<\/strong> \u2014 zahrnuje <strong data-start=\"648\" data-end=\"660\">rukavice<\/strong> a v\u00fdrazn\u00e9 skiny jako <strong data-start=\"682\" data-end=\"700\">M4A4 | Temukau<\/strong>, <strong data-start=\"702\" data-end=\"723\" data-is-only-node=\"\">AK-47 | Head Shot<\/strong> a <strong data-start=\"726\" data-end=\"749\">UMP-45 | Wild Child<\/strong>.<\/p>\n<\/li>\n<li data-start=\"753\" data-end=\"889\">\n<p data-start=\"755\" data-end=\"889\"><strong data-start=\"755\" data-end=\"783\">Dreams &amp; Nightmares Case<\/strong> \u2014 obsahuje skiny jako <strong data-start=\"806\" data-end=\"827\">AK-47 | Nightwish<\/strong> a <strong data-start=\"830\" data-end=\"859\">MP9 | Starlight Protector<\/strong>, plus \u0161anci z\u00edskat <strong data-start=\"879\" data-end=\"886\" data-is-only-node=\"\">n\u016f\u017e<\/strong>.<\/p>\n<\/li>\n<\/ul>\n<p data-start=\"891\" data-end=\"1006\" data-is-last-node=\"\" data-is-only-node=\"\">Je tu tedy <strong data-start=\"902\" data-end=\"915\">o co hr\u00e1t<\/strong> a bezplatn\u00fd CS2 (CS:GO) simul\u00e1tor otev\u00edr\u00e1n\u00ed case ti m\u016f\u017ee pomoci z\u00edskat <strong data-start=\"987\" data-end=\"1005\">skin tv\u00fdch sn\u016f<\/strong>!<\/p>\n<\/div>\n<\/div>\n<\/div>\n<\/div>\n<\/div>\n<\/div>\n<\/article>\n<h2>Pravd\u011bpodobnosti a drop rate v online simul\u00e1torech<\/h2>\n<p data-start=\"0\" data-end=\"195\">Bezplatn\u00fd CS2 simul\u00e1tor otev\u00edr\u00e1n\u00ed case pou\u017e\u00edv\u00e1 <strong data-start=\"47\" data-end=\"67\">stejn\u00e9 drop rate<\/strong>, kter\u00e9 jsou platn\u00e9 i ve skute\u010dnosti. D\u00edky tomu m\u00e1\u0161 stejnou \u0161anci z\u00edskat jednotliv\u00e9 rarity jako p\u0159i otev\u00edr\u00e1n\u00ed skute\u010dn\u00fdch case:<\/p>\n<ul data-start=\"197\" data-end=\"346\">\n<li data-start=\"197\" data-end=\"231\">\n<p data-start=\"199\" data-end=\"231\"><strong data-start=\"199\" data-end=\"222\">Covert rarity skin:<\/strong> 0,64 %<\/p>\n<\/li>\n<li data-start=\"232\" data-end=\"264\">\n<p data-start=\"234\" data-end=\"264\"><strong data-start=\"234\" data-end=\"256\">Classified rarity:<\/strong> 3,2 %<\/p>\n<\/li>\n<li data-start=\"265\" data-end=\"299\">\n<p data-start=\"267\" data-end=\"299\"><strong data-start=\"267\" data-end=\"289\">Restricted rarity:<\/strong> 15,98 %<\/p>\n<\/li>\n<li data-start=\"300\" data-end=\"346\">\n<p data-start=\"302\" data-end=\"346\"><strong data-start=\"302\" data-end=\"336\">Mil-Spec rarity (nejb\u011b\u017en\u011bj\u0161\u00ed):<\/strong> 79,92 %<\/p>\n<\/li>\n<\/ul>\n<p data-start=\"348\" data-end=\"576\">Bezplatn\u00fd otev\u00edra\u010d case tak\u00e9 simuluje <strong data-start=\"386\" data-end=\"408\">StatTrak po\u010d\u00edtadlo<\/strong> a <strong data-start=\"411\" data-end=\"428\">kvalitu skin\u016f<\/strong> (od <strong data-start=\"433\" data-end=\"451\">Battle-Scarred<\/strong> a\u017e po <strong data-start=\"458\" data-end=\"473\">Factory New<\/strong>). D\u00edky tomu z\u00edsk\u00e1v\u00e1\u0161 <strong data-start=\"495\" data-end=\"524\">nejrealisti\u010dt\u011bj\u0161\u00ed z\u00e1\u017eitek<\/strong> z otev\u00edr\u00e1n\u00ed case, ani\u017e bys riskoval ztr\u00e1tu pen\u011bz.<\/p>\n<p data-start=\"578\" data-end=\"658\" data-is-last-node=\"\" data-is-only-node=\"\">Mimochodem, p\u0159i <strong data-start=\"594\" data-end=\"623\">n\u00e1kupu prvn\u00edch dvou skin\u016f<\/strong> z case je dostupn\u00e1 <strong data-start=\"643\" data-end=\"657\">sleva 10 %<\/strong>.<\/p>\n<h2 data-start=\"578\" data-end=\"658\">Vyzkou\u0161ej bezplatn\u00fd CS2 simul\u00e1tor otev\u00edr\u00e1n\u00ed case hned te\u010f<\/h2>\n<p data-start=\"0\" data-end=\"182\">Case v CS2 pot\u011b\u0161\u00ed hr\u00e1\u010de <strong data-start=\"24\" data-end=\"50\">\u0161irokou nab\u00eddkou skin\u016f<\/strong> a je pravd\u011bpodobn\u00e9, \u017ee m\u00e1\u0161 vysn\u011bnou case nebo skin, kter\u00fd bys cht\u011bl z\u00edskat. <strong data-start=\"127\" data-end=\"161\">Pou\u017eij bezplatn\u00fd CS2 simul\u00e1tor<\/strong> a zkus sv\u00e9 \u0161t\u011bst\u00ed!<\/p>\n<p data-start=\"184\" data-end=\"429\" data-is-last-node=\"\" data-is-only-node=\"\">Bezpe\u010dn\u00fd a vzru\u0161uj\u00edc\u00ed <strong data-start=\"206\" data-end=\"234\">bezplatn\u00fd simul\u00e1tor case<\/strong> se m\u016f\u017ee st\u00e1t tv\u00fdm pr\u016fvodcem na cest\u011b k hodnotn\u00e9 sb\u00edrce skin\u016f. <strong data-start=\"297\" data-end=\"342\">Otev\u00edrej case a sd\u00edlej v\u00fdsledky s p\u0159\u00e1teli<\/strong>, proto\u017ee sout\u011b\u017een\u00ed a dosahov\u00e1n\u00ed nov\u00fdch hern\u00edch v\u00fdsledk\u016f je mnohem z\u00e1bavn\u011bj\u0161\u00ed spole\u010dn\u011b!<\/p>\n","protected":false},"excerpt":{"rendered":"<p>Co je online CS2 (CS:GO) simul\u00e1tor otev\u00edr\u00e1n\u00ed case? CS2 (CS:GO) simul\u00e1tor otev\u00edr\u00e1n\u00ed case je virtu\u00e1ln\u00ed n\u00e1stroj, kter\u00fd simuluje proces otev\u00edr\u00e1n\u00ed case stejn\u011b jako v ofici\u00e1ln\u00ed h\u0159e. Hlavn\u00ed rozd\u00edl mezi simul\u00e1torem a skute\u010dn\u00fdm otev\u00edr\u00e1n\u00edm case spo\u010d\u00edv\u00e1 v tom, \u017ee hr\u00e1\u010d neinvestuje skute\u010dn\u00e9 pen\u00edze, ale z\u00e1rove\u0148 nem\u016f\u017ee spravovat z\u00edskan\u00e9 skiny. Jde pouze o simulaci vytvo\u0159enou pro z\u00e1bavu, [&hellip;]<\/p>\n","protected":false},"author":1,"featured_media":0,"parent":0,"menu_order":0,"comment_status":"closed","ping_status":"closed","template":"templates\/features-template.php","meta":{"_acf_changed":false,"footnotes":""},"class_list":["post-378","page","type-page","status-publish","hentry"],"acf":[],"yoast_head":"<!-- This site is optimized with the Yoast SEO plugin v26.3 - https:\/\/yoast.com\/wordpress\/plugins\/seo\/ -->\n<title>CS2 (CS:GO) Online Simul\u00e1tor Otev\u00edr\u00e1n\u00ed Case | Bezplatn\u00fd Otev\u00edra\u010d Case<\/title>\n<meta name=\"description\" content=\"Vyzkou\u0161ej nejlep\u0161\u00ed CS2 (CS:GO) online simul\u00e1tor otev\u00edr\u00e1n\u00ed case. Pou\u017eij bezplatn\u00fd otev\u00edra\u010d case s re\u00e1ln\u00fdmi drop rate \u2013 bez stahov\u00e1n\u00ed a registrace. Otev\u00edrej hned te\u010f!\" \/>\n<meta name=\"robots\" content=\"index, follow, max-snippet:-1, max-image-preview:large, max-video-preview:-1\" \/>\n<link rel=\"canonical\" href=\"https:\/\/csgocasesimulator.com\/cs\/case-simulator\/\" \/>\n<meta property=\"og:locale\" content=\"cs_CZ\" \/>\n<meta property=\"og:type\" content=\"article\" \/>\n<meta property=\"og:title\" content=\"CS2 (CS:GO) Online Simul\u00e1tor Otev\u00edr\u00e1n\u00ed Case | Bezplatn\u00fd Otev\u00edra\u010d Case\" \/>\n<meta property=\"og:description\" content=\"Vyzkou\u0161ej nejlep\u0161\u00ed CS2 (CS:GO) online simul\u00e1tor otev\u00edr\u00e1n\u00ed case. Pou\u017eij bezplatn\u00fd otev\u00edra\u010d case s re\u00e1ln\u00fdmi drop rate \u2013 bez stahov\u00e1n\u00ed a registrace. Otev\u00edrej hned te\u010f!\" \/>\n<meta property=\"og:url\" content=\"https:\/\/csgocasesimulator.com\/cs\/case-simulator\/\" \/>\n<meta property=\"og:site_name\" content=\"CS2 Case Simulator\" \/>\n<meta property=\"article:modified_time\" content=\"2025-11-05T10:59:48+00:00\" \/>\n<meta name=\"twitter:card\" content=\"summary_large_image\" \/>\n<meta name=\"twitter:title\" content=\"CS2 (CS:GO) Online Simul\u00e1tor Otev\u00edr\u00e1n\u00ed Case | Bezplatn\u00fd Otev\u00edra\u010d Case\" \/>\n<meta name=\"twitter:description\" content=\"Vyzkou\u0161ej nejlep\u0161\u00ed CS2 (CS:GO) online simul\u00e1tor otev\u00edr\u00e1n\u00ed case. Pou\u017eij bezplatn\u00fd otev\u00edra\u010d case s re\u00e1ln\u00fdmi drop rate \u2013 bez stahov\u00e1n\u00ed a registrace. Otev\u00edrej hned te\u010f!\" \/>\n<script type=\"application\/ld+json\" class=\"yoast-schema-graph\">{\"@context\":\"https:\/\/schema.org\",\"@graph\":[{\"@type\":\"WebPage\",\"@id\":\"https:\/\/csgocasesimulator.com\/cs\/case-simulator\/\",\"url\":\"https:\/\/csgocasesimulator.com\/cs\/case-simulator\/\",\"name\":\"CS2 (CS:GO) Online Simul\u00e1tor Otev\u00edr\u00e1n\u00ed Case | Bezplatn\u00fd Otev\u00edra\u010d Case\",\"isPartOf\":{\"@id\":\"https:\/\/csgocasesimulator.com\/#website\"},\"datePublished\":\"2022-09-18T13:43:11+00:00\",\"dateModified\":\"2025-11-05T10:59:48+00:00\",\"description\":\"Vyzkou\u0161ej nejlep\u0161\u00ed CS2 (CS:GO) online simul\u00e1tor otev\u00edr\u00e1n\u00ed case. Pou\u017eij bezplatn\u00fd otev\u00edra\u010d case s re\u00e1ln\u00fdmi drop rate \u2013 bez stahov\u00e1n\u00ed a registrace. Otev\u00edrej hned te\u010f!\",\"breadcrumb\":{\"@id\":\"https:\/\/csgocasesimulator.com\/cs\/case-simulator\/#breadcrumb\"},\"inLanguage\":\"cs\",\"potentialAction\":[{\"@type\":\"ReadAction\",\"target\":[\"https:\/\/csgocasesimulator.com\/cs\/case-simulator\/\"]}]},{\"@type\":\"BreadcrumbList\",\"@id\":\"https:\/\/csgocasesimulator.com\/cs\/case-simulator\/#breadcrumb\",\"itemListElement\":[{\"@type\":\"ListItem\",\"position\":1,\"name\":\"Home\",\"item\":\"https:\/\/csgocasesimulator.com\/cs\/\"},{\"@type\":\"ListItem\",\"position\":2,\"name\":\"Case Simulator\"}]},{\"@type\":\"WebSite\",\"@id\":\"https:\/\/csgocasesimulator.com\/#website\",\"url\":\"https:\/\/csgocasesimulator.com\/\",\"name\":\"CS2 Case Simulator\",\"description\":\"CS2 Case Simulator\",\"potentialAction\":[{\"@type\":\"SearchAction\",\"target\":{\"@type\":\"EntryPoint\",\"urlTemplate\":\"https:\/\/csgocasesimulator.com\/?s={search_term_string}\"},\"query-input\":{\"@type\":\"PropertyValueSpecification\",\"valueRequired\":true,\"valueName\":\"search_term_string\"}}],\"inLanguage\":\"cs\"}]}<\/script>\n<!-- \/ Yoast SEO plugin. -->","yoast_head_json":{"title":"CS2 (CS:GO) Online Simul\u00e1tor Otev\u00edr\u00e1n\u00ed Case | Bezplatn\u00fd Otev\u00edra\u010d Case","description":"Vyzkou\u0161ej nejlep\u0161\u00ed CS2 (CS:GO) online simul\u00e1tor otev\u00edr\u00e1n\u00ed case. Pou\u017eij bezplatn\u00fd otev\u00edra\u010d case s re\u00e1ln\u00fdmi drop rate \u2013 bez stahov\u00e1n\u00ed a registrace. Otev\u00edrej hned te\u010f!","robots":{"index":"index","follow":"follow","max-snippet":"max-snippet:-1","max-image-preview":"max-image-preview:large","max-video-preview":"max-video-preview:-1"},"canonical":"https:\/\/csgocasesimulator.com\/cs\/case-simulator\/","og_locale":"cs_CZ","og_type":"article","og_title":"CS2 (CS:GO) Online Simul\u00e1tor Otev\u00edr\u00e1n\u00ed Case | Bezplatn\u00fd Otev\u00edra\u010d Case","og_description":"Vyzkou\u0161ej nejlep\u0161\u00ed CS2 (CS:GO) online simul\u00e1tor otev\u00edr\u00e1n\u00ed case. Pou\u017eij bezplatn\u00fd otev\u00edra\u010d case s re\u00e1ln\u00fdmi drop rate \u2013 bez stahov\u00e1n\u00ed a registrace. Otev\u00edrej hned te\u010f!","og_url":"https:\/\/csgocasesimulator.com\/cs\/case-simulator\/","og_site_name":"CS2 Case Simulator","article_modified_time":"2025-11-05T10:59:48+00:00","twitter_card":"summary_large_image","twitter_title":"CS2 (CS:GO) Online Simul\u00e1tor Otev\u00edr\u00e1n\u00ed Case | Bezplatn\u00fd Otev\u00edra\u010d Case","twitter_description":"Vyzkou\u0161ej nejlep\u0161\u00ed CS2 (CS:GO) online simul\u00e1tor otev\u00edr\u00e1n\u00ed case. Pou\u017eij bezplatn\u00fd otev\u00edra\u010d case s re\u00e1ln\u00fdmi drop rate \u2013 bez stahov\u00e1n\u00ed a registrace. Otev\u00edrej hned te\u010f!","schema":{"@context":"https:\/\/schema.org","@graph":[{"@type":"WebPage","@id":"https:\/\/csgocasesimulator.com\/cs\/case-simulator\/","url":"https:\/\/csgocasesimulator.com\/cs\/case-simulator\/","name":"CS2 (CS:GO) Online Simul\u00e1tor Otev\u00edr\u00e1n\u00ed Case | Bezplatn\u00fd Otev\u00edra\u010d Case","isPartOf":{"@id":"https:\/\/csgocasesimulator.com\/#website"},"datePublished":"2022-09-18T13:43:11+00:00","dateModified":"2025-11-05T10:59:48+00:00","description":"Vyzkou\u0161ej nejlep\u0161\u00ed CS2 (CS:GO) online simul\u00e1tor otev\u00edr\u00e1n\u00ed case. Pou\u017eij bezplatn\u00fd otev\u00edra\u010d case s re\u00e1ln\u00fdmi drop rate \u2013 bez stahov\u00e1n\u00ed a registrace. Otev\u00edrej hned te\u010f!","breadcrumb":{"@id":"https:\/\/csgocasesimulator.com\/cs\/case-simulator\/#breadcrumb"},"inLanguage":"cs","potentialAction":[{"@type":"ReadAction","target":["https:\/\/csgocasesimulator.com\/cs\/case-simulator\/"]}]},{"@type":"BreadcrumbList","@id":"https:\/\/csgocasesimulator.com\/cs\/case-simulator\/#breadcrumb","itemListElement":[{"@type":"ListItem","position":1,"name":"Home","item":"https:\/\/csgocasesimulator.com\/cs\/"},{"@type":"ListItem","position":2,"name":"Case Simulator"}]},{"@type":"WebSite","@id":"https:\/\/csgocasesimulator.com\/#website","url":"https:\/\/csgocasesimulator.com\/","name":"CS2 Case Simulator","description":"CS2 Case Simulator","potentialAction":[{"@type":"SearchAction","target":{"@type":"EntryPoint","urlTemplate":"https:\/\/csgocasesimulator.com\/?s={search_term_string}"},"query-input":{"@type":"PropertyValueSpecification","valueRequired":true,"valueName":"search_term_string"}}],"inLanguage":"cs"}]}},"_links":{"self":[{"href":"https:\/\/csgocasesimulator.com\/cs\/wp-json\/wp\/v2\/pages\/378","targetHints":{"allow":["GET"]}}],"collection":[{"href":"https:\/\/csgocasesimulator.com\/cs\/wp-json\/wp\/v2\/pages"}],"about":[{"href":"https:\/\/csgocasesimulator.com\/cs\/wp-json\/wp\/v2\/types\/page"}],"author":[{"embeddable":true,"href":"https:\/\/csgocasesimulator.com\/cs\/wp-json\/wp\/v2\/users\/1"}],"replies":[{"embeddable":true,"href":"https:\/\/csgocasesimulator.com\/cs\/wp-json\/wp\/v2\/comments?post=378"}],"version-history":[{"count":3,"href":"https:\/\/csgocasesimulator.com\/cs\/wp-json\/wp\/v2\/pages\/378\/revisions"}],"predecessor-version":[{"id":460,"href":"https:\/\/csgocasesimulator.com\/cs\/wp-json\/wp\/v2\/pages\/378\/revisions\/460"}],"wp:attachment":[{"href":"https:\/\/csgocasesimulator.com\/cs\/wp-json\/wp\/v2\/media?parent=378"}],"curies":[{"name":"wp","href":"https:\/\/api.w.org\/{rel}","templated":true}]}}