{"id":376,"date":"2022-09-16T08:35:37","date_gmt":"2022-09-16T08:35:37","guid":{"rendered":"https:\/\/csgocasesimulator.com\/home-page\/"},"modified":"2025-09-17T16:51:33","modified_gmt":"2025-09-17T16:51:33","slug":"home-page","status":"publish","type":"page","link":"https:\/\/csgocasesimulator.com\/cs\/","title":{"rendered":"Home Page"},"content":{"rendered":"","protected":false},"excerpt":{"rendered":"","protected":false},"author":1,"featured_media":0,"parent":0,"menu_order":0,"comment_status":"closed","ping_status":"closed","template":"templates\/home-template.php","meta":{"_acf_changed":false,"footnotes":""},"class_list":["post-376","page","type-page","status-publish","hentry"],"acf":[],"yoast_head":"<!-- This site is optimized with the Yoast SEO plugin v26.3 - https:\/\/yoast.com\/wordpress\/plugins\/seo\/ -->\n<title>CS2 (CS:GO) Simul\u00e1tor Otev\u00edr\u00e1n\u00ed Case: Z\u00edskej Aplikaci CS2 Case Opener<\/title>\n<meta name=\"description\" content=\"Pou\u017eij n\u00e1\u0161 CS2 (CS:GO) simul\u00e1tor otev\u00edr\u00e1n\u00ed case pro odemyk\u00e1n\u00ed vz\u00e1cn\u00fdch skin\u016f. St\u00e1hni si nejlep\u0161\u00ed CS2 aplikaci pro otev\u00edr\u00e1n\u00ed case a hraj tu nejnap\u00ednav\u011bj\u0161\u00ed hru s otev\u00edr\u00e1n\u00edm case.\" \/>\n<meta name=\"robots\" content=\"index, follow, max-snippet:-1, max-image-preview:large, max-video-preview:-1\" \/>\n<link rel=\"canonical\" href=\"https:\/\/csgocasesimulator.com\/cs\/\" \/>\n<meta property=\"og:locale\" content=\"cs_CZ\" \/>\n<meta property=\"og:type\" content=\"article\" \/>\n<meta property=\"og:title\" content=\"CS2 (CS:GO) Simul\u00e1tor Otev\u00edr\u00e1n\u00ed Case: Z\u00edskej Aplikaci CS2 Case Opener\" \/>\n<meta property=\"og:description\" content=\"Pou\u017eij n\u00e1\u0161 CS2 (CS:GO) simul\u00e1tor otev\u00edr\u00e1n\u00ed case pro odemyk\u00e1n\u00ed vz\u00e1cn\u00fdch skin\u016f. St\u00e1hni si nejlep\u0161\u00ed CS2 aplikaci pro otev\u00edr\u00e1n\u00ed case a hraj tu nejnap\u00ednav\u011bj\u0161\u00ed hru s otev\u00edr\u00e1n\u00edm case.\" \/>\n<meta property=\"og:url\" content=\"https:\/\/csgocasesimulator.com\/cs\/\" \/>\n<meta property=\"og:site_name\" content=\"CS2 Case Simulator\" \/>\n<meta property=\"article:modified_time\" content=\"2025-09-17T16:51:33+00:00\" \/>\n<meta name=\"twitter:card\" content=\"summary_large_image\" \/>\n<meta name=\"twitter:title\" content=\"CS2 (CS:GO) Simul\u00e1tor Otev\u00edr\u00e1n\u00ed Case: Z\u00edskej Aplikaci CS2 Case Opener\" \/>\n<meta name=\"twitter:description\" content=\"Pou\u017eij n\u00e1\u0161 CS2 (CS:GO) simul\u00e1tor otev\u00edr\u00e1n\u00ed case pro odemyk\u00e1n\u00ed vz\u00e1cn\u00fdch skin\u016f. St\u00e1hni si nejlep\u0161\u00ed CS2 aplikaci pro otev\u00edr\u00e1n\u00ed case a hraj tu nejnap\u00ednav\u011bj\u0161\u00ed hru s otev\u00edr\u00e1n\u00edm case.\" \/>\n<script type=\"application\/ld+json\" class=\"yoast-schema-graph\">{\"@context\":\"https:\/\/schema.org\",\"@graph\":[{\"@type\":\"WebPage\",\"@id\":\"https:\/\/csgocasesimulator.com\/cs\/\",\"url\":\"https:\/\/csgocasesimulator.com\/cs\/\",\"name\":\"CS2 (CS:GO) Simul\u00e1tor Otev\u00edr\u00e1n\u00ed Case: Z\u00edskej Aplikaci CS2 Case Opener\",\"isPartOf\":{\"@id\":\"https:\/\/csgocasesimulator.com\/#website\"},\"datePublished\":\"2022-09-16T08:35:37+00:00\",\"dateModified\":\"2025-09-17T16:51:33+00:00\",\"description\":\"Pou\u017eij n\u00e1\u0161 CS2 (CS:GO) simul\u00e1tor otev\u00edr\u00e1n\u00ed case pro odemyk\u00e1n\u00ed vz\u00e1cn\u00fdch skin\u016f. St\u00e1hni si nejlep\u0161\u00ed CS2 aplikaci pro otev\u00edr\u00e1n\u00ed case a hraj tu nejnap\u00ednav\u011bj\u0161\u00ed hru s otev\u00edr\u00e1n\u00edm case.\",\"breadcrumb\":{\"@id\":\"https:\/\/csgocasesimulator.com\/cs\/#breadcrumb\"},\"inLanguage\":\"cs\",\"potentialAction\":[{\"@type\":\"ReadAction\",\"target\":[\"https:\/\/csgocasesimulator.com\/cs\/\"]}]},{\"@type\":\"BreadcrumbList\",\"@id\":\"https:\/\/csgocasesimulator.com\/cs\/#breadcrumb\",\"itemListElement\":[{\"@type\":\"ListItem\",\"position\":1,\"name\":\"Home\",\"item\":\"https:\/\/csgocasesimulator.com\/cs\/\"},{\"@type\":\"ListItem\",\"position\":2,\"name\":\"Home Page\"}]},{\"@type\":\"WebSite\",\"@id\":\"https:\/\/csgocasesimulator.com\/#website\",\"url\":\"https:\/\/csgocasesimulator.com\/\",\"name\":\"CS2 Case Simulator\",\"description\":\"CS2 Case Simulator\",\"potentialAction\":[{\"@type\":\"SearchAction\",\"target\":{\"@type\":\"EntryPoint\",\"urlTemplate\":\"https:\/\/csgocasesimulator.com\/?s={search_term_string}\"},\"query-input\":{\"@type\":\"PropertyValueSpecification\",\"valueRequired\":true,\"valueName\":\"search_term_string\"}}],\"inLanguage\":\"cs\"}]}<\/script>\n<!-- \/ Yoast SEO plugin. -->","yoast_head_json":{"title":"CS2 (CS:GO) Simul\u00e1tor Otev\u00edr\u00e1n\u00ed Case: Z\u00edskej Aplikaci CS2 Case Opener","description":"Pou\u017eij n\u00e1\u0161 CS2 (CS:GO) simul\u00e1tor otev\u00edr\u00e1n\u00ed case pro odemyk\u00e1n\u00ed vz\u00e1cn\u00fdch skin\u016f. St\u00e1hni si nejlep\u0161\u00ed CS2 aplikaci pro otev\u00edr\u00e1n\u00ed case a hraj tu nejnap\u00ednav\u011bj\u0161\u00ed hru s otev\u00edr\u00e1n\u00edm case.","robots":{"index":"index","follow":"follow","max-snippet":"max-snippet:-1","max-image-preview":"max-image-preview:large","max-video-preview":"max-video-preview:-1"},"canonical":"https:\/\/csgocasesimulator.com\/cs\/","og_locale":"cs_CZ","og_type":"article","og_title":"CS2 (CS:GO) Simul\u00e1tor Otev\u00edr\u00e1n\u00ed Case: Z\u00edskej Aplikaci CS2 Case Opener","og_description":"Pou\u017eij n\u00e1\u0161 CS2 (CS:GO) simul\u00e1tor otev\u00edr\u00e1n\u00ed case pro odemyk\u00e1n\u00ed vz\u00e1cn\u00fdch skin\u016f. St\u00e1hni si nejlep\u0161\u00ed CS2 aplikaci pro otev\u00edr\u00e1n\u00ed case a hraj tu nejnap\u00ednav\u011bj\u0161\u00ed hru s otev\u00edr\u00e1n\u00edm case.","og_url":"https:\/\/csgocasesimulator.com\/cs\/","og_site_name":"CS2 Case Simulator","article_modified_time":"2025-09-17T16:51:33+00:00","twitter_card":"summary_large_image","twitter_title":"CS2 (CS:GO) Simul\u00e1tor Otev\u00edr\u00e1n\u00ed Case: Z\u00edskej Aplikaci CS2 Case Opener","twitter_description":"Pou\u017eij n\u00e1\u0161 CS2 (CS:GO) simul\u00e1tor otev\u00edr\u00e1n\u00ed case pro odemyk\u00e1n\u00ed vz\u00e1cn\u00fdch skin\u016f. St\u00e1hni si nejlep\u0161\u00ed CS2 aplikaci pro otev\u00edr\u00e1n\u00ed case a hraj tu nejnap\u00ednav\u011bj\u0161\u00ed hru s otev\u00edr\u00e1n\u00edm case.","schema":{"@context":"https:\/\/schema.org","@graph":[{"@type":"WebPage","@id":"https:\/\/csgocasesimulator.com\/cs\/","url":"https:\/\/csgocasesimulator.com\/cs\/","name":"CS2 (CS:GO) Simul\u00e1tor Otev\u00edr\u00e1n\u00ed Case: Z\u00edskej Aplikaci CS2 Case Opener","isPartOf":{"@id":"https:\/\/csgocasesimulator.com\/#website"},"datePublished":"2022-09-16T08:35:37+00:00","dateModified":"2025-09-17T16:51:33+00:00","description":"Pou\u017eij n\u00e1\u0161 CS2 (CS:GO) simul\u00e1tor otev\u00edr\u00e1n\u00ed case pro odemyk\u00e1n\u00ed vz\u00e1cn\u00fdch skin\u016f. St\u00e1hni si nejlep\u0161\u00ed CS2 aplikaci pro otev\u00edr\u00e1n\u00ed case a hraj tu nejnap\u00ednav\u011bj\u0161\u00ed hru s otev\u00edr\u00e1n\u00edm case.","breadcrumb":{"@id":"https:\/\/csgocasesimulator.com\/cs\/#breadcrumb"},"inLanguage":"cs","potentialAction":[{"@type":"ReadAction","target":["https:\/\/csgocasesimulator.com\/cs\/"]}]},{"@type":"BreadcrumbList","@id":"https:\/\/csgocasesimulator.com\/cs\/#breadcrumb","itemListElement":[{"@type":"ListItem","position":1,"name":"Home","item":"https:\/\/csgocasesimulator.com\/cs\/"},{"@type":"ListItem","position":2,"name":"Home Page"}]},{"@type":"WebSite","@id":"https:\/\/csgocasesimulator.com\/#website","url":"https:\/\/csgocasesimulator.com\/","name":"CS2 Case Simulator","description":"CS2 Case Simulator","potentialAction":[{"@type":"SearchAction","target":{"@type":"EntryPoint","urlTemplate":"https:\/\/csgocasesimulator.com\/?s={search_term_string}"},"query-input":{"@type":"PropertyValueSpecification","valueRequired":true,"valueName":"search_term_string"}}],"inLanguage":"cs"}]}},"_links":{"self":[{"href":"https:\/\/csgocasesimulator.com\/cs\/wp-json\/wp\/v2\/pages\/376","targetHints":{"allow":["GET"]}}],"collection":[{"href":"https:\/\/csgocasesimulator.com\/cs\/wp-json\/wp\/v2\/pages"}],"about":[{"href":"https:\/\/csgocasesimulator.com\/cs\/wp-json\/wp\/v2\/types\/page"}],"author":[{"embeddable":true,"href":"https:\/\/csgocasesimulator.com\/cs\/wp-json\/wp\/v2\/users\/1"}],"replies":[{"embeddable":true,"href":"https:\/\/csgocasesimulator.com\/cs\/wp-json\/wp\/v2\/comments?post=376"}],"version-history":[{"count":2,"href":"https:\/\/csgocasesimulator.com\/cs\/wp-json\/wp\/v2\/pages\/376\/revisions"}],"predecessor-version":[{"id":380,"href":"https:\/\/csgocasesimulator.com\/cs\/wp-json\/wp\/v2\/pages\/376\/revisions\/380"}],"wp:attachment":[{"href":"https:\/\/csgocasesimulator.com\/cs\/wp-json\/wp\/v2\/media?parent=376"}],"curies":[{"name":"wp","href":"https:\/\/api.w.org\/{rel}","templated":true}]}}